{"id":1032,"date":"2021-10-01T18:29:18","date_gmt":"2021-10-01T18:29:18","guid":{"rendered":"http:\/\/jezevcik.zkyjova.cz\/subdom\/jezevcik\/?page_id=1032"},"modified":"2026-01-12T17:01:07","modified_gmt":"2026-01-12T17:01:07","slug":"uspechy-odchovu","status":"publish","type":"page","link":"https:\/\/jezevcik.zkyjova.cz\/subdom\/jezevcik\/uspechy-odchovu\/","title":{"rendered":"\u00dasp\u011bchy odchov\u016f"},"content":{"rendered":"<h1>BAILEY MARYACELL<\/h1>\n<h6><a href=\"https:\/\/jezevcik.zkyjova.cz\/subdom\/jezevcik\/wp-content\/uploads\/2025\/10\/Bailey_9-25-scaled.jpg\"><img loading=\"lazy\" decoding=\"async\" class=\"alignnone size-full wp-image-2129\" src=\"https:\/\/jezevcik.zkyjova.cz\/subdom\/jezevcik\/wp-content\/uploads\/2025\/10\/Bailey_9-25-scaled.jpg\" alt=\"\" width=\"1921\" height=\"2560\" srcset=\"https:\/\/jezevcik.zkyjova.cz\/subdom\/jezevcik\/wp-content\/uploads\/2025\/10\/Bailey_9-25-scaled.jpg 1921w, https:\/\/jezevcik.zkyjova.cz\/subdom\/jezevcik\/wp-content\/uploads\/2025\/10\/Bailey_9-25-225x300.jpg 225w, https:\/\/jezevcik.zkyjova.cz\/subdom\/jezevcik\/wp-content\/uploads\/2025\/10\/Bailey_9-25-768x1023.jpg 768w, https:\/\/jezevcik.zkyjova.cz\/subdom\/jezevcik\/wp-content\/uploads\/2025\/10\/Bailey_9-25-1153x1536.jpg 1153w, https:\/\/jezevcik.zkyjova.cz\/subdom\/jezevcik\/wp-content\/uploads\/2025\/10\/Bailey_9-25-1537x2048.jpg 1537w\" sizes=\"auto, (max-width: 706px) 89vw, (max-width: 767px) 82vw, 740px\" \/><\/a><\/h6>\n<h2><strong>Kryt\u00ed:<\/strong><\/h2>\n<p><em><strong>PICCOLO GITANO &#8222;L&#8220;<\/strong>\u00a0 x\u00a0 Zahara Zoey Piccolo Gitano<\/em><\/p>\n<p>2 kluci\/ 3 holky<\/p>\n<p><em><strong>Z MASE\u010c\u00cdNSK\u00c9HO HVOZDU &#8222;A&#8220;<\/strong>\u00a0 x Imunita Elizabeth Valentinka<\/em><\/p>\n<p>3 holky\/ 2 kluci<\/p>\n<p><strong>HASAJA &#8222;L&#8220;<\/strong> x Abbydail Str\u00e1ne spod Plie\u0161ky<\/p>\n<p>&nbsp;<\/p>\n<h2>BRADLEY MARYACELL (Gust\u00edk)<\/h2>\n<h6>CHOVN\u00dd PES &#8211; 1m\/X2\/5-DRK &#8211; 3,80 kg, 32cm<\/h6>\n<p>VD1<\/p>\n<p>23.5.2023 Svod loveck\u00fdch ps\u016f Brunt\u00e1l, D. Sm\u00e9kal<\/p>\n<p><a href=\"https:\/\/jezevcik.zkyjova.cz\/subdom\/jezevcik\/wp-content\/uploads\/2024\/03\/IMG_7394_001logo-scaled.jpg\"><img loading=\"lazy\" decoding=\"async\" class=\"alignnone wp-image-1824\" src=\"https:\/\/jezevcik.zkyjova.cz\/subdom\/jezevcik\/wp-content\/uploads\/2024\/03\/IMG_7394_001logo-scaled.jpg\" alt=\"\" width=\"500\" height=\"333\" srcset=\"https:\/\/jezevcik.zkyjova.cz\/subdom\/jezevcik\/wp-content\/uploads\/2024\/03\/IMG_7394_001logo-scaled.jpg 2560w, https:\/\/jezevcik.zkyjova.cz\/subdom\/jezevcik\/wp-content\/uploads\/2024\/03\/IMG_7394_001logo-300x200.jpg 300w, https:\/\/jezevcik.zkyjova.cz\/subdom\/jezevcik\/wp-content\/uploads\/2024\/03\/IMG_7394_001logo-1024x683.jpg 1024w, https:\/\/jezevcik.zkyjova.cz\/subdom\/jezevcik\/wp-content\/uploads\/2024\/03\/IMG_7394_001logo-768x512.jpg 768w, https:\/\/jezevcik.zkyjova.cz\/subdom\/jezevcik\/wp-content\/uploads\/2024\/03\/IMG_7394_001logo-1536x1024.jpg 1536w, https:\/\/jezevcik.zkyjova.cz\/subdom\/jezevcik\/wp-content\/uploads\/2024\/03\/IMG_7394_001logo-2048x1365.jpg 2048w\" sizes=\"auto, (max-width: 500px) 100vw, 500px\" \/>\u00a0\u00a0<\/a> <a href=\"https:\/\/jezevcik.zkyjova.cz\/subdom\/jezevcik\/wp-content\/uploads\/2024\/03\/IMG_7566_001logo-scaled.jpg\"><img loading=\"lazy\" decoding=\"async\" class=\"alignnone wp-image-1825\" src=\"https:\/\/jezevcik.zkyjova.cz\/subdom\/jezevcik\/wp-content\/uploads\/2024\/03\/IMG_7566_001logo-scaled.jpg\" alt=\"\" width=\"251\" height=\"167\" srcset=\"https:\/\/jezevcik.zkyjova.cz\/subdom\/jezevcik\/wp-content\/uploads\/2024\/03\/IMG_7566_001logo-scaled.jpg 2560w, https:\/\/jezevcik.zkyjova.cz\/subdom\/jezevcik\/wp-content\/uploads\/2024\/03\/IMG_7566_001logo-300x200.jpg 300w, https:\/\/jezevcik.zkyjova.cz\/subdom\/jezevcik\/wp-content\/uploads\/2024\/03\/IMG_7566_001logo-1024x683.jpg 1024w, https:\/\/jezevcik.zkyjova.cz\/subdom\/jezevcik\/wp-content\/uploads\/2024\/03\/IMG_7566_001logo-768x512.jpg 768w, https:\/\/jezevcik.zkyjova.cz\/subdom\/jezevcik\/wp-content\/uploads\/2024\/03\/IMG_7566_001logo-1536x1024.jpg 1536w, https:\/\/jezevcik.zkyjova.cz\/subdom\/jezevcik\/wp-content\/uploads\/2024\/03\/IMG_7566_001logo-2048x1365.jpg 2048w\" sizes=\"auto, (max-width: 251px) 100vw, 251px\" \/><\/a> <a href=\"https:\/\/jezevcik.zkyjova.cz\/subdom\/jezevcik\/wp-content\/uploads\/2024\/03\/IMG_7571_001logo-scaled.jpg\"><img loading=\"lazy\" decoding=\"async\" class=\"alignnone wp-image-1826\" src=\"https:\/\/jezevcik.zkyjova.cz\/subdom\/jezevcik\/wp-content\/uploads\/2024\/03\/IMG_7571_001logo-scaled.jpg\" alt=\"\" width=\"249\" height=\"166\" srcset=\"https:\/\/jezevcik.zkyjova.cz\/subdom\/jezevcik\/wp-content\/uploads\/2024\/03\/IMG_7571_001logo-scaled.jpg 2560w, https:\/\/jezevcik.zkyjova.cz\/subdom\/jezevcik\/wp-content\/uploads\/2024\/03\/IMG_7571_001logo-300x200.jpg 300w, https:\/\/jezevcik.zkyjova.cz\/subdom\/jezevcik\/wp-content\/uploads\/2024\/03\/IMG_7571_001logo-1024x683.jpg 1024w, https:\/\/jezevcik.zkyjova.cz\/subdom\/jezevcik\/wp-content\/uploads\/2024\/03\/IMG_7571_001logo-768x512.jpg 768w, https:\/\/jezevcik.zkyjova.cz\/subdom\/jezevcik\/wp-content\/uploads\/2024\/03\/IMG_7571_001logo-1536x1024.jpg 1536w, https:\/\/jezevcik.zkyjova.cz\/subdom\/jezevcik\/wp-content\/uploads\/2024\/03\/IMG_7571_001logo-2048x1365.jpg 2048w\" sizes=\"auto, (max-width: 249px) 100vw, 249px\" \/> \u00a0<\/a><a href=\"https:\/\/jezevcik.zkyjova.cz\/subdom\/jezevcik\/wp-content\/uploads\/2024\/06\/Screenshot_20240622_133024_Instagram.jpg\"><img loading=\"lazy\" decoding=\"async\" class=\"alignnone wp-image-2047\" src=\"https:\/\/jezevcik.zkyjova.cz\/subdom\/jezevcik\/wp-content\/uploads\/2024\/06\/Screenshot_20240622_133024_Instagram.jpg\" alt=\"\" width=\"169\" height=\"166\" srcset=\"https:\/\/jezevcik.zkyjova.cz\/subdom\/jezevcik\/wp-content\/uploads\/2024\/06\/Screenshot_20240622_133024_Instagram.jpg 1079w, https:\/\/jezevcik.zkyjova.cz\/subdom\/jezevcik\/wp-content\/uploads\/2024\/06\/Screenshot_20240622_133024_Instagram-300x296.jpg 300w, https:\/\/jezevcik.zkyjova.cz\/subdom\/jezevcik\/wp-content\/uploads\/2024\/06\/Screenshot_20240622_133024_Instagram-1024x1009.jpg 1024w, https:\/\/jezevcik.zkyjova.cz\/subdom\/jezevcik\/wp-content\/uploads\/2024\/06\/Screenshot_20240622_133024_Instagram-768x757.jpg 768w\" sizes=\"auto, (max-width: 169px) 100vw, 169px\" \/><\/a><\/p>\n<h6>ZKOU\u0160KY<\/h6>\n<p>15.5.2024\u00a0 ZN, OMS Opava &#8211; I. cena, 84 b., v\u00edt\u011bz zkou\u0161ek, \u010das 8:45s<\/p>\n<p>x.9.2024 BZ, OMS Opava &#8211;<\/p>\n<p><a href=\"https:\/\/jezevcik.zkyjova.cz\/subdom\/jezevcik\/wp-content\/uploads\/2023\/05\/343544394_1839406839793878_5872761625437110060_n-1.jpg\"><img loading=\"lazy\" decoding=\"async\" class=\"alignnone wp-image-1645\" src=\"https:\/\/jezevcik.zkyjova.cz\/subdom\/jezevcik\/wp-content\/uploads\/2023\/05\/343544394_1839406839793878_5872761625437110060_n-1.jpg\" alt=\"\" width=\"151\" height=\"202\" srcset=\"https:\/\/jezevcik.zkyjova.cz\/subdom\/jezevcik\/wp-content\/uploads\/2023\/05\/343544394_1839406839793878_5872761625437110060_n-1.jpg 1532w, https:\/\/jezevcik.zkyjova.cz\/subdom\/jezevcik\/wp-content\/uploads\/2023\/05\/343544394_1839406839793878_5872761625437110060_n-1-224x300.jpg 224w, https:\/\/jezevcik.zkyjova.cz\/subdom\/jezevcik\/wp-content\/uploads\/2023\/05\/343544394_1839406839793878_5872761625437110060_n-1-766x1024.jpg 766w, https:\/\/jezevcik.zkyjova.cz\/subdom\/jezevcik\/wp-content\/uploads\/2023\/05\/343544394_1839406839793878_5872761625437110060_n-1-768x1027.jpg 768w, https:\/\/jezevcik.zkyjova.cz\/subdom\/jezevcik\/wp-content\/uploads\/2023\/05\/343544394_1839406839793878_5872761625437110060_n-1-1149x1536.jpg 1149w\" sizes=\"auto, (max-width: 151px) 100vw, 151px\" \/> <\/a><a href=\"https:\/\/jezevcik.zkyjova.cz\/subdom\/jezevcik\/wp-content\/uploads\/2024\/03\/20240330_112927-scaled.jpg\"><img loading=\"lazy\" decoding=\"async\" class=\"alignnone wp-image-1821\" src=\"https:\/\/jezevcik.zkyjova.cz\/subdom\/jezevcik\/wp-content\/uploads\/2024\/03\/20240330_112927-scaled.jpg\" alt=\"\" width=\"141\" height=\"201\" srcset=\"https:\/\/jezevcik.zkyjova.cz\/subdom\/jezevcik\/wp-content\/uploads\/2024\/03\/20240330_112927-scaled.jpg 1793w, https:\/\/jezevcik.zkyjova.cz\/subdom\/jezevcik\/wp-content\/uploads\/2024\/03\/20240330_112927-210x300.jpg 210w, https:\/\/jezevcik.zkyjova.cz\/subdom\/jezevcik\/wp-content\/uploads\/2024\/03\/20240330_112927-717x1024.jpg 717w, https:\/\/jezevcik.zkyjova.cz\/subdom\/jezevcik\/wp-content\/uploads\/2024\/03\/20240330_112927-768x1096.jpg 768w, https:\/\/jezevcik.zkyjova.cz\/subdom\/jezevcik\/wp-content\/uploads\/2024\/03\/20240330_112927-1076x1536.jpg 1076w, https:\/\/jezevcik.zkyjova.cz\/subdom\/jezevcik\/wp-content\/uploads\/2024\/03\/20240330_112927-1435x2048.jpg 1435w\" sizes=\"auto, (max-width: 141px) 100vw, 141px\" \/>\u00a0 <\/a><a href=\"https:\/\/jezevcik.zkyjova.cz\/subdom\/jezevcik\/wp-content\/uploads\/2024\/03\/IMG_7433_001-scaled.jpg\"><img loading=\"lazy\" decoding=\"async\" class=\"alignnone wp-image-1822\" src=\"https:\/\/jezevcik.zkyjova.cz\/subdom\/jezevcik\/wp-content\/uploads\/2024\/03\/IMG_7433_001-scaled.jpg\" alt=\"\" width=\"209\" height=\"139\" srcset=\"https:\/\/jezevcik.zkyjova.cz\/subdom\/jezevcik\/wp-content\/uploads\/2024\/03\/IMG_7433_001-scaled.jpg 2560w, https:\/\/jezevcik.zkyjova.cz\/subdom\/jezevcik\/wp-content\/uploads\/2024\/03\/IMG_7433_001-300x200.jpg 300w, https:\/\/jezevcik.zkyjova.cz\/subdom\/jezevcik\/wp-content\/uploads\/2024\/03\/IMG_7433_001-1024x681.jpg 1024w, https:\/\/jezevcik.zkyjova.cz\/subdom\/jezevcik\/wp-content\/uploads\/2024\/03\/IMG_7433_001-768x511.jpg 768w, https:\/\/jezevcik.zkyjova.cz\/subdom\/jezevcik\/wp-content\/uploads\/2024\/03\/IMG_7433_001-1536x1022.jpg 1536w, https:\/\/jezevcik.zkyjova.cz\/subdom\/jezevcik\/wp-content\/uploads\/2024\/03\/IMG_7433_001-2048x1363.jpg 2048w\" sizes=\"auto, (max-width: 209px) 100vw, 209px\" \/> <\/a><a href=\"https:\/\/jezevcik.zkyjova.cz\/subdom\/jezevcik\/wp-content\/uploads\/2024\/06\/IMG-20240616-WA0008.jpg\"><img loading=\"lazy\" decoding=\"async\" class=\"alignnone wp-image-2046\" src=\"https:\/\/jezevcik.zkyjova.cz\/subdom\/jezevcik\/wp-content\/uploads\/2024\/06\/IMG-20240616-WA0008.jpg\" alt=\"\" width=\"206\" height=\"170\" srcset=\"https:\/\/jezevcik.zkyjova.cz\/subdom\/jezevcik\/wp-content\/uploads\/2024\/06\/IMG-20240616-WA0008.jpg 1536w, https:\/\/jezevcik.zkyjova.cz\/subdom\/jezevcik\/wp-content\/uploads\/2024\/06\/IMG-20240616-WA0008-300x247.jpg 300w, https:\/\/jezevcik.zkyjova.cz\/subdom\/jezevcik\/wp-content\/uploads\/2024\/06\/IMG-20240616-WA0008-1024x845.jpg 1024w, https:\/\/jezevcik.zkyjova.cz\/subdom\/jezevcik\/wp-content\/uploads\/2024\/06\/IMG-20240616-WA0008-768x634.jpg 768w\" sizes=\"auto, (max-width: 206px) 100vw, 206px\" \/><\/a><\/p>\n<hr \/>\n<h2>ASLAN MARYACELL (Ferda)<\/h2>\n<h6>KANDID\u00c1T CHOVU &#8211; 0n\/O6P1\/5-DRT &#8211; 4,40 kg, 32cm<\/h6>\n<p>V\u00edt\u011bz mezit\u0159\u00eddy, Oblastn\u00ed v\u00edt\u011bz, V1, VD1<\/p>\n<h4><a href=\"https:\/\/jezevcik.zkyjova.cz\/subdom\/jezevcik\/wp-content\/uploads\/2021\/10\/IMG_9771.jpg\"><img loading=\"lazy\" decoding=\"async\" class=\"alignnone wp-image-1033\" src=\"https:\/\/jezevcik.zkyjova.cz\/subdom\/jezevcik\/wp-content\/uploads\/2021\/10\/IMG_9771.jpg\" alt=\"\" width=\"500\" height=\"334\" srcset=\"https:\/\/jezevcik.zkyjova.cz\/subdom\/jezevcik\/wp-content\/uploads\/2021\/10\/IMG_9771.jpg 6000w, https:\/\/jezevcik.zkyjova.cz\/subdom\/jezevcik\/wp-content\/uploads\/2021\/10\/IMG_9771-300x200.jpg 300w, https:\/\/jezevcik.zkyjova.cz\/subdom\/jezevcik\/wp-content\/uploads\/2021\/10\/IMG_9771-768x512.jpg 768w, https:\/\/jezevcik.zkyjova.cz\/subdom\/jezevcik\/wp-content\/uploads\/2021\/10\/IMG_9771-1024x683.jpg 1024w\" sizes=\"auto, (max-width: 500px) 100vw, 500px\" \/>\u00a0\u00a0<\/a><a href=\"https:\/\/jezevcik.zkyjova.cz\/subdom\/jezevcik\/wp-content\/uploads\/2021\/10\/IMG_9794.jpg\"><img loading=\"lazy\" decoding=\"async\" class=\"alignnone wp-image-1035\" src=\"https:\/\/jezevcik.zkyjova.cz\/subdom\/jezevcik\/wp-content\/uploads\/2021\/10\/IMG_9794.jpg\" alt=\"\" width=\"239\" height=\"159\" srcset=\"https:\/\/jezevcik.zkyjova.cz\/subdom\/jezevcik\/wp-content\/uploads\/2021\/10\/IMG_9794.jpg 6000w, https:\/\/jezevcik.zkyjova.cz\/subdom\/jezevcik\/wp-content\/uploads\/2021\/10\/IMG_9794-300x200.jpg 300w, https:\/\/jezevcik.zkyjova.cz\/subdom\/jezevcik\/wp-content\/uploads\/2021\/10\/IMG_9794-768x512.jpg 768w, https:\/\/jezevcik.zkyjova.cz\/subdom\/jezevcik\/wp-content\/uploads\/2021\/10\/IMG_9794-1024x683.jpg 1024w\" sizes=\"auto, (max-width: 239px) 100vw, 239px\" \/>\u00a0\u00a0<\/a><a style=\"font-size: 1rem;\" href=\"https:\/\/jezevcik.zkyjova.cz\/subdom\/jezevcik\/wp-content\/uploads\/2023\/07\/Screenshot_20230718_191956_ReadEra-rotated.jpg\"><img loading=\"lazy\" decoding=\"async\" class=\"alignnone wp-image-1674\" src=\"https:\/\/jezevcik.zkyjova.cz\/subdom\/jezevcik\/wp-content\/uploads\/2023\/07\/Screenshot_20230718_191956_ReadEra-rotated.jpg\" alt=\"\" width=\"243\" height=\"157\" srcset=\"https:\/\/jezevcik.zkyjova.cz\/subdom\/jezevcik\/wp-content\/uploads\/2023\/07\/Screenshot_20230718_191956_ReadEra-rotated.jpg 1668w, https:\/\/jezevcik.zkyjova.cz\/subdom\/jezevcik\/wp-content\/uploads\/2023\/07\/Screenshot_20230718_191956_ReadEra-300x194.jpg 300w, https:\/\/jezevcik.zkyjova.cz\/subdom\/jezevcik\/wp-content\/uploads\/2023\/07\/Screenshot_20230718_191956_ReadEra-1024x662.jpg 1024w, https:\/\/jezevcik.zkyjova.cz\/subdom\/jezevcik\/wp-content\/uploads\/2023\/07\/Screenshot_20230718_191956_ReadEra-768x497.jpg 768w, https:\/\/jezevcik.zkyjova.cz\/subdom\/jezevcik\/wp-content\/uploads\/2023\/07\/Screenshot_20230718_191956_ReadEra-1536x994.jpg 1536w\" sizes=\"auto, (max-width: 243px) 100vw, 243px\" \/><\/a> <a style=\"font-size: 1rem;\" href=\"https:\/\/jezevcik.zkyjova.cz\/subdom\/jezevcik\/wp-content\/uploads\/2023\/07\/Screenshot_20230718_192029_ReadEra.jpg\"><img loading=\"lazy\" decoding=\"async\" class=\"alignnone wp-image-1675\" src=\"https:\/\/jezevcik.zkyjova.cz\/subdom\/jezevcik\/wp-content\/uploads\/2023\/07\/Screenshot_20230718_192029_ReadEra.jpg\" alt=\"\" width=\"150\" height=\"222\" srcset=\"https:\/\/jezevcik.zkyjova.cz\/subdom\/jezevcik\/wp-content\/uploads\/2023\/07\/Screenshot_20230718_192029_ReadEra.jpg 1079w, https:\/\/jezevcik.zkyjova.cz\/subdom\/jezevcik\/wp-content\/uploads\/2023\/07\/Screenshot_20230718_192029_ReadEra-202x300.jpg 202w, https:\/\/jezevcik.zkyjova.cz\/subdom\/jezevcik\/wp-content\/uploads\/2023\/07\/Screenshot_20230718_192029_ReadEra-691x1024.jpg 691w, https:\/\/jezevcik.zkyjova.cz\/subdom\/jezevcik\/wp-content\/uploads\/2023\/07\/Screenshot_20230718_192029_ReadEra-768x1139.jpg 768w, https:\/\/jezevcik.zkyjova.cz\/subdom\/jezevcik\/wp-content\/uploads\/2023\/07\/Screenshot_20230718_192029_ReadEra-1036x1536.jpg 1036w\" sizes=\"auto, (max-width: 150px) 100vw, 150px\" \/><\/a><\/h4>\n","protected":false},"excerpt":{"rendered":"<p>BAILEY MARYACELL Kryt\u00ed: PICCOLO GITANO &#8222;L&#8220;\u00a0 x\u00a0 Zahara Zoey Piccolo Gitano 2 kluci\/ 3 holky Z MASE\u010c\u00cdNSK\u00c9HO HVOZDU &#8222;A&#8220;\u00a0 x Imunita Elizabeth Valentinka 3 holky\/ 2 kluci HASAJA &#8222;L&#8220; x Abbydail Str\u00e1ne spod Plie\u0161ky &nbsp; BRADLEY MARYACELL (Gust\u00edk) CHOVN\u00dd PES &#8211; 1m\/X2\/5-DRK &#8211; 3,80 kg, 32cm VD1 23.5.2023 Svod loveck\u00fdch ps\u016f Brunt\u00e1l, D. Sm\u00e9kal \u00a0\u00a0 &hellip; <\/p>\n<p class=\"link-more\"><a href=\"https:\/\/jezevcik.zkyjova.cz\/subdom\/jezevcik\/uspechy-odchovu\/\" class=\"more-link\">Pokra\u010dovat ve \u010dten\u00ed<span class=\"screen-reader-text\"> &#8222;\u00dasp\u011bchy odchov\u016f&#8220;<\/span><\/a><\/p>\n","protected":false},"author":2,"featured_media":0,"parent":0,"menu_order":0,"comment_status":"closed","ping_status":"closed","template":"","meta":{"footnotes":""},"class_list":["post-1032","page","type-page","status-publish","hentry"],"_links":{"self":[{"href":"https:\/\/jezevcik.zkyjova.cz\/subdom\/jezevcik\/wp-json\/wp\/v2\/pages\/1032","targetHints":{"allow":["GET"]}}],"collection":[{"href":"https:\/\/jezevcik.zkyjova.cz\/subdom\/jezevcik\/wp-json\/wp\/v2\/pages"}],"about":[{"href":"https:\/\/jezevcik.zkyjova.cz\/subdom\/jezevcik\/wp-json\/wp\/v2\/types\/page"}],"author":[{"embeddable":true,"href":"https:\/\/jezevcik.zkyjova.cz\/subdom\/jezevcik\/wp-json\/wp\/v2\/users\/2"}],"replies":[{"embeddable":true,"href":"https:\/\/jezevcik.zkyjova.cz\/subdom\/jezevcik\/wp-json\/wp\/v2\/comments?post=1032"}],"version-history":[{"count":52,"href":"https:\/\/jezevcik.zkyjova.cz\/subdom\/jezevcik\/wp-json\/wp\/v2\/pages\/1032\/revisions"}],"predecessor-version":[{"id":2157,"href":"https:\/\/jezevcik.zkyjova.cz\/subdom\/jezevcik\/wp-json\/wp\/v2\/pages\/1032\/revisions\/2157"}],"wp:attachment":[{"href":"https:\/\/jezevcik.zkyjova.cz\/subdom\/jezevcik\/wp-json\/wp\/v2\/media?parent=1032"}],"curies":[{"name":"wp","href":"https:\/\/api.w.org\/{rel}","templated":true}]}}