{"id":1044,"date":"2021-10-01T19:09:24","date_gmt":"2021-10-01T19:09:24","guid":{"rendered":"http:\/\/jezevcik.zkyjova.cz\/subdom\/jezevcik\/?page_id=1044"},"modified":"2022-02-18T16:58:25","modified_gmt":"2022-02-18T16:58:25","slug":"barvarske-a-lesni-zkousky-rozvadov-2021","status":"publish","type":"page","link":"https:\/\/jezevcik.zkyjova.cz\/subdom\/jezevcik\/barvarske-a-lesni-zkousky-rozvadov-2021\/","title":{"rendered":"Barv\u00e1\u0159sk\u00e9 a lesn\u00ed zkou\u0161ky Rozvadov 2021"},"content":{"rendered":"<h2 style=\"text-align: center;\"><strong>Barv\u00e1\u0159sk\u00e9 a lesn\u00ed zkou\u0161ky <\/strong><strong>OMS Trutnov, Rozvadov\u00a0 \u00a0 \u00a0 \u00a0 \u00a0 \u00a0 \u00a0 \u00a0 \u00a0 \u00a04. &#8211; 12. 9. 2021<\/strong><\/h2>\n<h3 style=\"text-align: center;\">Za\u010d\u00e1tkem z\u00e1\u0159\u00ed jsme s Bellou absolvovaly v\u00fdcvikov\u00fd t\u00e1bor s p\u0159evahou jezev\u010d\u00edk\u016f, jeho\u017e c\u00edlem bylo slo\u017een\u00ed barv\u00e1\u0159sk\u00fdch a lesn\u00edch zkou\u0161ek. Se\u0161la se senza\u010dn\u00ed parta lid\u00ed, panovala v\u00fdborn\u00e1\u00a0 n\u00e1lada, hodn\u011b jsme tr\u00e9novali, ale taky se b\u00e1je\u010dn\u011b bavili a nasm\u00e1li a v neposledn\u00ed \u0159ad\u011b dob\u0159e najedli. Bab\u00ed l\u00e9to n\u00e1m opravdu p\u0159\u00e1lo a\u017e na p\u00e1r de\u0161\u0165ov\u00fdch kapek v z\u00e1v\u011bru t\u00fddne.<\/h3>\n<h3 style=\"text-align: center;\">Velk\u00e9 d\u00edky organiza\u010dn\u00edmu t\u00fdmu a v\u00fdcvik\u00e1\u0159\u016fm za ochotu uspo\u0159\u00e1dat skv\u011bl\u00e9 setk\u00e1n\u00ed s mo\u017enost\u00ed slo\u017een\u00ed zkou\u0161ek.<\/h3>\n<h3 style=\"text-align: center;\">Bella absolvovala 10. 9. 2021 barv\u00e1\u0159sk\u00e9 zkou\u0161ky v po\u010dtu 72 bod\u016f a I.cen\u011b a um\u00edstila se na \u00fa\u017easn\u00e9m 8.m\u00edst\u011b z 20 \u00fa\u010dastn\u00edk\u016f!<\/h3>\n<h3 style=\"text-align: center;\">11. 9. 2021 se konaly lesn\u00ed zkou\u0161ky a po\u010das\u00ed p\u0159\u00e1lo o tro\u0161ku m\u00ed\u0148, \u00fanava byla zn\u00e1t, tak\u017ee chyby byly patrn\u00e9 zejm\u00e9na na stran\u011b v\u016fdkyn\u011b &#8230; nicm\u00e9n\u011b Bella absolvovala v II. cen\u011b (hlasitost 2) s po\u010dtem 197 bod\u016f.<\/h3>\n<h3 style=\"text-align: center;\">Bylo to n\u00e1ro\u010dn\u00e9, bylo to pou\u010dn\u00e9, bylo to z\u00e1bavn\u00e9 a bylo to fantastick\u00e9. Jsem vd\u011b\u010dn\u00e1 za nov\u00e1 p\u0159\u00e1telstv\u00ed a pozitivn\u00ed energii, kter\u00e1 cel\u00fd t\u00fdden v kolektivu panovala.<\/h3>\n<p><a href=\"https:\/\/jezevcik.zkyjova.cz\/subdom\/jezevcik\/wp-content\/uploads\/2021\/10\/FB_IMG_1631537178493.jpg\"><img loading=\"lazy\" decoding=\"async\" class=\"alignnone wp-image-1001\" src=\"https:\/\/jezevcik.zkyjova.cz\/subdom\/jezevcik\/wp-content\/uploads\/2021\/10\/FB_IMG_1631537178493.jpg\" alt=\"\" width=\"251\" height=\"303\" srcset=\"https:\/\/jezevcik.zkyjova.cz\/subdom\/jezevcik\/wp-content\/uploads\/2021\/10\/FB_IMG_1631537178493.jpg 1080w, https:\/\/jezevcik.zkyjova.cz\/subdom\/jezevcik\/wp-content\/uploads\/2021\/10\/FB_IMG_1631537178493-248x300.jpg 248w, https:\/\/jezevcik.zkyjova.cz\/subdom\/jezevcik\/wp-content\/uploads\/2021\/10\/FB_IMG_1631537178493-768x930.jpg 768w, https:\/\/jezevcik.zkyjova.cz\/subdom\/jezevcik\/wp-content\/uploads\/2021\/10\/FB_IMG_1631537178493-846x1024.jpg 846w\" sizes=\"auto, (max-width: 251px) 100vw, 251px\" \/>\u00a0\u00a0<\/a> \u00a0\u00a0 \u00a0<a href=\"https:\/\/jezevcik.zkyjova.cz\/subdom\/jezevcik\/wp-content\/uploads\/2021\/10\/IMG_20210904_202118.jpg\"><img loading=\"lazy\" decoding=\"async\" class=\"alignnone wp-image-1008\" src=\"https:\/\/jezevcik.zkyjova.cz\/subdom\/jezevcik\/wp-content\/uploads\/2021\/10\/IMG_20210904_202118.jpg\" alt=\"\" width=\"300\" height=\"300\" srcset=\"https:\/\/jezevcik.zkyjova.cz\/subdom\/jezevcik\/wp-content\/uploads\/2021\/10\/IMG_20210904_202118.jpg 3456w, https:\/\/jezevcik.zkyjova.cz\/subdom\/jezevcik\/wp-content\/uploads\/2021\/10\/IMG_20210904_202118-150x150.jpg 150w, https:\/\/jezevcik.zkyjova.cz\/subdom\/jezevcik\/wp-content\/uploads\/2021\/10\/IMG_20210904_202118-300x300.jpg 300w, https:\/\/jezevcik.zkyjova.cz\/subdom\/jezevcik\/wp-content\/uploads\/2021\/10\/IMG_20210904_202118-768x768.jpg 768w, https:\/\/jezevcik.zkyjova.cz\/subdom\/jezevcik\/wp-content\/uploads\/2021\/10\/IMG_20210904_202118-1024x1024.jpg 1024w, https:\/\/jezevcik.zkyjova.cz\/subdom\/jezevcik\/wp-content\/uploads\/2021\/10\/IMG_20210904_202118-100x100.jpg 100w\" sizes=\"auto, (max-width: 300px) 100vw, 300px\" \/>\u00a0\u00a0<\/a> <a href=\"https:\/\/jezevcik.zkyjova.cz\/subdom\/jezevcik\/wp-content\/uploads\/2021\/10\/IMG_20210904_144304.jpg\"><img loading=\"lazy\" decoding=\"async\" class=\"alignnone wp-image-1006\" src=\"https:\/\/jezevcik.zkyjova.cz\/subdom\/jezevcik\/wp-content\/uploads\/2021\/10\/IMG_20210904_144304.jpg\" alt=\"\" width=\"300\" height=\"169\" srcset=\"https:\/\/jezevcik.zkyjova.cz\/subdom\/jezevcik\/wp-content\/uploads\/2021\/10\/IMG_20210904_144304.jpg 3840w, https:\/\/jezevcik.zkyjova.cz\/subdom\/jezevcik\/wp-content\/uploads\/2021\/10\/IMG_20210904_144304-300x169.jpg 300w, https:\/\/jezevcik.zkyjova.cz\/subdom\/jezevcik\/wp-content\/uploads\/2021\/10\/IMG_20210904_144304-768x432.jpg 768w, https:\/\/jezevcik.zkyjova.cz\/subdom\/jezevcik\/wp-content\/uploads\/2021\/10\/IMG_20210904_144304-1024x576.jpg 1024w\" sizes=\"auto, (max-width: 300px) 100vw, 300px\" \/>\u00a0\u00a0<\/a> <a href=\"https:\/\/jezevcik.zkyjova.cz\/subdom\/jezevcik\/wp-content\/uploads\/2021\/10\/FB_IMG_1631559180779.jpg\"><img loading=\"lazy\" decoding=\"async\" class=\"alignnone wp-image-1003\" src=\"https:\/\/jezevcik.zkyjova.cz\/subdom\/jezevcik\/wp-content\/uploads\/2021\/10\/FB_IMG_1631559180779.jpg\" alt=\"\" width=\"301\" height=\"199\" srcset=\"https:\/\/jezevcik.zkyjova.cz\/subdom\/jezevcik\/wp-content\/uploads\/2021\/10\/FB_IMG_1631559180779.jpg 1080w, https:\/\/jezevcik.zkyjova.cz\/subdom\/jezevcik\/wp-content\/uploads\/2021\/10\/FB_IMG_1631559180779-300x199.jpg 300w, https:\/\/jezevcik.zkyjova.cz\/subdom\/jezevcik\/wp-content\/uploads\/2021\/10\/FB_IMG_1631559180779-768x508.jpg 768w, https:\/\/jezevcik.zkyjova.cz\/subdom\/jezevcik\/wp-content\/uploads\/2021\/10\/FB_IMG_1631559180779-1024x678.jpg 1024w\" sizes=\"auto, (max-width: 301px) 100vw, 301px\" \/>\u00a0\u00a0<\/a> <a href=\"https:\/\/jezevcik.zkyjova.cz\/subdom\/jezevcik\/wp-content\/uploads\/2021\/10\/IMG_20210905_143429.jpg\"><img loading=\"lazy\" decoding=\"async\" class=\"alignnone wp-image-1012\" src=\"https:\/\/jezevcik.zkyjova.cz\/subdom\/jezevcik\/wp-content\/uploads\/2021\/10\/IMG_20210905_143429.jpg\" alt=\"\" width=\"299\" height=\"169\" srcset=\"https:\/\/jezevcik.zkyjova.cz\/subdom\/jezevcik\/wp-content\/uploads\/2021\/10\/IMG_20210905_143429.jpg 3840w, https:\/\/jezevcik.zkyjova.cz\/subdom\/jezevcik\/wp-content\/uploads\/2021\/10\/IMG_20210905_143429-300x169.jpg 300w, https:\/\/jezevcik.zkyjova.cz\/subdom\/jezevcik\/wp-content\/uploads\/2021\/10\/IMG_20210905_143429-768x432.jpg 768w, https:\/\/jezevcik.zkyjova.cz\/subdom\/jezevcik\/wp-content\/uploads\/2021\/10\/IMG_20210905_143429-1024x576.jpg 1024w\" sizes=\"auto, (max-width: 299px) 100vw, 299px\" \/>\u00a0 \u00a0<\/a><a style=\"font-weight: bold; font-size: 0.8125rem; font-style: italic;\" href=\"https:\/\/jezevcik.zkyjova.cz\/subdom\/jezevcik\/wp-content\/uploads\/2021\/10\/P9128916.jpg\"><img loading=\"lazy\" decoding=\"async\" class=\" wp-image-1010\" src=\"https:\/\/jezevcik.zkyjova.cz\/subdom\/jezevcik\/wp-content\/uploads\/2021\/10\/P9128916.jpg\" alt=\"\" width=\"300\" height=\"225\" srcset=\"https:\/\/jezevcik.zkyjova.cz\/subdom\/jezevcik\/wp-content\/uploads\/2021\/10\/P9128916.jpg 4608w, https:\/\/jezevcik.zkyjova.cz\/subdom\/jezevcik\/wp-content\/uploads\/2021\/10\/P9128916-300x225.jpg 300w, https:\/\/jezevcik.zkyjova.cz\/subdom\/jezevcik\/wp-content\/uploads\/2021\/10\/P9128916-768x576.jpg 768w, https:\/\/jezevcik.zkyjova.cz\/subdom\/jezevcik\/wp-content\/uploads\/2021\/10\/P9128916-1024x768.jpg 1024w\" sizes=\"auto, (max-width: 300px) 100vw, 300px\" \/> \u00a0<\/a><a href=\"https:\/\/jezevcik.zkyjova.cz\/subdom\/jezevcik\/wp-content\/uploads\/2022\/02\/IMG_20210904_110003-scaled.jpg\"><img loading=\"lazy\" decoding=\"async\" class=\"alignnone wp-image-1133\" src=\"https:\/\/jezevcik.zkyjova.cz\/subdom\/jezevcik\/wp-content\/uploads\/2022\/02\/IMG_20210904_110003-scaled.jpg\" alt=\"\" width=\"315\" height=\"445\" srcset=\"https:\/\/jezevcik.zkyjova.cz\/subdom\/jezevcik\/wp-content\/uploads\/2022\/02\/IMG_20210904_110003-scaled.jpg 1809w, https:\/\/jezevcik.zkyjova.cz\/subdom\/jezevcik\/wp-content\/uploads\/2022\/02\/IMG_20210904_110003-212x300.jpg 212w, https:\/\/jezevcik.zkyjova.cz\/subdom\/jezevcik\/wp-content\/uploads\/2022\/02\/IMG_20210904_110003-724x1024.jpg 724w, https:\/\/jezevcik.zkyjova.cz\/subdom\/jezevcik\/wp-content\/uploads\/2022\/02\/IMG_20210904_110003-768x1087.jpg 768w, https:\/\/jezevcik.zkyjova.cz\/subdom\/jezevcik\/wp-content\/uploads\/2022\/02\/IMG_20210904_110003-1086x1536.jpg 1086w, https:\/\/jezevcik.zkyjova.cz\/subdom\/jezevcik\/wp-content\/uploads\/2022\/02\/IMG_20210904_110003-1448x2048.jpg 1448w\" sizes=\"auto, (max-width: 315px) 100vw, 315px\" \/><\/a><a style=\"font-weight: bold; font-size: 0.8125rem; font-style: italic;\" href=\"https:\/\/jezevcik.zkyjova.cz\/subdom\/jezevcik\/wp-content\/uploads\/2021\/10\/P9128916.jpg\">\u00a0 \u00a0 <\/a><a style=\"font-size: 1rem;\" href=\"https:\/\/jezevcik.zkyjova.cz\/subdom\/jezevcik\/wp-content\/uploads\/2021\/10\/IMG_20210906_082231.jpg\"> <img loading=\"lazy\" decoding=\"async\" class=\"alignnone wp-image-1014\" src=\"https:\/\/jezevcik.zkyjova.cz\/subdom\/jezevcik\/wp-content\/uploads\/2021\/10\/IMG_20210906_082231.jpg\" alt=\"\" width=\"250\" height=\"445\" \/><\/a> <a style=\"font-size: 1rem;\" href=\"https:\/\/jezevcik.zkyjova.cz\/subdom\/jezevcik\/wp-content\/uploads\/2021\/10\/IMG_20210906_091936.jpg\"><img loading=\"lazy\" decoding=\"async\" class=\"alignnone wp-image-1015\" src=\"https:\/\/jezevcik.zkyjova.cz\/subdom\/jezevcik\/wp-content\/uploads\/2021\/10\/IMG_20210906_091936.jpg\" alt=\"\" width=\"250\" height=\"444\" \/><\/a> \u00a0\u00a0 \u00a0<a style=\"font-size: 1rem;\" href=\"https:\/\/jezevcik.zkyjova.cz\/subdom\/jezevcik\/wp-content\/uploads\/2021\/10\/IMG_20210905_152534.jpg\">\u00a0<\/a><a style=\"font-size: 1rem; color: #000000;\" href=\"https:\/\/jezevcik.zkyjova.cz\/subdom\/jezevcik\/wp-content\/uploads\/2021\/10\/IMG_20210908_091649.jpg\"><img loading=\"lazy\" decoding=\"async\" class=\"alignnone wp-image-1019\" src=\"https:\/\/jezevcik.zkyjova.cz\/subdom\/jezevcik\/wp-content\/uploads\/2021\/10\/IMG_20210908_091649.jpg\" alt=\"\" width=\"250\" height=\"444\" \/><\/a> <a style=\"font-size: 1rem;\" href=\"https:\/\/jezevcik.zkyjova.cz\/subdom\/jezevcik\/wp-content\/uploads\/2021\/10\/IMG_20210908_092939.jpg\">\u00a0\u00a0<\/a><a style=\"font-size: 1rem;\" href=\"https:\/\/jezevcik.zkyjova.cz\/subdom\/jezevcik\/wp-content\/uploads\/2021\/10\/IMG-20210910-WA0001.jpg\"><img loading=\"lazy\" decoding=\"async\" class=\"alignnone wp-image-1023\" src=\"https:\/\/jezevcik.zkyjova.cz\/subdom\/jezevcik\/wp-content\/uploads\/2021\/10\/IMG-20210910-WA0001.jpg\" alt=\"\" width=\"300\" height=\"225\" srcset=\"https:\/\/jezevcik.zkyjova.cz\/subdom\/jezevcik\/wp-content\/uploads\/2021\/10\/IMG-20210910-WA0001.jpg 1600w, https:\/\/jezevcik.zkyjova.cz\/subdom\/jezevcik\/wp-content\/uploads\/2021\/10\/IMG-20210910-WA0001-300x225.jpg 300w, https:\/\/jezevcik.zkyjova.cz\/subdom\/jezevcik\/wp-content\/uploads\/2021\/10\/IMG-20210910-WA0001-768x576.jpg 768w, https:\/\/jezevcik.zkyjova.cz\/subdom\/jezevcik\/wp-content\/uploads\/2021\/10\/IMG-20210910-WA0001-1024x768.jpg 1024w\" sizes=\"auto, (max-width: 300px) 100vw, 300px\" \/><\/a> <a style=\"font-size: 1rem;\" href=\"https:\/\/jezevcik.zkyjova.cz\/subdom\/jezevcik\/wp-content\/uploads\/2021\/10\/IMG_20210908_091649.jpg\">\u00a0<\/a><a style=\"font-weight: bold; font-size: 0.8125rem; font-style: italic;\" href=\"https:\/\/jezevcik.zkyjova.cz\/subdom\/jezevcik\/wp-content\/uploads\/2021\/10\/OI000021.jpg\"><img loading=\"lazy\" decoding=\"async\" class=\" wp-image-1027\" src=\"https:\/\/jezevcik.zkyjova.cz\/subdom\/jezevcik\/wp-content\/uploads\/2021\/10\/OI000021.jpg\" alt=\"\" width=\"299\" height=\"224\" srcset=\"https:\/\/jezevcik.zkyjova.cz\/subdom\/jezevcik\/wp-content\/uploads\/2021\/10\/OI000021.jpg 1024w, https:\/\/jezevcik.zkyjova.cz\/subdom\/jezevcik\/wp-content\/uploads\/2021\/10\/OI000021-300x225.jpg 300w, https:\/\/jezevcik.zkyjova.cz\/subdom\/jezevcik\/wp-content\/uploads\/2021\/10\/OI000021-768x576.jpg 768w\" sizes=\"auto, (max-width: 299px) 100vw, 299px\" \/>\u00a0 \u00a0<\/a><a style=\"font-size: 1rem; color: #000000;\" href=\"https:\/\/jezevcik.zkyjova.cz\/subdom\/jezevcik\/wp-content\/uploads\/2021\/10\/IMG_20210908_092939.jpg\"><img loading=\"lazy\" decoding=\"async\" class=\"alignnone wp-image-1020\" src=\"https:\/\/jezevcik.zkyjova.cz\/subdom\/jezevcik\/wp-content\/uploads\/2021\/10\/IMG_20210908_092939.jpg\" alt=\"\" width=\"301\" height=\"169\" srcset=\"https:\/\/jezevcik.zkyjova.cz\/subdom\/jezevcik\/wp-content\/uploads\/2021\/10\/IMG_20210908_092939.jpg 3840w, https:\/\/jezevcik.zkyjova.cz\/subdom\/jezevcik\/wp-content\/uploads\/2021\/10\/IMG_20210908_092939-300x169.jpg 300w, https:\/\/jezevcik.zkyjova.cz\/subdom\/jezevcik\/wp-content\/uploads\/2021\/10\/IMG_20210908_092939-768x432.jpg 768w, https:\/\/jezevcik.zkyjova.cz\/subdom\/jezevcik\/wp-content\/uploads\/2021\/10\/IMG_20210908_092939-1024x576.jpg 1024w\" sizes=\"auto, (max-width: 301px) 100vw, 301px\" \/> <img loading=\"lazy\" decoding=\"async\" class=\"alignnone wp-image-1062\" style=\"font-size: 1rem;\" src=\"https:\/\/jezevcik.zkyjova.cz\/subdom\/jezevcik\/wp-content\/uploads\/2021\/10\/IMG_20210910_085242-1.jpg\" alt=\"\" width=\"299\" height=\"167\" srcset=\"https:\/\/jezevcik.zkyjova.cz\/subdom\/jezevcik\/wp-content\/uploads\/2021\/10\/IMG_20210910_085242-1.jpg 2688w, https:\/\/jezevcik.zkyjova.cz\/subdom\/jezevcik\/wp-content\/uploads\/2021\/10\/IMG_20210910_085242-1-300x169.jpg 300w, https:\/\/jezevcik.zkyjova.cz\/subdom\/jezevcik\/wp-content\/uploads\/2021\/10\/IMG_20210910_085242-1-768x432.jpg 768w, https:\/\/jezevcik.zkyjova.cz\/subdom\/jezevcik\/wp-content\/uploads\/2021\/10\/IMG_20210910_085242-1-1024x576.jpg 1024w\" sizes=\"auto, (max-width: 299px) 100vw, 299px\" \/><\/a><a style=\"font-size: 1rem;\" href=\"https:\/\/jezevcik.zkyjova.cz\/subdom\/jezevcik\/wp-content\/uploads\/2021\/10\/received_1359040707826092.jpeg\"><img loading=\"lazy\" decoding=\"async\" class=\"alignnone wp-image-1029\" src=\"https:\/\/jezevcik.zkyjova.cz\/subdom\/jezevcik\/wp-content\/uploads\/2021\/10\/received_1359040707826092.jpeg\" alt=\"\" width=\"600\" height=\"397\" srcset=\"https:\/\/jezevcik.zkyjova.cz\/subdom\/jezevcik\/wp-content\/uploads\/2021\/10\/received_1359040707826092.jpeg 2048w, https:\/\/jezevcik.zkyjova.cz\/subdom\/jezevcik\/wp-content\/uploads\/2021\/10\/received_1359040707826092-300x199.jpeg 300w, https:\/\/jezevcik.zkyjova.cz\/subdom\/jezevcik\/wp-content\/uploads\/2021\/10\/received_1359040707826092-768x509.jpeg 768w, https:\/\/jezevcik.zkyjova.cz\/subdom\/jezevcik\/wp-content\/uploads\/2021\/10\/received_1359040707826092-1024x678.jpeg 1024w\" sizes=\"auto, (max-width: 600px) 100vw, 600px\" \/><\/a><a style=\"font-size: 1rem;\" href=\"https:\/\/jezevcik.zkyjova.cz\/subdom\/jezevcik\/wp-content\/uploads\/2021\/10\/IMG-20210910-WA0002.jpg\"><img loading=\"lazy\" decoding=\"async\" class=\"alignnone wp-image-1024\" src=\"https:\/\/jezevcik.zkyjova.cz\/subdom\/jezevcik\/wp-content\/uploads\/2021\/10\/IMG-20210910-WA0002.jpg\" alt=\"\" width=\"299\" height=\"398\" srcset=\"https:\/\/jezevcik.zkyjova.cz\/subdom\/jezevcik\/wp-content\/uploads\/2021\/10\/IMG-20210910-WA0002.jpg 1200w, https:\/\/jezevcik.zkyjova.cz\/subdom\/jezevcik\/wp-content\/uploads\/2021\/10\/IMG-20210910-WA0002-225x300.jpg 225w, https:\/\/jezevcik.zkyjova.cz\/subdom\/jezevcik\/wp-content\/uploads\/2021\/10\/IMG-20210910-WA0002-768x1024.jpg 768w\" sizes=\"auto, (max-width: 299px) 100vw, 299px\" \/>\u00a0 <\/a><a style=\"font-size: 1rem;\" href=\"https:\/\/jezevcik.zkyjova.cz\/subdom\/jezevcik\/wp-content\/uploads\/2021\/10\/IMG-20210911-WA0004.jpg\"><img loading=\"lazy\" decoding=\"async\" class=\"alignnone wp-image-1026\" src=\"https:\/\/jezevcik.zkyjova.cz\/subdom\/jezevcik\/wp-content\/uploads\/2021\/10\/IMG-20210911-WA0004.jpg\" alt=\"\" width=\"300\" height=\"400\" srcset=\"https:\/\/jezevcik.zkyjova.cz\/subdom\/jezevcik\/wp-content\/uploads\/2021\/10\/IMG-20210911-WA0004.jpg 1200w, https:\/\/jezevcik.zkyjova.cz\/subdom\/jezevcik\/wp-content\/uploads\/2021\/10\/IMG-20210911-WA0004-225x300.jpg 225w, https:\/\/jezevcik.zkyjova.cz\/subdom\/jezevcik\/wp-content\/uploads\/2021\/10\/IMG-20210911-WA0004-768x1024.jpg 768w\" sizes=\"auto, (max-width: 300px) 100vw, 300px\" \/><\/a><span style=\"font-size: 1rem;\"> \u00a0<\/span><a href=\"https:\/\/jezevcik.zkyjova.cz\/subdom\/jezevcik\/wp-content\/uploads\/2022\/02\/IMG_20210907_141535-scaled.jpg\"><img loading=\"lazy\" decoding=\"async\" class=\"alignnone wp-image-1134\" src=\"https:\/\/jezevcik.zkyjova.cz\/subdom\/jezevcik\/wp-content\/uploads\/2022\/02\/IMG_20210907_141535-scaled.jpg\" alt=\"\" width=\"255\" height=\"349\" srcset=\"https:\/\/jezevcik.zkyjova.cz\/subdom\/jezevcik\/wp-content\/uploads\/2022\/02\/IMG_20210907_141535-scaled.jpg 1870w, https:\/\/jezevcik.zkyjova.cz\/subdom\/jezevcik\/wp-content\/uploads\/2022\/02\/IMG_20210907_141535-219x300.jpg 219w, https:\/\/jezevcik.zkyjova.cz\/subdom\/jezevcik\/wp-content\/uploads\/2022\/02\/IMG_20210907_141535-748x1024.jpg 748w, https:\/\/jezevcik.zkyjova.cz\/subdom\/jezevcik\/wp-content\/uploads\/2022\/02\/IMG_20210907_141535-768x1051.jpg 768w, https:\/\/jezevcik.zkyjova.cz\/subdom\/jezevcik\/wp-content\/uploads\/2022\/02\/IMG_20210907_141535-1122x1536.jpg 1122w, https:\/\/jezevcik.zkyjova.cz\/subdom\/jezevcik\/wp-content\/uploads\/2022\/02\/IMG_20210907_141535-1496x2048.jpg 1496w\" sizes=\"auto, (max-width: 255px) 100vw, 255px\" \/>\u00a0\u00a0\u00a0\u00a0\u00a0<\/a> <a style=\"font-size: 1rem;\" href=\"https:\/\/jezevcik.zkyjova.cz\/subdom\/jezevcik\/wp-content\/uploads\/2021\/10\/Screenshot_20210904-145742_2.png\"><img loading=\"lazy\" decoding=\"async\" class=\"alignnone wp-image-1030\" src=\"https:\/\/jezevcik.zkyjova.cz\/subdom\/jezevcik\/wp-content\/uploads\/2021\/10\/Screenshot_20210904-145742_2.png\" alt=\"\" width=\"299\" height=\"346\" srcset=\"https:\/\/jezevcik.zkyjova.cz\/subdom\/jezevcik\/wp-content\/uploads\/2021\/10\/Screenshot_20210904-145742_2.png 1080w, https:\/\/jezevcik.zkyjova.cz\/subdom\/jezevcik\/wp-content\/uploads\/2021\/10\/Screenshot_20210904-145742_2-260x300.png 260w, https:\/\/jezevcik.zkyjova.cz\/subdom\/jezevcik\/wp-content\/uploads\/2021\/10\/Screenshot_20210904-145742_2-768x887.png 768w, https:\/\/jezevcik.zkyjova.cz\/subdom\/jezevcik\/wp-content\/uploads\/2021\/10\/Screenshot_20210904-145742_2-887x1024.png 887w\" sizes=\"auto, (max-width: 299px) 100vw, 299px\" \/><\/a><\/p>\n<p><a href=\"https:\/\/jezevcik.zkyjova.cz\/subdom\/jezevcik\/wp-content\/uploads\/2021\/06\/znak-01.png\"><br \/>\n<img loading=\"lazy\" decoding=\"async\" class=\"wp-image-933 aligncenter\" src=\"https:\/\/jezevcik.zkyjova.cz\/subdom\/jezevcik\/wp-content\/uploads\/2021\/06\/znak-01.png\" alt=\"\" width=\"201\" height=\"121\" srcset=\"https:\/\/jezevcik.zkyjova.cz\/subdom\/jezevcik\/wp-content\/uploads\/2021\/06\/znak-01.png 2481w, https:\/\/jezevcik.zkyjova.cz\/subdom\/jezevcik\/wp-content\/uploads\/2021\/06\/znak-01-768x457.png 768w, https:\/\/jezevcik.zkyjova.cz\/subdom\/jezevcik\/wp-content\/uploads\/2021\/06\/znak-01-1024x609.png 1024w, https:\/\/jezevcik.zkyjova.cz\/subdom\/jezevcik\/wp-content\/uploads\/2021\/06\/znak-01-2000x1200.png 2000w\" sizes=\"auto, (max-width: 201px) 100vw, 201px\" \/><\/a><\/p>\n","protected":false},"excerpt":{"rendered":"<p>Barv\u00e1\u0159sk\u00e9 a lesn\u00ed zkou\u0161ky OMS Trutnov, Rozvadov\u00a0 \u00a0 \u00a0 \u00a0 \u00a0 \u00a0 \u00a0 \u00a0 \u00a0 \u00a04. &#8211; 12. 9. 2021 Za\u010d\u00e1tkem z\u00e1\u0159\u00ed jsme s Bellou absolvovaly v\u00fdcvikov\u00fd t\u00e1bor s p\u0159evahou jezev\u010d\u00edk\u016f, jeho\u017e c\u00edlem bylo slo\u017een\u00ed barv\u00e1\u0159sk\u00fdch a lesn\u00edch zkou\u0161ek. Se\u0161la se senza\u010dn\u00ed parta lid\u00ed, panovala v\u00fdborn\u00e1\u00a0 n\u00e1lada, hodn\u011b jsme tr\u00e9novali, ale taky se b\u00e1je\u010dn\u011b bavili &hellip; <\/p>\n<p class=\"link-more\"><a href=\"https:\/\/jezevcik.zkyjova.cz\/subdom\/jezevcik\/barvarske-a-lesni-zkousky-rozvadov-2021\/\" class=\"more-link\">Pokra\u010dovat ve \u010dten\u00ed<span class=\"screen-reader-text\"> &#8222;Barv\u00e1\u0159sk\u00e9 a lesn\u00ed zkou\u0161ky Rozvadov 2021&#8220;<\/span><\/a><\/p>\n","protected":false},"author":2,"featured_media":0,"parent":0,"menu_order":0,"comment_status":"closed","ping_status":"closed","template":"","meta":{"footnotes":""},"class_list":["post-1044","page","type-page","status-publish","hentry"],"_links":{"self":[{"href":"https:\/\/jezevcik.zkyjova.cz\/subdom\/jezevcik\/wp-json\/wp\/v2\/pages\/1044","targetHints":{"allow":["GET"]}}],"collection":[{"href":"https:\/\/jezevcik.zkyjova.cz\/subdom\/jezevcik\/wp-json\/wp\/v2\/pages"}],"about":[{"href":"https:\/\/jezevcik.zkyjova.cz\/subdom\/jezevcik\/wp-json\/wp\/v2\/types\/page"}],"author":[{"embeddable":true,"href":"https:\/\/jezevcik.zkyjova.cz\/subdom\/jezevcik\/wp-json\/wp\/v2\/users\/2"}],"replies":[{"embeddable":true,"href":"https:\/\/jezevcik.zkyjova.cz\/subdom\/jezevcik\/wp-json\/wp\/v2\/comments?post=1044"}],"version-history":[{"count":23,"href":"https:\/\/jezevcik.zkyjova.cz\/subdom\/jezevcik\/wp-json\/wp\/v2\/pages\/1044\/revisions"}],"predecessor-version":[{"id":1135,"href":"https:\/\/jezevcik.zkyjova.cz\/subdom\/jezevcik\/wp-json\/wp\/v2\/pages\/1044\/revisions\/1135"}],"wp:attachment":[{"href":"https:\/\/jezevcik.zkyjova.cz\/subdom\/jezevcik\/wp-json\/wp\/v2\/media?parent=1044"}],"curies":[{"name":"wp","href":"https:\/\/api.w.org\/{rel}","templated":true}]}}