{"id":1142,"date":"2022-02-20T17:14:57","date_gmt":"2022-02-20T17:14:57","guid":{"rendered":"http:\/\/jezevcik.zkyjova.cz\/subdom\/jezevcik\/?page_id=1142"},"modified":"2024-03-22T18:08:18","modified_gmt":"2024-03-22T18:08:18","slug":"b-prubeh-brezosti","status":"publish","type":"page","link":"https:\/\/jezevcik.zkyjova.cz\/subdom\/jezevcik\/b-prubeh-brezosti\/","title":{"rendered":"&#8222;B&#8220; &#8211; Pr\u016fb\u011bh b\u0159ezosti"},"content":{"rendered":"<h3 style=\"text-align: center;\"><a href=\"https:\/\/jezevcik.zkyjova.cz\/subdom\/jezevcik\/wp-content\/uploads\/2022\/04\/pozmaryacell2b_vlastni-scaled.jpg\"><img loading=\"lazy\" decoding=\"async\" class=\"size-full wp-image-1195 alignnone\" src=\"https:\/\/jezevcik.zkyjova.cz\/subdom\/jezevcik\/wp-content\/uploads\/2022\/04\/pozmaryacell2b_vlastni-scaled.jpg\" alt=\"\" width=\"2560\" height=\"2109\" srcset=\"https:\/\/jezevcik.zkyjova.cz\/subdom\/jezevcik\/wp-content\/uploads\/2022\/04\/pozmaryacell2b_vlastni-scaled.jpg 2560w, https:\/\/jezevcik.zkyjova.cz\/subdom\/jezevcik\/wp-content\/uploads\/2022\/04\/pozmaryacell2b_vlastni-300x247.jpg 300w, https:\/\/jezevcik.zkyjova.cz\/subdom\/jezevcik\/wp-content\/uploads\/2022\/04\/pozmaryacell2b_vlastni-1024x844.jpg 1024w, https:\/\/jezevcik.zkyjova.cz\/subdom\/jezevcik\/wp-content\/uploads\/2022\/04\/pozmaryacell2b_vlastni-768x633.jpg 768w, https:\/\/jezevcik.zkyjova.cz\/subdom\/jezevcik\/wp-content\/uploads\/2022\/04\/pozmaryacell2b_vlastni-1536x1266.jpg 1536w, https:\/\/jezevcik.zkyjova.cz\/subdom\/jezevcik\/wp-content\/uploads\/2022\/04\/pozmaryacell2b_vlastni-2048x1687.jpg 2048w\" sizes=\"auto, (max-width: 706px) 89vw, (max-width: 767px) 82vw, 740px\" \/><\/a><\/h3>\n<h3 style=\"text-align: center;\"><span style=\"font-size: 1rem;\">5. 5. 2022 &#8230; 62. den\u00a0<\/span><\/h3>\n<p style=\"text-align: center;\">Rod\u00edme&#8230;<\/p>\n<h3 style=\"text-align: center;\"><span style=\"font-size: 1rem;\">1. 5. 2022 &#8230; 58. den\u00a0<\/span><\/h3>\n<p><a href=\"https:\/\/jezevcik.zkyjova.cz\/subdom\/jezevcik\/wp-content\/uploads\/2022\/05\/20220430_130544-scaled-e1651410728539.jpg\"><img loading=\"lazy\" decoding=\"async\" class=\"wp-image-1224 aligncenter\" src=\"https:\/\/jezevcik.zkyjova.cz\/subdom\/jezevcik\/wp-content\/uploads\/2022\/05\/20220430_130544-scaled-e1651410728539.jpg\" alt=\"\" width=\"190\" height=\"256\" srcset=\"https:\/\/jezevcik.zkyjova.cz\/subdom\/jezevcik\/wp-content\/uploads\/2022\/05\/20220430_130544-scaled-e1651410728539.jpg 1664w, https:\/\/jezevcik.zkyjova.cz\/subdom\/jezevcik\/wp-content\/uploads\/2022\/05\/20220430_130544-scaled-e1651410728539-763x1024.jpg 763w, https:\/\/jezevcik.zkyjova.cz\/subdom\/jezevcik\/wp-content\/uploads\/2022\/05\/20220430_130544-scaled-e1651410728539-768x1031.jpg 768w, https:\/\/jezevcik.zkyjova.cz\/subdom\/jezevcik\/wp-content\/uploads\/2022\/05\/20220430_130544-scaled-e1651410728539-1145x1536.jpg 1145w, https:\/\/jezevcik.zkyjova.cz\/subdom\/jezevcik\/wp-content\/uploads\/2022\/05\/20220430_130544-scaled-e1651410728539-1526x2048.jpg 1526w\" sizes=\"auto, (max-width: 190px) 100vw, 190px\" \/><\/a><\/p>\n<p style=\"text-align: center;\"><a href=\"https:\/\/jezevcik.zkyjova.cz\/subdom\/jezevcik\/wp-content\/uploads\/2022\/05\/20220501_094033-scaled.jpg\"><img loading=\"lazy\" decoding=\"async\" class=\"wp-image-1226 aligncenter\" src=\"https:\/\/jezevcik.zkyjova.cz\/subdom\/jezevcik\/wp-content\/uploads\/2022\/05\/20220501_094033-scaled.jpg\" alt=\"\" width=\"193\" height=\"220\" srcset=\"https:\/\/jezevcik.zkyjova.cz\/subdom\/jezevcik\/wp-content\/uploads\/2022\/05\/20220501_094033-scaled.jpg 2249w, https:\/\/jezevcik.zkyjova.cz\/subdom\/jezevcik\/wp-content\/uploads\/2022\/05\/20220501_094033-264x300.jpg 264w, https:\/\/jezevcik.zkyjova.cz\/subdom\/jezevcik\/wp-content\/uploads\/2022\/05\/20220501_094033-900x1024.jpg 900w, https:\/\/jezevcik.zkyjova.cz\/subdom\/jezevcik\/wp-content\/uploads\/2022\/05\/20220501_094033-768x874.jpg 768w, https:\/\/jezevcik.zkyjova.cz\/subdom\/jezevcik\/wp-content\/uploads\/2022\/05\/20220501_094033-1350x1536.jpg 1350w, https:\/\/jezevcik.zkyjova.cz\/subdom\/jezevcik\/wp-content\/uploads\/2022\/05\/20220501_094033-1799x2048.jpg 1799w\" sizes=\"auto, (max-width: 193px) 100vw, 193px\" \/><\/a><\/p>\n<p style=\"text-align: center;\"><span style=\"font-size: 1rem;\">23. 4. 2022 &#8230; 50. den &#8230; Kara u\u017e skoro po\u0159\u00e1d odpo\u010d\u00edv\u00e1.<br \/>\nA \u0161t\u011b\u0148\u00e1tka se za\u010d\u00ednaj\u00ed h\u00fdbat.<\/span><\/p>\n<p><a href=\"https:\/\/jezevcik.zkyjova.cz\/subdom\/jezevcik\/wp-content\/uploads\/2022\/04\/278786724_718118659192959_5865686637697310777_n1-1.jpg\"><img loading=\"lazy\" decoding=\"async\" class=\"wp-image-1218 aligncenter\" src=\"https:\/\/jezevcik.zkyjova.cz\/subdom\/jezevcik\/wp-content\/uploads\/2022\/04\/278786724_718118659192959_5865686637697310777_n1-1.jpg\" alt=\"\" width=\"189\" height=\"253\" srcset=\"https:\/\/jezevcik.zkyjova.cz\/subdom\/jezevcik\/wp-content\/uploads\/2022\/04\/278786724_718118659192959_5865686637697310777_n1-1.jpg 608w, https:\/\/jezevcik.zkyjova.cz\/subdom\/jezevcik\/wp-content\/uploads\/2022\/04\/278786724_718118659192959_5865686637697310777_n1-1-224x300.jpg 224w\" sizes=\"auto, (max-width: 189px) 100vw, 189px\" \/><\/a><\/p>\n<p><a href=\"https:\/\/jezevcik.zkyjova.cz\/subdom\/jezevcik\/wp-content\/uploads\/2022\/04\/20220423_161023-scaled-e1650820495738.jpg\"><img loading=\"lazy\" decoding=\"async\" class=\"wp-image-1214 aligncenter\" src=\"https:\/\/jezevcik.zkyjova.cz\/subdom\/jezevcik\/wp-content\/uploads\/2022\/04\/20220423_161023-scaled-e1650820495738.jpg\" alt=\"\" width=\"379\" height=\"297\" srcset=\"https:\/\/jezevcik.zkyjova.cz\/subdom\/jezevcik\/wp-content\/uploads\/2022\/04\/20220423_161023-scaled-e1650820495738.jpg 1920w, https:\/\/jezevcik.zkyjova.cz\/subdom\/jezevcik\/wp-content\/uploads\/2022\/04\/20220423_161023-scaled-e1650820495738-300x235.jpg 300w, https:\/\/jezevcik.zkyjova.cz\/subdom\/jezevcik\/wp-content\/uploads\/2022\/04\/20220423_161023-scaled-e1650820495738-1024x802.jpg 1024w, https:\/\/jezevcik.zkyjova.cz\/subdom\/jezevcik\/wp-content\/uploads\/2022\/04\/20220423_161023-scaled-e1650820495738-768x602.jpg 768w, https:\/\/jezevcik.zkyjova.cz\/subdom\/jezevcik\/wp-content\/uploads\/2022\/04\/20220423_161023-scaled-e1650820495738-1536x1203.jpg 1536w\" sizes=\"auto, (max-width: 379px) 100vw, 379px\" \/>\u00a0<\/a> <a href=\"https:\/\/jezevcik.zkyjova.cz\/subdom\/jezevcik\/wp-content\/uploads\/2022\/04\/20220423_182011-scaled.jpg\"><img loading=\"lazy\" decoding=\"async\" class=\"alignnone wp-image-1215 aligncenter\" src=\"https:\/\/jezevcik.zkyjova.cz\/subdom\/jezevcik\/wp-content\/uploads\/2022\/04\/20220423_182011-scaled.jpg\" alt=\"\" width=\"380\" height=\"285\" srcset=\"https:\/\/jezevcik.zkyjova.cz\/subdom\/jezevcik\/wp-content\/uploads\/2022\/04\/20220423_182011-scaled.jpg 2560w, https:\/\/jezevcik.zkyjova.cz\/subdom\/jezevcik\/wp-content\/uploads\/2022\/04\/20220423_182011-300x225.jpg 300w, https:\/\/jezevcik.zkyjova.cz\/subdom\/jezevcik\/wp-content\/uploads\/2022\/04\/20220423_182011-1024x768.jpg 1024w, https:\/\/jezevcik.zkyjova.cz\/subdom\/jezevcik\/wp-content\/uploads\/2022\/04\/20220423_182011-768x576.jpg 768w, https:\/\/jezevcik.zkyjova.cz\/subdom\/jezevcik\/wp-content\/uploads\/2022\/04\/20220423_182011-1536x1152.jpg 1536w, https:\/\/jezevcik.zkyjova.cz\/subdom\/jezevcik\/wp-content\/uploads\/2022\/04\/20220423_182011-2048x1536.jpg 2048w\" sizes=\"auto, (max-width: 380px) 100vw, 380px\" \/><\/a><\/p>\n<p style=\"text-align: center;\"><span style=\"font-size: 1rem;\">16. 4. 2022 &#8230; 43. den &#8230; instalujeme porodn\u00ed bednu na m\u00edsto<\/span><a href=\"https:\/\/jezevcik.zkyjova.cz\/subdom\/jezevcik\/wp-content\/uploads\/2022\/04\/20220418_120117-scaled-e1650380774571.jpg\"><img loading=\"lazy\" decoding=\"async\" class=\"wp-image-1210 aligncenter\" src=\"https:\/\/jezevcik.zkyjova.cz\/subdom\/jezevcik\/wp-content\/uploads\/2022\/04\/20220418_120117-scaled-e1650380774571.jpg\" alt=\"\" width=\"381\" height=\"235\" srcset=\"https:\/\/jezevcik.zkyjova.cz\/subdom\/jezevcik\/wp-content\/uploads\/2022\/04\/20220418_120117-scaled-e1650380774571.jpg 1907w, https:\/\/jezevcik.zkyjova.cz\/subdom\/jezevcik\/wp-content\/uploads\/2022\/04\/20220418_120117-scaled-e1650380774571-300x185.jpg 300w, https:\/\/jezevcik.zkyjova.cz\/subdom\/jezevcik\/wp-content\/uploads\/2022\/04\/20220418_120117-scaled-e1650380774571-1024x632.jpg 1024w, https:\/\/jezevcik.zkyjova.cz\/subdom\/jezevcik\/wp-content\/uploads\/2022\/04\/20220418_120117-scaled-e1650380774571-768x474.jpg 768w, https:\/\/jezevcik.zkyjova.cz\/subdom\/jezevcik\/wp-content\/uploads\/2022\/04\/20220418_120117-scaled-e1650380774571-1536x948.jpg 1536w\" sizes=\"auto, (max-width: 381px) 100vw, 381px\" \/><\/a><\/p>\n<p style=\"text-align: center;\"><a href=\"https:\/\/jezevcik.zkyjova.cz\/subdom\/jezevcik\/wp-content\/uploads\/2022\/04\/20220416_175814-scaled-e1650380953379.jpg\"><img loading=\"lazy\" decoding=\"async\" class=\"wp-image-1209 aligncenter\" src=\"https:\/\/jezevcik.zkyjova.cz\/subdom\/jezevcik\/wp-content\/uploads\/2022\/04\/20220416_175814-scaled-e1650380953379.jpg\" alt=\"\" width=\"382\" height=\"272\" srcset=\"https:\/\/jezevcik.zkyjova.cz\/subdom\/jezevcik\/wp-content\/uploads\/2022\/04\/20220416_175814-scaled-e1650380953379.jpg 2316w, https:\/\/jezevcik.zkyjova.cz\/subdom\/jezevcik\/wp-content\/uploads\/2022\/04\/20220416_175814-scaled-e1650380953379-300x214.jpg 300w, https:\/\/jezevcik.zkyjova.cz\/subdom\/jezevcik\/wp-content\/uploads\/2022\/04\/20220416_175814-scaled-e1650380953379-1024x730.jpg 1024w, https:\/\/jezevcik.zkyjova.cz\/subdom\/jezevcik\/wp-content\/uploads\/2022\/04\/20220416_175814-scaled-e1650380953379-768x547.jpg 768w, https:\/\/jezevcik.zkyjova.cz\/subdom\/jezevcik\/wp-content\/uploads\/2022\/04\/20220416_175814-scaled-e1650380953379-1536x1095.jpg 1536w, https:\/\/jezevcik.zkyjova.cz\/subdom\/jezevcik\/wp-content\/uploads\/2022\/04\/20220416_175814-scaled-e1650380953379-2048x1460.jpg 2048w\" sizes=\"auto, (max-width: 382px) 100vw, 382px\" \/><\/a><\/p>\n<p style=\"text-align: center;\"><span style=\"font-size: 1rem;\">13. 4. 2022 &#8230; 40. den &#8230; nah\u0159\u00edv\u00e1me prcky na slun\u00ed\u010dku\u00a0<\/span><\/p>\n<p style=\"text-align: center;\"><span style=\"font-size: 1rem;\"> \u00a0 <\/span><a href=\"https:\/\/jezevcik.zkyjova.cz\/subdom\/jezevcik\/wp-content\/uploads\/2022\/04\/IMG_20220413_183442_379-scaled.jpg\"><img loading=\"lazy\" decoding=\"async\" class=\"wp-image-1206 alignnone\" src=\"https:\/\/jezevcik.zkyjova.cz\/subdom\/jezevcik\/wp-content\/uploads\/2022\/04\/IMG_20220413_183442_379-scaled.jpg\" alt=\"\" width=\"321\" height=\"321\" srcset=\"https:\/\/jezevcik.zkyjova.cz\/subdom\/jezevcik\/wp-content\/uploads\/2022\/04\/IMG_20220413_183442_379-scaled.jpg 2560w, https:\/\/jezevcik.zkyjova.cz\/subdom\/jezevcik\/wp-content\/uploads\/2022\/04\/IMG_20220413_183442_379-300x300.jpg 300w, https:\/\/jezevcik.zkyjova.cz\/subdom\/jezevcik\/wp-content\/uploads\/2022\/04\/IMG_20220413_183442_379-1024x1024.jpg 1024w, https:\/\/jezevcik.zkyjova.cz\/subdom\/jezevcik\/wp-content\/uploads\/2022\/04\/IMG_20220413_183442_379-150x150.jpg 150w, https:\/\/jezevcik.zkyjova.cz\/subdom\/jezevcik\/wp-content\/uploads\/2022\/04\/IMG_20220413_183442_379-768x768.jpg 768w, https:\/\/jezevcik.zkyjova.cz\/subdom\/jezevcik\/wp-content\/uploads\/2022\/04\/IMG_20220413_183442_379-1536x1536.jpg 1536w, https:\/\/jezevcik.zkyjova.cz\/subdom\/jezevcik\/wp-content\/uploads\/2022\/04\/IMG_20220413_183442_379-2048x2048.jpg 2048w, https:\/\/jezevcik.zkyjova.cz\/subdom\/jezevcik\/wp-content\/uploads\/2022\/04\/IMG_20220413_183442_379-100x100.jpg 100w\" sizes=\"auto, (max-width: 321px) 100vw, 321px\" \/><\/a><\/p>\n<p style=\"text-align: center;\"><span style=\"font-size: 1rem;\">9. 4. 2022 &#8230; 36. den<\/span><a href=\"https:\/\/jezevcik.zkyjova.cz\/subdom\/jezevcik\/wp-content\/uploads\/2022\/04\/20220409_124833-scaled.jpg\"><img loading=\"lazy\" decoding=\"async\" class=\" wp-image-1204 aligncenter\" src=\"https:\/\/jezevcik.zkyjova.cz\/subdom\/jezevcik\/wp-content\/uploads\/2022\/04\/20220409_124833-scaled.jpg\" alt=\"\" width=\"384\" height=\"288\" srcset=\"https:\/\/jezevcik.zkyjova.cz\/subdom\/jezevcik\/wp-content\/uploads\/2022\/04\/20220409_124833-scaled.jpg 2560w, https:\/\/jezevcik.zkyjova.cz\/subdom\/jezevcik\/wp-content\/uploads\/2022\/04\/20220409_124833-300x225.jpg 300w, https:\/\/jezevcik.zkyjova.cz\/subdom\/jezevcik\/wp-content\/uploads\/2022\/04\/20220409_124833-1024x768.jpg 1024w, https:\/\/jezevcik.zkyjova.cz\/subdom\/jezevcik\/wp-content\/uploads\/2022\/04\/20220409_124833-768x576.jpg 768w, https:\/\/jezevcik.zkyjova.cz\/subdom\/jezevcik\/wp-content\/uploads\/2022\/04\/20220409_124833-1536x1152.jpg 1536w, https:\/\/jezevcik.zkyjova.cz\/subdom\/jezevcik\/wp-content\/uploads\/2022\/04\/20220409_124833-2048x1536.jpg 2048w\" sizes=\"auto, (max-width: 384px) 100vw, 384px\" \/><\/a><\/p>\n<p style=\"text-align: center;\"><span style=\"font-size: 1rem;\">31. 3. 2022 Potvrzena b\u0159ezost!!!<\/span><a href=\"https:\/\/jezevcik.zkyjova.cz\/subdom\/jezevcik\/wp-content\/uploads\/2022\/04\/stenata3.jpg\"><img loading=\"lazy\" decoding=\"async\" class=\"wp-image-1193 aligncenter\" src=\"https:\/\/jezevcik.zkyjova.cz\/subdom\/jezevcik\/wp-content\/uploads\/2022\/04\/stenata3.jpg\" alt=\"\" width=\"379\" height=\"284\" srcset=\"https:\/\/jezevcik.zkyjova.cz\/subdom\/jezevcik\/wp-content\/uploads\/2022\/04\/stenata3.jpg 640w, https:\/\/jezevcik.zkyjova.cz\/subdom\/jezevcik\/wp-content\/uploads\/2022\/04\/stenata3-300x225.jpg 300w\" sizes=\"auto, (max-width: 379px) 100vw, 379px\" \/><\/a><\/p>\n<h3 style=\"text-align: center;\"><span style=\"font-size: 1rem;\">5. 3. 2022 M\u00e1me nakryto!! <\/span><span style=\"font-size: 1rem;\">Tat\u00ednkem je\u00a0 trpasl\u00edk Bobe\u0161\u00a0 z Bul\u00edna.\u00a0<\/span> <a href=\"https:\/\/jezevcik.zkyjova.cz\/subdom\/jezevcik\/wp-content\/uploads\/2022\/03\/Bobes1_001-scaled.jpg\"><img loading=\"lazy\" decoding=\"async\" class=\"wp-image-1158 aligncenter\" src=\"https:\/\/jezevcik.zkyjova.cz\/subdom\/jezevcik\/wp-content\/uploads\/2022\/03\/Bobes1_001-scaled.jpg\" alt=\"\" width=\"401\" height=\"268\" srcset=\"https:\/\/jezevcik.zkyjova.cz\/subdom\/jezevcik\/wp-content\/uploads\/2022\/03\/Bobes1_001-scaled.jpg 2560w, https:\/\/jezevcik.zkyjova.cz\/subdom\/jezevcik\/wp-content\/uploads\/2022\/03\/Bobes1_001-300x200.jpg 300w, https:\/\/jezevcik.zkyjova.cz\/subdom\/jezevcik\/wp-content\/uploads\/2022\/03\/Bobes1_001-1024x683.jpg 1024w, https:\/\/jezevcik.zkyjova.cz\/subdom\/jezevcik\/wp-content\/uploads\/2022\/03\/Bobes1_001-768x512.jpg 768w, https:\/\/jezevcik.zkyjova.cz\/subdom\/jezevcik\/wp-content\/uploads\/2022\/03\/Bobes1_001-1536x1025.jpg 1536w, https:\/\/jezevcik.zkyjova.cz\/subdom\/jezevcik\/wp-content\/uploads\/2022\/03\/Bobes1_001-2048x1367.jpg 2048w\" sizes=\"auto, (max-width: 401px) 100vw, 401px\" \/><\/a><\/h3>\n<h3 style=\"text-align: center;\"><span style=\"font-size: 1rem;\">3. 3. 2022 vy\u0161et\u0159en\u00ed krve ke zji\u0161t\u011bn\u00ed hladiny progesteronu a ur\u010den\u00ed dne kryt\u00ed<\/span><a href=\"https:\/\/jezevcik.zkyjova.cz\/subdom\/jezevcik\/wp-content\/uploads\/2022\/03\/P2280004.jpg\"><img loading=\"lazy\" decoding=\"async\" class=\"wp-image-1154 aligncenter\" src=\"https:\/\/jezevcik.zkyjova.cz\/subdom\/jezevcik\/wp-content\/uploads\/2022\/03\/P2280004.jpg\" alt=\"\" width=\"400\" height=\"300\" \/><\/a><\/h3>\n","protected":false},"excerpt":{"rendered":"<p>5. 5. 2022 &#8230; 62. den\u00a0 Rod\u00edme&#8230; 1. 5. 2022 &#8230; 58. den\u00a0 23. 4. 2022 &#8230; 50. den &#8230; Kara u\u017e skoro po\u0159\u00e1d odpo\u010d\u00edv\u00e1. A \u0161t\u011b\u0148\u00e1tka se za\u010d\u00ednaj\u00ed h\u00fdbat. \u00a0 16. 4. 2022 &#8230; 43. den &#8230; instalujeme porodn\u00ed bednu na m\u00edsto 13. 4. 2022 &#8230; 40. den &#8230; nah\u0159\u00edv\u00e1me prcky na slun\u00ed\u010dku\u00a0 \u00a0 &hellip; <\/p>\n<p class=\"link-more\"><a href=\"https:\/\/jezevcik.zkyjova.cz\/subdom\/jezevcik\/b-prubeh-brezosti\/\" class=\"more-link\">Pokra\u010dovat ve \u010dten\u00ed<span class=\"screen-reader-text\"> &#8222;&#8222;B&#8220; &#8211; Pr\u016fb\u011bh b\u0159ezosti&#8220;<\/span><\/a><\/p>\n","protected":false},"author":2,"featured_media":0,"parent":0,"menu_order":0,"comment_status":"closed","ping_status":"closed","template":"","meta":{"footnotes":""},"class_list":["post-1142","page","type-page","status-publish","hentry"],"_links":{"self":[{"href":"https:\/\/jezevcik.zkyjova.cz\/subdom\/jezevcik\/wp-json\/wp\/v2\/pages\/1142","targetHints":{"allow":["GET"]}}],"collection":[{"href":"https:\/\/jezevcik.zkyjova.cz\/subdom\/jezevcik\/wp-json\/wp\/v2\/pages"}],"about":[{"href":"https:\/\/jezevcik.zkyjova.cz\/subdom\/jezevcik\/wp-json\/wp\/v2\/types\/page"}],"author":[{"embeddable":true,"href":"https:\/\/jezevcik.zkyjova.cz\/subdom\/jezevcik\/wp-json\/wp\/v2\/users\/2"}],"replies":[{"embeddable":true,"href":"https:\/\/jezevcik.zkyjova.cz\/subdom\/jezevcik\/wp-json\/wp\/v2\/comments?post=1142"}],"version-history":[{"count":19,"href":"https:\/\/jezevcik.zkyjova.cz\/subdom\/jezevcik\/wp-json\/wp\/v2\/pages\/1142\/revisions"}],"predecessor-version":[{"id":1811,"href":"https:\/\/jezevcik.zkyjova.cz\/subdom\/jezevcik\/wp-json\/wp\/v2\/pages\/1142\/revisions\/1811"}],"wp:attachment":[{"href":"https:\/\/jezevcik.zkyjova.cz\/subdom\/jezevcik\/wp-json\/wp\/v2\/media?parent=1142"}],"curies":[{"name":"wp","href":"https:\/\/api.w.org\/{rel}","templated":true}]}}