{"id":1503,"date":"2022-09-18T17:48:41","date_gmt":"2022-09-18T17:48:41","guid":{"rendered":"http:\/\/jezevcik.zkyjova.cz\/subdom\/jezevcik\/?page_id=1503"},"modified":"2022-09-18T17:48:41","modified_gmt":"2022-09-18T17:48:41","slug":"rodinne-setkani-2022","status":"publish","type":"page","link":"https:\/\/jezevcik.zkyjova.cz\/subdom\/jezevcik\/rodinne-setkani-2022\/","title":{"rendered":"Rodinn\u00e9 setk\u00e1n\u00ed 2022"},"content":{"rendered":"<h4>MVP Klatovy 17. 9. 2022\u00a0 ve znamen\u00ed rodinn\u00e9ho setk\u00e1n\u00ed a z\u00edsk\u00e1n\u00ed \u010desk\u00e9ho \u0161ampiona<\/h4>\n<p>&nbsp;<\/p>\n<p style=\"text-align: center;\">Za velmi nevl\u00eddn\u00e9ho a upr\u0161en\u00e9ho z\u00e1\u0159ijov\u00e9ho po\u010das\u00ed jsme se s klukama vrhu A a B potkali na mezin\u00e1rodn\u00ed v\u00fdstav\u011b v Klatovech.<\/p>\n<p style=\"text-align: center;\">Aslan i Bailey jsou mil\u00e1\u010dci.\u00a0 Oba maj\u00ed \u00fa\u017easn\u00e9 povahy, jsou p\u0159\u00e1tel\u0161t\u00ed k lidem i ps\u016fm, p\u0159\u00edtuln\u00ed, u\u010denliv\u00ed a d\u011blaj\u00ed sv\u00fdm pani\u010dk\u00e1m a p\u00e1ne\u010dk\u016fm radost, co\u017e je pro m\u011b, jako chovatelku velk\u00e9 pot\u011b\u0161en\u00ed.<\/p>\n<p style=\"text-align: center;\">T\u011b\u0161\u00edm se na dal\u0161\u00ed v\u0159el\u00e1 setk\u00e1n\u00ed s ps\u00edmi sv\u011b\u0159enci a jejich majiteli.<\/p>\n<p>&nbsp;<\/p>\n<p style=\"text-align: center;\">A velkou radost\u00ed bylo z\u00edsk\u00e1n\u00ed posledn\u00edho pot\u0159ebn\u00e9ho titulu CAC pro ud\u011blen\u00ed \u010cesk\u00e9ho \u0161ampiona pro Bellu.<\/p>\n<p><a href=\"https:\/\/jezevcik.zkyjova.cz\/subdom\/jezevcik\/wp-content\/uploads\/2021\/06\/cropped-znak-01.png\"><img loading=\"lazy\" decoding=\"async\" class=\"wp-image-937  aligncenter\" src=\"https:\/\/jezevcik.zkyjova.cz\/subdom\/jezevcik\/wp-content\/uploads\/2021\/06\/cropped-znak-01-150x150.png\" alt=\"\" width=\"93\" height=\"93\" srcset=\"https:\/\/jezevcik.zkyjova.cz\/subdom\/jezevcik\/wp-content\/uploads\/2021\/06\/cropped-znak-01-150x150.png 150w, https:\/\/jezevcik.zkyjova.cz\/subdom\/jezevcik\/wp-content\/uploads\/2021\/06\/cropped-znak-01-300x300.png 300w, https:\/\/jezevcik.zkyjova.cz\/subdom\/jezevcik\/wp-content\/uploads\/2021\/06\/cropped-znak-01-100x100.png 100w, https:\/\/jezevcik.zkyjova.cz\/subdom\/jezevcik\/wp-content\/uploads\/2021\/06\/cropped-znak-01-270x270.png 270w, https:\/\/jezevcik.zkyjova.cz\/subdom\/jezevcik\/wp-content\/uploads\/2021\/06\/cropped-znak-01-192x192.png 192w, https:\/\/jezevcik.zkyjova.cz\/subdom\/jezevcik\/wp-content\/uploads\/2021\/06\/cropped-znak-01-180x180.png 180w, https:\/\/jezevcik.zkyjova.cz\/subdom\/jezevcik\/wp-content\/uploads\/2021\/06\/cropped-znak-01-32x32.png 32w, https:\/\/jezevcik.zkyjova.cz\/subdom\/jezevcik\/wp-content\/uploads\/2021\/06\/cropped-znak-01.png 512w\" sizes=\"auto, (max-width: 93px) 100vw, 93px\" \/><\/a><\/p>\n<p>&nbsp;<\/p>\n<p><a href=\"https:\/\/jezevcik.zkyjova.cz\/subdom\/jezevcik\/wp-content\/uploads\/2022\/09\/20220917_134409_001-scaled.jpg\"><img loading=\"lazy\" decoding=\"async\" class=\"aligncenter wp-image-1506\" src=\"https:\/\/jezevcik.zkyjova.cz\/subdom\/jezevcik\/wp-content\/uploads\/2022\/09\/20220917_134409_001-1024x602.jpg\" alt=\"\" width=\"630\" height=\"370\" srcset=\"https:\/\/jezevcik.zkyjova.cz\/subdom\/jezevcik\/wp-content\/uploads\/2022\/09\/20220917_134409_001-1024x602.jpg 1024w, https:\/\/jezevcik.zkyjova.cz\/subdom\/jezevcik\/wp-content\/uploads\/2022\/09\/20220917_134409_001-300x176.jpg 300w, https:\/\/jezevcik.zkyjova.cz\/subdom\/jezevcik\/wp-content\/uploads\/2022\/09\/20220917_134409_001-768x452.jpg 768w, https:\/\/jezevcik.zkyjova.cz\/subdom\/jezevcik\/wp-content\/uploads\/2022\/09\/20220917_134409_001-1536x903.jpg 1536w, https:\/\/jezevcik.zkyjova.cz\/subdom\/jezevcik\/wp-content\/uploads\/2022\/09\/20220917_134409_001-2048x1204.jpg 2048w\" sizes=\"auto, (max-width: 630px) 100vw, 630px\" \/><\/a><\/p>\n<p><a href=\"https:\/\/jezevcik.zkyjova.cz\/subdom\/jezevcik\/wp-content\/uploads\/2022\/09\/20220917_124127_001-scaled.jpg\">\u00a0 \u00a0 \u00a0 \u00a0 \u00a0 \u00a0 \u00a0 \u00a0 \u00a0 \u00a0<img loading=\"lazy\" decoding=\"async\" class=\"alignnone wp-image-1504\" src=\"https:\/\/jezevcik.zkyjova.cz\/subdom\/jezevcik\/wp-content\/uploads\/2022\/09\/20220917_124127_001-scaled.jpg\" alt=\"\" width=\"314\" height=\"339\" srcset=\"https:\/\/jezevcik.zkyjova.cz\/subdom\/jezevcik\/wp-content\/uploads\/2022\/09\/20220917_124127_001-scaled.jpg 2367w, https:\/\/jezevcik.zkyjova.cz\/subdom\/jezevcik\/wp-content\/uploads\/2022\/09\/20220917_124127_001-277x300.jpg 277w, https:\/\/jezevcik.zkyjova.cz\/subdom\/jezevcik\/wp-content\/uploads\/2022\/09\/20220917_124127_001-947x1024.jpg 947w, https:\/\/jezevcik.zkyjova.cz\/subdom\/jezevcik\/wp-content\/uploads\/2022\/09\/20220917_124127_001-768x831.jpg 768w, https:\/\/jezevcik.zkyjova.cz\/subdom\/jezevcik\/wp-content\/uploads\/2022\/09\/20220917_124127_001-1420x1536.jpg 1420w, https:\/\/jezevcik.zkyjova.cz\/subdom\/jezevcik\/wp-content\/uploads\/2022\/09\/20220917_124127_001-1894x2048.jpg 1894w\" sizes=\"auto, (max-width: 314px) 100vw, 314px\" \/>\u00a0\u00a0\u00a0\u00a0\u00a0\u00a0\u00a0\u00a0<\/a> <a href=\"https:\/\/jezevcik.zkyjova.cz\/subdom\/jezevcik\/wp-content\/uploads\/2022\/09\/20220917_134030_001-scaled.jpg\"><img loading=\"lazy\" decoding=\"async\" class=\"alignnone wp-image-1505\" src=\"https:\/\/jezevcik.zkyjova.cz\/subdom\/jezevcik\/wp-content\/uploads\/2022\/09\/20220917_134030_001-827x1024.jpg\" alt=\"\" width=\"275\" height=\"340\" srcset=\"https:\/\/jezevcik.zkyjova.cz\/subdom\/jezevcik\/wp-content\/uploads\/2022\/09\/20220917_134030_001-827x1024.jpg 827w, https:\/\/jezevcik.zkyjova.cz\/subdom\/jezevcik\/wp-content\/uploads\/2022\/09\/20220917_134030_001-242x300.jpg 242w, https:\/\/jezevcik.zkyjova.cz\/subdom\/jezevcik\/wp-content\/uploads\/2022\/09\/20220917_134030_001-768x951.jpg 768w, https:\/\/jezevcik.zkyjova.cz\/subdom\/jezevcik\/wp-content\/uploads\/2022\/09\/20220917_134030_001-1241x1536.jpg 1241w, https:\/\/jezevcik.zkyjova.cz\/subdom\/jezevcik\/wp-content\/uploads\/2022\/09\/20220917_134030_001-1655x2048.jpg 1655w\" sizes=\"auto, (max-width: 275px) 100vw, 275px\" \/><\/a><\/p>\n","protected":false},"excerpt":{"rendered":"<p>MVP Klatovy 17. 9. 2022\u00a0 ve znamen\u00ed rodinn\u00e9ho setk\u00e1n\u00ed a z\u00edsk\u00e1n\u00ed \u010desk\u00e9ho \u0161ampiona &nbsp; Za velmi nevl\u00eddn\u00e9ho a upr\u0161en\u00e9ho z\u00e1\u0159ijov\u00e9ho po\u010das\u00ed jsme se s klukama vrhu A a B potkali na mezin\u00e1rodn\u00ed v\u00fdstav\u011b v Klatovech. Aslan i Bailey jsou mil\u00e1\u010dci.\u00a0 Oba maj\u00ed \u00fa\u017easn\u00e9 povahy, jsou p\u0159\u00e1tel\u0161t\u00ed k lidem i ps\u016fm, p\u0159\u00edtuln\u00ed, u\u010denliv\u00ed a d\u011blaj\u00ed sv\u00fdm &hellip; <\/p>\n<p class=\"link-more\"><a href=\"https:\/\/jezevcik.zkyjova.cz\/subdom\/jezevcik\/rodinne-setkani-2022\/\" class=\"more-link\">Pokra\u010dovat ve \u010dten\u00ed<span class=\"screen-reader-text\"> &#8222;Rodinn\u00e9 setk\u00e1n\u00ed 2022&#8220;<\/span><\/a><\/p>\n","protected":false},"author":2,"featured_media":0,"parent":0,"menu_order":0,"comment_status":"closed","ping_status":"closed","template":"","meta":{"footnotes":""},"class_list":["post-1503","page","type-page","status-publish","hentry"],"_links":{"self":[{"href":"https:\/\/jezevcik.zkyjova.cz\/subdom\/jezevcik\/wp-json\/wp\/v2\/pages\/1503","targetHints":{"allow":["GET"]}}],"collection":[{"href":"https:\/\/jezevcik.zkyjova.cz\/subdom\/jezevcik\/wp-json\/wp\/v2\/pages"}],"about":[{"href":"https:\/\/jezevcik.zkyjova.cz\/subdom\/jezevcik\/wp-json\/wp\/v2\/types\/page"}],"author":[{"embeddable":true,"href":"https:\/\/jezevcik.zkyjova.cz\/subdom\/jezevcik\/wp-json\/wp\/v2\/users\/2"}],"replies":[{"embeddable":true,"href":"https:\/\/jezevcik.zkyjova.cz\/subdom\/jezevcik\/wp-json\/wp\/v2\/comments?post=1503"}],"version-history":[{"count":17,"href":"https:\/\/jezevcik.zkyjova.cz\/subdom\/jezevcik\/wp-json\/wp\/v2\/pages\/1503\/revisions"}],"predecessor-version":[{"id":1523,"href":"https:\/\/jezevcik.zkyjova.cz\/subdom\/jezevcik\/wp-json\/wp\/v2\/pages\/1503\/revisions\/1523"}],"wp:attachment":[{"href":"https:\/\/jezevcik.zkyjova.cz\/subdom\/jezevcik\/wp-json\/wp\/v2\/media?parent=1503"}],"curies":[{"name":"wp","href":"https:\/\/api.w.org\/{rel}","templated":true}]}}