{"id":161,"date":"2018-07-07T12:11:28","date_gmt":"2018-07-07T12:11:28","guid":{"rendered":"http:\/\/jezevcik.zkyjova.cz\/subdom\/jezevcik\/?page_id=161"},"modified":"2024-05-24T12:51:32","modified_gmt":"2024-05-24T12:51:32","slug":"marley-rosmery","status":"publish","type":"page","link":"https:\/\/jezevcik.zkyjova.cz\/subdom\/jezevcik\/marley-rosmery\/","title":{"rendered":"Marley Rosmery"},"content":{"rendered":"<h4><a href=\"https:\/\/jezevcik.zkyjova.cz\/subdom\/jezevcik\/wp-content\/uploads\/2019\/07\/20190330-288A9092-Edit.jpg\"><img loading=\"lazy\" decoding=\"async\" class=\"wp-image-321 alignleft\" src=\"https:\/\/jezevcik.zkyjova.cz\/subdom\/jezevcik\/wp-content\/uploads\/2019\/07\/20190330-288A9092-Edit-1024x683.jpg\" alt=\"\" width=\"691\" height=\"461\" srcset=\"https:\/\/jezevcik.zkyjova.cz\/subdom\/jezevcik\/wp-content\/uploads\/2019\/07\/20190330-288A9092-Edit-1024x683.jpg 1024w, https:\/\/jezevcik.zkyjova.cz\/subdom\/jezevcik\/wp-content\/uploads\/2019\/07\/20190330-288A9092-Edit-300x200.jpg 300w, https:\/\/jezevcik.zkyjova.cz\/subdom\/jezevcik\/wp-content\/uploads\/2019\/07\/20190330-288A9092-Edit-768x512.jpg 768w, https:\/\/jezevcik.zkyjova.cz\/subdom\/jezevcik\/wp-content\/uploads\/2019\/07\/20190330-288A9092-Edit-83x55.jpg 83w, https:\/\/jezevcik.zkyjova.cz\/subdom\/jezevcik\/wp-content\/uploads\/2019\/07\/20190330-288A9092-Edit-75x50.jpg 75w, https:\/\/jezevcik.zkyjova.cz\/subdom\/jezevcik\/wp-content\/uploads\/2019\/07\/20190330-288A9092-Edit.jpg 2048w\" sizes=\"auto, (max-width: 691px) 100vw, 691px\" \/><\/a><\/h4>\n<h4>(*3.2.2014)\u00a0 CHOVN\u00dd PES<\/h4>\n<h4>1N\/AKO3S1\/5<\/h4>\n<h4>OH 33cm (akt. 38cm), plnochrp\u00fd<\/h4>\n<hr \/>\n<h4>V\u00ddSTAVY (t\u0159\u00edda pracovn\u00ed):<\/h4>\n<p><strong>\u010cesk\u00fd \u0161ampion, 2x CAC,\u00a0<\/strong><strong>3x V1,\u00a0<\/strong><strong>VD1<\/strong><\/p>\n<h4>ZKOU\u0160KY<\/h4>\n<p><strong>Norn\u00edk, Norowiec<\/strong><\/p>\n<p>ZN (84b)<\/p>\n<p>MKN Wroclaw\u00a0 &#8211; 100b.\/ I. cena<\/p>\n<p>MSBLJ &#8211; 90b.\/ I. cena &#8211; hl\u00e1si\u010d, 80b.\/ II. cena &#8211; hl\u00e1si\u010d<\/p>\n<hr \/>\n<p><a href=\"https:\/\/jezevcik.zkyjova.cz\/subdom\/jezevcik\/wp-content\/uploads\/2023\/03\/veru-web-6.jpg\"><img loading=\"lazy\" decoding=\"async\" class=\"alignnone wp-image-1597\" src=\"https:\/\/jezevcik.zkyjova.cz\/subdom\/jezevcik\/wp-content\/uploads\/2023\/03\/veru-web-6.jpg\" alt=\"\" width=\"321\" height=\"214\" srcset=\"https:\/\/jezevcik.zkyjova.cz\/subdom\/jezevcik\/wp-content\/uploads\/2023\/03\/veru-web-6.jpg 2048w, https:\/\/jezevcik.zkyjova.cz\/subdom\/jezevcik\/wp-content\/uploads\/2023\/03\/veru-web-6-300x200.jpg 300w, https:\/\/jezevcik.zkyjova.cz\/subdom\/jezevcik\/wp-content\/uploads\/2023\/03\/veru-web-6-1024x683.jpg 1024w, https:\/\/jezevcik.zkyjova.cz\/subdom\/jezevcik\/wp-content\/uploads\/2023\/03\/veru-web-6-768x512.jpg 768w, https:\/\/jezevcik.zkyjova.cz\/subdom\/jezevcik\/wp-content\/uploads\/2023\/03\/veru-web-6-1536x1024.jpg 1536w\" sizes=\"auto, (max-width: 321px) 100vw, 321px\" \/><\/a><a href=\"https:\/\/jezevcik.zkyjova.cz\/subdom\/jezevcik\/wp-content\/uploads\/2019\/07\/IGP4770.jpg\">\u00a0 <\/a><a href=\"https:\/\/jezevcik.zkyjova.cz\/subdom\/jezevcik\/wp-content\/uploads\/2023\/03\/veru-web-9.jpg\"><img loading=\"lazy\" decoding=\"async\" class=\"alignnone wp-image-1600\" src=\"https:\/\/jezevcik.zkyjova.cz\/subdom\/jezevcik\/wp-content\/uploads\/2023\/03\/veru-web-9.jpg\" alt=\"\" width=\"323\" height=\"215\" srcset=\"https:\/\/jezevcik.zkyjova.cz\/subdom\/jezevcik\/wp-content\/uploads\/2023\/03\/veru-web-9.jpg 2048w, https:\/\/jezevcik.zkyjova.cz\/subdom\/jezevcik\/wp-content\/uploads\/2023\/03\/veru-web-9-300x200.jpg 300w, https:\/\/jezevcik.zkyjova.cz\/subdom\/jezevcik\/wp-content\/uploads\/2023\/03\/veru-web-9-1024x683.jpg 1024w, https:\/\/jezevcik.zkyjova.cz\/subdom\/jezevcik\/wp-content\/uploads\/2023\/03\/veru-web-9-768x512.jpg 768w, https:\/\/jezevcik.zkyjova.cz\/subdom\/jezevcik\/wp-content\/uploads\/2023\/03\/veru-web-9-1536x1024.jpg 1536w\" sizes=\"auto, (max-width: 323px) 100vw, 323px\" \/><\/a><a href=\"https:\/\/jezevcik.zkyjova.cz\/subdom\/jezevcik\/wp-content\/uploads\/2019\/07\/DSC_5445.jpg\"><img loading=\"lazy\" decoding=\"async\" class=\"alignnone wp-image-313\" src=\"https:\/\/jezevcik.zkyjova.cz\/subdom\/jezevcik\/wp-content\/uploads\/2019\/07\/DSC_5445-1024x683.jpg\" alt=\"\" width=\"321\" height=\"214\" srcset=\"https:\/\/jezevcik.zkyjova.cz\/subdom\/jezevcik\/wp-content\/uploads\/2019\/07\/DSC_5445-1024x683.jpg 1024w, https:\/\/jezevcik.zkyjova.cz\/subdom\/jezevcik\/wp-content\/uploads\/2019\/07\/DSC_5445-300x200.jpg 300w, https:\/\/jezevcik.zkyjova.cz\/subdom\/jezevcik\/wp-content\/uploads\/2019\/07\/DSC_5445-768x512.jpg 768w, https:\/\/jezevcik.zkyjova.cz\/subdom\/jezevcik\/wp-content\/uploads\/2019\/07\/DSC_5445-82x55.jpg 82w, https:\/\/jezevcik.zkyjova.cz\/subdom\/jezevcik\/wp-content\/uploads\/2019\/07\/DSC_5445-75x50.jpg 75w\" sizes=\"auto, (max-width: 321px) 100vw, 321px\" \/><\/a><a href=\"https:\/\/jezevcik.zkyjova.cz\/subdom\/jezevcik\/wp-content\/uploads\/2018\/07\/IMG_1364_002_postcard.jpg\"><img loading=\"lazy\" decoding=\"async\" class=\"alignnone wp-image-162 \" src=\"https:\/\/jezevcik.zkyjova.cz\/subdom\/jezevcik\/wp-content\/uploads\/2018\/07\/IMG_1364_002_postcard-300x191.jpg\" alt=\"\" width=\"335\" height=\"214\" srcset=\"https:\/\/jezevcik.zkyjova.cz\/subdom\/jezevcik\/wp-content\/uploads\/2018\/07\/IMG_1364_002_postcard-300x191.jpg 300w, https:\/\/jezevcik.zkyjova.cz\/subdom\/jezevcik\/wp-content\/uploads\/2018\/07\/IMG_1364_002_postcard-768x489.jpg 768w, https:\/\/jezevcik.zkyjova.cz\/subdom\/jezevcik\/wp-content\/uploads\/2018\/07\/IMG_1364_002_postcard-1024x652.jpg 1024w, https:\/\/jezevcik.zkyjova.cz\/subdom\/jezevcik\/wp-content\/uploads\/2018\/07\/IMG_1364_002_postcard-86x55.jpg 86w\" sizes=\"auto, (max-width: 335px) 100vw, 335px\" \/><\/a> <a href=\"https:\/\/jezevcik.zkyjova.cz\/subdom\/jezevcik\/wp-content\/uploads\/2018\/07\/IMG_1159_001sign.jpg\"><img loading=\"lazy\" decoding=\"async\" class=\"alignnone wp-image-140 \" src=\"https:\/\/jezevcik.zkyjova.cz\/subdom\/jezevcik\/wp-content\/uploads\/2018\/07\/IMG_1159_001sign-300x200.jpg\" alt=\"\" width=\"363\" height=\"242\" srcset=\"https:\/\/jezevcik.zkyjova.cz\/subdom\/jezevcik\/wp-content\/uploads\/2018\/07\/IMG_1159_001sign-300x200.jpg 300w, https:\/\/jezevcik.zkyjova.cz\/subdom\/jezevcik\/wp-content\/uploads\/2018\/07\/IMG_1159_001sign-768x512.jpg 768w, https:\/\/jezevcik.zkyjova.cz\/subdom\/jezevcik\/wp-content\/uploads\/2018\/07\/IMG_1159_001sign-1024x683.jpg 1024w, https:\/\/jezevcik.zkyjova.cz\/subdom\/jezevcik\/wp-content\/uploads\/2018\/07\/IMG_1159_001sign-83x55.jpg 83w, https:\/\/jezevcik.zkyjova.cz\/subdom\/jezevcik\/wp-content\/uploads\/2018\/07\/IMG_1159_001sign-75x50.jpg 75w\" sizes=\"auto, (max-width: 363px) 100vw, 363px\" \/><\/a> <a href=\"https:\/\/jezevcik.zkyjova.cz\/subdom\/jezevcik\/wp-content\/uploads\/2018\/07\/IMG_0829_001.jpg\"><img loading=\"lazy\" decoding=\"async\" class=\"alignnone wp-image-139 \" src=\"https:\/\/jezevcik.zkyjova.cz\/subdom\/jezevcik\/wp-content\/uploads\/2018\/07\/IMG_0829_001-300x300.jpg\" alt=\"\" width=\"242\" height=\"242\" srcset=\"https:\/\/jezevcik.zkyjova.cz\/subdom\/jezevcik\/wp-content\/uploads\/2018\/07\/IMG_0829_001-300x300.jpg 300w, https:\/\/jezevcik.zkyjova.cz\/subdom\/jezevcik\/wp-content\/uploads\/2018\/07\/IMG_0829_001-150x150.jpg 150w, https:\/\/jezevcik.zkyjova.cz\/subdom\/jezevcik\/wp-content\/uploads\/2018\/07\/IMG_0829_001-768x768.jpg 768w, https:\/\/jezevcik.zkyjova.cz\/subdom\/jezevcik\/wp-content\/uploads\/2018\/07\/IMG_0829_001-1024x1024.jpg 1024w, https:\/\/jezevcik.zkyjova.cz\/subdom\/jezevcik\/wp-content\/uploads\/2018\/07\/IMG_0829_001-55x55.jpg 55w\" sizes=\"auto, (max-width: 242px) 100vw, 242px\" \/><\/a> <a href=\"https:\/\/jezevcik.zkyjova.cz\/subdom\/jezevcik\/wp-content\/uploads\/2018\/07\/IMG_3348_001.jpg\"><img loading=\"lazy\" decoding=\"async\" class=\"alignnone wp-image-163 \" src=\"https:\/\/jezevcik.zkyjova.cz\/subdom\/jezevcik\/wp-content\/uploads\/2018\/07\/IMG_3348_001-300x300.jpg\" alt=\"\" width=\"223\" height=\"223\" srcset=\"https:\/\/jezevcik.zkyjova.cz\/subdom\/jezevcik\/wp-content\/uploads\/2018\/07\/IMG_3348_001-300x300.jpg 300w, https:\/\/jezevcik.zkyjova.cz\/subdom\/jezevcik\/wp-content\/uploads\/2018\/07\/IMG_3348_001-150x150.jpg 150w, https:\/\/jezevcik.zkyjova.cz\/subdom\/jezevcik\/wp-content\/uploads\/2018\/07\/IMG_3348_001-768x768.jpg 768w, https:\/\/jezevcik.zkyjova.cz\/subdom\/jezevcik\/wp-content\/uploads\/2018\/07\/IMG_3348_001-1024x1024.jpg 1024w, https:\/\/jezevcik.zkyjova.cz\/subdom\/jezevcik\/wp-content\/uploads\/2018\/07\/IMG_3348_001-55x55.jpg 55w\" sizes=\"auto, (max-width: 223px) 100vw, 223px\" \/>\u00a0<\/a><a href=\"https:\/\/jezevcik.zkyjova.cz\/subdom\/jezevcik\/wp-content\/uploads\/2018\/07\/2015_ZN-Bzenec.jpg\"><img loading=\"lazy\" decoding=\"async\" class=\"alignnone wp-image-185 \" src=\"https:\/\/jezevcik.zkyjova.cz\/subdom\/jezevcik\/wp-content\/uploads\/2018\/07\/2015_ZN-Bzenec-300x200.jpg\" alt=\"\" width=\"337\" height=\"224\" srcset=\"https:\/\/jezevcik.zkyjova.cz\/subdom\/jezevcik\/wp-content\/uploads\/2018\/07\/2015_ZN-Bzenec-300x200.jpg 300w, https:\/\/jezevcik.zkyjova.cz\/subdom\/jezevcik\/wp-content\/uploads\/2018\/07\/2015_ZN-Bzenec-768x512.jpg 768w, https:\/\/jezevcik.zkyjova.cz\/subdom\/jezevcik\/wp-content\/uploads\/2018\/07\/2015_ZN-Bzenec-1024x683.jpg 1024w, https:\/\/jezevcik.zkyjova.cz\/subdom\/jezevcik\/wp-content\/uploads\/2018\/07\/2015_ZN-Bzenec-83x55.jpg 83w, https:\/\/jezevcik.zkyjova.cz\/subdom\/jezevcik\/wp-content\/uploads\/2018\/07\/2015_ZN-Bzenec-75x50.jpg 75w, https:\/\/jezevcik.zkyjova.cz\/subdom\/jezevcik\/wp-content\/uploads\/2018\/07\/2015_ZN-Bzenec.jpg 2048w\" sizes=\"auto, (max-width: 337px) 100vw, 337px\" \/><\/a><a href=\"https:\/\/jezevcik.zkyjova.cz\/subdom\/jezevcik\/wp-content\/uploads\/2018\/07\/bzenec_087.jpg\"> \u00a0 <\/a><a href=\"https:\/\/jezevcik.zkyjova.cz\/subdom\/jezevcik\/wp-content\/uploads\/2019\/07\/KATKA.jpg\">\u00a0 \u00a0\u00a0<\/a><a href=\"https:\/\/jezevcik.zkyjova.cz\/subdom\/jezevcik\/wp-content\/uploads\/2019\/07\/KATKA-e1623256994734.jpg\"><img loading=\"lazy\" decoding=\"async\" class=\"alignnone wp-image-310\" src=\"https:\/\/jezevcik.zkyjova.cz\/subdom\/jezevcik\/wp-content\/uploads\/2019\/07\/KATKA-e1623256994734.jpg\" alt=\"\" width=\"256\" height=\"245\" srcset=\"https:\/\/jezevcik.zkyjova.cz\/subdom\/jezevcik\/wp-content\/uploads\/2019\/07\/KATKA-e1623256994734.jpg 667w, https:\/\/jezevcik.zkyjova.cz\/subdom\/jezevcik\/wp-content\/uploads\/2019\/07\/KATKA-e1623256994734-300x287.jpg 300w\" sizes=\"auto, (max-width: 256px) 100vw, 256px\" \/> \u00a0 \u00a0<\/a><a href=\"https:\/\/jezevcik.zkyjova.cz\/subdom\/jezevcik\/wp-content\/uploads\/2019\/07\/IMG_20170319_144748_001sign.jpg\"><img loading=\"lazy\" decoding=\"async\" class=\"alignnone wp-image-339\" src=\"https:\/\/jezevcik.zkyjova.cz\/subdom\/jezevcik\/wp-content\/uploads\/2019\/07\/IMG_20170319_144748_001sign-1024x576.jpg\" alt=\"\" width=\"391\" height=\"221\" srcset=\"https:\/\/jezevcik.zkyjova.cz\/subdom\/jezevcik\/wp-content\/uploads\/2019\/07\/IMG_20170319_144748_001sign-1024x576.jpg 1024w, https:\/\/jezevcik.zkyjova.cz\/subdom\/jezevcik\/wp-content\/uploads\/2019\/07\/IMG_20170319_144748_001sign-300x169.jpg 300w, https:\/\/jezevcik.zkyjova.cz\/subdom\/jezevcik\/wp-content\/uploads\/2019\/07\/IMG_20170319_144748_001sign-768x432.jpg 768w, https:\/\/jezevcik.zkyjova.cz\/subdom\/jezevcik\/wp-content\/uploads\/2019\/07\/IMG_20170319_144748_001sign-98x55.jpg 98w\" sizes=\"auto, (max-width: 391px) 100vw, 391px\" \/><\/a><a href=\"https:\/\/jezevcik.zkyjova.cz\/subdom\/jezevcik\/wp-content\/uploads\/2019\/07\/KATKA.jpg\">\u00a0<\/a><a href=\"https:\/\/jezevcik.zkyjova.cz\/subdom\/jezevcik\/wp-content\/uploads\/2018\/07\/IMG_3379_001.jpg\">\u00a0\u00a0<img loading=\"lazy\" decoding=\"async\" class=\"alignnone wp-image-164 size-medium\" src=\"https:\/\/jezevcik.zkyjova.cz\/subdom\/jezevcik\/wp-content\/uploads\/2018\/07\/IMG_3379_001-200x300.jpg\" alt=\"\" width=\"200\" height=\"300\" srcset=\"https:\/\/jezevcik.zkyjova.cz\/subdom\/jezevcik\/wp-content\/uploads\/2018\/07\/IMG_3379_001-200x300.jpg 200w, https:\/\/jezevcik.zkyjova.cz\/subdom\/jezevcik\/wp-content\/uploads\/2018\/07\/IMG_3379_001-768x1152.jpg 768w, https:\/\/jezevcik.zkyjova.cz\/subdom\/jezevcik\/wp-content\/uploads\/2018\/07\/IMG_3379_001-683x1024.jpg 683w, https:\/\/jezevcik.zkyjova.cz\/subdom\/jezevcik\/wp-content\/uploads\/2018\/07\/IMG_3379_001-37x55.jpg 37w\" sizes=\"auto, (max-width: 200px) 100vw, 200px\" \/> \u00a0 \u00a0 \u00a0<\/a><\/p>\n<p><a href=\"https:\/\/jezevcik.zkyjova.cz\/subdom\/jezevcik\/wp-content\/uploads\/2021\/06\/znak-01.png\"><img loading=\"lazy\" decoding=\"async\" class=\"wp-image-933 alignnone aligncenter\" src=\"https:\/\/jezevcik.zkyjova.cz\/subdom\/jezevcik\/wp-content\/uploads\/2021\/06\/znak-01.png\" alt=\"\" width=\"201\" height=\"121\" srcset=\"https:\/\/jezevcik.zkyjova.cz\/subdom\/jezevcik\/wp-content\/uploads\/2021\/06\/znak-01.png 2481w, https:\/\/jezevcik.zkyjova.cz\/subdom\/jezevcik\/wp-content\/uploads\/2021\/06\/znak-01-768x457.png 768w, https:\/\/jezevcik.zkyjova.cz\/subdom\/jezevcik\/wp-content\/uploads\/2021\/06\/znak-01-1024x609.png 1024w, https:\/\/jezevcik.zkyjova.cz\/subdom\/jezevcik\/wp-content\/uploads\/2021\/06\/znak-01-2000x1200.png 2000w\" sizes=\"auto, (max-width: 201px) 100vw, 201px\" \/><\/a><\/p>\n","protected":false},"excerpt":{"rendered":"<p>(*3.2.2014)\u00a0 CHOVN\u00dd PES 1N\/AKO3S1\/5 OH 33cm (akt. 38cm), plnochrp\u00fd V\u00ddSTAVY (t\u0159\u00edda pracovn\u00ed): \u010cesk\u00fd \u0161ampion, 2x CAC,\u00a03x V1,\u00a0VD1 ZKOU\u0160KY Norn\u00edk, Norowiec ZN (84b) MKN Wroclaw\u00a0 &#8211; 100b.\/ I. cena MSBLJ &#8211; 90b.\/ I. cena &#8211; hl\u00e1si\u010d, 80b.\/ II. cena &#8211; hl\u00e1si\u010d \u00a0 \u00a0 \u00a0 \u00a0 \u00a0\u00a0 \u00a0 \u00a0\u00a0\u00a0\u00a0 \u00a0 \u00a0 \u00a0<\/p>\n","protected":false},"author":2,"featured_media":0,"parent":0,"menu_order":1,"comment_status":"closed","ping_status":"closed","template":"","meta":{"footnotes":""},"class_list":["post-161","page","type-page","status-publish","hentry"],"_links":{"self":[{"href":"https:\/\/jezevcik.zkyjova.cz\/subdom\/jezevcik\/wp-json\/wp\/v2\/pages\/161","targetHints":{"allow":["GET"]}}],"collection":[{"href":"https:\/\/jezevcik.zkyjova.cz\/subdom\/jezevcik\/wp-json\/wp\/v2\/pages"}],"about":[{"href":"https:\/\/jezevcik.zkyjova.cz\/subdom\/jezevcik\/wp-json\/wp\/v2\/types\/page"}],"author":[{"embeddable":true,"href":"https:\/\/jezevcik.zkyjova.cz\/subdom\/jezevcik\/wp-json\/wp\/v2\/users\/2"}],"replies":[{"embeddable":true,"href":"https:\/\/jezevcik.zkyjova.cz\/subdom\/jezevcik\/wp-json\/wp\/v2\/comments?post=161"}],"version-history":[{"count":41,"href":"https:\/\/jezevcik.zkyjova.cz\/subdom\/jezevcik\/wp-json\/wp\/v2\/pages\/161\/revisions"}],"predecessor-version":[{"id":1991,"href":"https:\/\/jezevcik.zkyjova.cz\/subdom\/jezevcik\/wp-json\/wp\/v2\/pages\/161\/revisions\/1991"}],"wp:attachment":[{"href":"https:\/\/jezevcik.zkyjova.cz\/subdom\/jezevcik\/wp-json\/wp\/v2\/media?parent=161"}],"curies":[{"name":"wp","href":"https:\/\/api.w.org\/{rel}","templated":true}]}}