{"id":1759,"date":"2024-02-09T12:03:30","date_gmt":"2024-02-09T12:03:30","guid":{"rendered":"https:\/\/jezevcik.zkyjova.cz\/subdom\/jezevcik\/?page_id=1759"},"modified":"2024-04-24T15:26:31","modified_gmt":"2024-04-24T15:26:31","slug":"c-prubeh-brezosti","status":"publish","type":"page","link":"https:\/\/jezevcik.zkyjova.cz\/subdom\/jezevcik\/c-prubeh-brezosti\/","title":{"rendered":"&#8222;C&#8220; &#8211; Pr\u016fb\u011bh b\u0159ezosti"},"content":{"rendered":"\r\n<p style=\"text-align: center;\"><a href=\"https:\/\/jezevcik.zkyjova.cz\/subdom\/jezevcik\/wp-content\/uploads\/2024\/03\/2Cecka_poster-scaled.jpg\"><img loading=\"lazy\" decoding=\"async\" class=\"alignnone  wp-image-1806\" src=\"https:\/\/jezevcik.zkyjova.cz\/subdom\/jezevcik\/wp-content\/uploads\/2024\/03\/2Cecka_poster-scaled.jpg\" alt=\"\" width=\"500\" height=\"364\" srcset=\"https:\/\/jezevcik.zkyjova.cz\/subdom\/jezevcik\/wp-content\/uploads\/2024\/03\/2Cecka_poster-scaled.jpg 2560w, https:\/\/jezevcik.zkyjova.cz\/subdom\/jezevcik\/wp-content\/uploads\/2024\/03\/2Cecka_poster-300x218.jpg 300w, https:\/\/jezevcik.zkyjova.cz\/subdom\/jezevcik\/wp-content\/uploads\/2024\/03\/2Cecka_poster-1024x746.jpg 1024w, https:\/\/jezevcik.zkyjova.cz\/subdom\/jezevcik\/wp-content\/uploads\/2024\/03\/2Cecka_poster-768x559.jpg 768w, https:\/\/jezevcik.zkyjova.cz\/subdom\/jezevcik\/wp-content\/uploads\/2024\/03\/2Cecka_poster-1536x1119.jpg 1536w, https:\/\/jezevcik.zkyjova.cz\/subdom\/jezevcik\/wp-content\/uploads\/2024\/03\/2Cecka_poster-2048x1492.jpg 2048w\" sizes=\"auto, (max-width: 500px) 100vw, 500px\" \/><\/a><\/p>\r\n<p style=\"text-align: center;\"><strong><mark class=\"has-inline-color has-luminous-vivid-amber-color\" style=\"background-color: rgba(0, 0, 0, 0);\">22.dubna 2024\u00a0 (61.den)<\/mark><\/strong><\/p>\r\n<p style=\"text-align: center;\">ROD\u00cdME&#8230;!<\/p>\r\n<p style=\"text-align: center;\"><strong><mark class=\"has-inline-color has-luminous-vivid-amber-color\" style=\"background-color: rgba(0, 0, 0, 0);\">17.dubna 2024\u00a0 (56.den)<\/mark><\/strong><\/p>\r\n<p style=\"text-align: center;\"><a href=\"https:\/\/jezevcik.zkyjova.cz\/subdom\/jezevcik\/wp-content\/uploads\/2024\/04\/1000051977-01-scaled.jpeg\"><img loading=\"lazy\" decoding=\"async\" class=\"alignnone  wp-image-1862\" src=\"https:\/\/jezevcik.zkyjova.cz\/subdom\/jezevcik\/wp-content\/uploads\/2024\/04\/1000051977-01-scaled.jpeg\" alt=\"\" width=\"300\" height=\"225\" srcset=\"https:\/\/jezevcik.zkyjova.cz\/subdom\/jezevcik\/wp-content\/uploads\/2024\/04\/1000051977-01-scaled.jpeg 2560w, https:\/\/jezevcik.zkyjova.cz\/subdom\/jezevcik\/wp-content\/uploads\/2024\/04\/1000051977-01-300x225.jpeg 300w, https:\/\/jezevcik.zkyjova.cz\/subdom\/jezevcik\/wp-content\/uploads\/2024\/04\/1000051977-01-1024x768.jpeg 1024w, https:\/\/jezevcik.zkyjova.cz\/subdom\/jezevcik\/wp-content\/uploads\/2024\/04\/1000051977-01-768x576.jpeg 768w, https:\/\/jezevcik.zkyjova.cz\/subdom\/jezevcik\/wp-content\/uploads\/2024\/04\/1000051977-01-1536x1152.jpeg 1536w, https:\/\/jezevcik.zkyjova.cz\/subdom\/jezevcik\/wp-content\/uploads\/2024\/04\/1000051977-01-2048x1536.jpeg 2048w\" sizes=\"auto, (max-width: 300px) 100vw, 300px\" \/><\/a><\/p>\r\n<p style=\"text-align: center;\"><strong><mark class=\"has-inline-color has-luminous-vivid-amber-color\" style=\"background-color: rgba(0, 0, 0, 0);\">14.dubna 2024\u00a0 (53.den)<\/mark><\/strong><\/p>\r\n<p style=\"text-align: center;\">Kdy\u017e d\u011bcka hraj\u00ed fotbal..<\/p>\r\n<p style=\"text-align: center;\">.<a href=\"https:\/\/jezevcik.zkyjova.cz\/subdom\/jezevcik\/wp-content\/uploads\/2024\/04\/20240413_192407-scaled.jpg\"><img loading=\"lazy\" decoding=\"async\" class=\"alignnone  wp-image-1859\" src=\"https:\/\/jezevcik.zkyjova.cz\/subdom\/jezevcik\/wp-content\/uploads\/2024\/04\/20240413_192407-scaled.jpg\" alt=\"\" width=\"301\" height=\"402\" srcset=\"https:\/\/jezevcik.zkyjova.cz\/subdom\/jezevcik\/wp-content\/uploads\/2024\/04\/20240413_192407-scaled.jpg 1920w, https:\/\/jezevcik.zkyjova.cz\/subdom\/jezevcik\/wp-content\/uploads\/2024\/04\/20240413_192407-225x300.jpg 225w, https:\/\/jezevcik.zkyjova.cz\/subdom\/jezevcik\/wp-content\/uploads\/2024\/04\/20240413_192407-768x1024.jpg 768w, https:\/\/jezevcik.zkyjova.cz\/subdom\/jezevcik\/wp-content\/uploads\/2024\/04\/20240413_192407-1152x1536.jpg 1152w, https:\/\/jezevcik.zkyjova.cz\/subdom\/jezevcik\/wp-content\/uploads\/2024\/04\/20240413_192407-1536x2048.jpg 1536w\" sizes=\"auto, (max-width: 301px) 100vw, 301px\" \/> <\/a><\/p>\r\n<p style=\"text-align: center;\"><a href=\"https:\/\/jezevcik.zkyjova.cz\/subdom\/jezevcik\/wp-content\/uploads\/2024\/04\/1000051968-01-scaled.jpeg\"><img loading=\"lazy\" decoding=\"async\" class=\"alignnone  wp-image-1861\" src=\"https:\/\/jezevcik.zkyjova.cz\/subdom\/jezevcik\/wp-content\/uploads\/2024\/04\/1000051968-01-scaled.jpeg\" alt=\"\" width=\"300\" height=\"225\" srcset=\"https:\/\/jezevcik.zkyjova.cz\/subdom\/jezevcik\/wp-content\/uploads\/2024\/04\/1000051968-01-scaled.jpeg 2560w, https:\/\/jezevcik.zkyjova.cz\/subdom\/jezevcik\/wp-content\/uploads\/2024\/04\/1000051968-01-300x225.jpeg 300w, https:\/\/jezevcik.zkyjova.cz\/subdom\/jezevcik\/wp-content\/uploads\/2024\/04\/1000051968-01-1024x768.jpeg 1024w, https:\/\/jezevcik.zkyjova.cz\/subdom\/jezevcik\/wp-content\/uploads\/2024\/04\/1000051968-01-768x576.jpeg 768w, https:\/\/jezevcik.zkyjova.cz\/subdom\/jezevcik\/wp-content\/uploads\/2024\/04\/1000051968-01-1536x1152.jpeg 1536w, https:\/\/jezevcik.zkyjova.cz\/subdom\/jezevcik\/wp-content\/uploads\/2024\/04\/1000051968-01-2048x1536.jpeg 2048w\" sizes=\"auto, (max-width: 300px) 100vw, 300px\" \/><\/a><\/p>\r\n<p style=\"text-align: center;\"><strong><mark class=\"has-inline-color has-luminous-vivid-amber-color\" style=\"background-color: rgba(0, 0, 0, 0);\">9.dubna 2024\u00a0 (48.den)<\/mark><\/strong><\/p>\r\n<p style=\"text-align: center;\">Posledn\u00ed p\u0159edporodn\u00ed kontrola.\u00a0<\/p>\r\n<p style=\"text-align: center;\"><a href=\"https:\/\/jezevcik.zkyjova.cz\/subdom\/jezevcik\/wp-content\/uploads\/2024\/04\/1000051063-01-scaled.jpeg\"><img loading=\"lazy\" decoding=\"async\" class=\"alignnone  wp-image-1849\" src=\"https:\/\/jezevcik.zkyjova.cz\/subdom\/jezevcik\/wp-content\/uploads\/2024\/04\/1000051063-01-scaled.jpeg\" alt=\"\" width=\"210\" height=\"280\" srcset=\"https:\/\/jezevcik.zkyjova.cz\/subdom\/jezevcik\/wp-content\/uploads\/2024\/04\/1000051063-01-scaled.jpeg 1920w, https:\/\/jezevcik.zkyjova.cz\/subdom\/jezevcik\/wp-content\/uploads\/2024\/04\/1000051063-01-225x300.jpeg 225w, https:\/\/jezevcik.zkyjova.cz\/subdom\/jezevcik\/wp-content\/uploads\/2024\/04\/1000051063-01-768x1024.jpeg 768w, https:\/\/jezevcik.zkyjova.cz\/subdom\/jezevcik\/wp-content\/uploads\/2024\/04\/1000051063-01-1152x1536.jpeg 1152w, https:\/\/jezevcik.zkyjova.cz\/subdom\/jezevcik\/wp-content\/uploads\/2024\/04\/1000051063-01-1536x2048.jpeg 1536w\" sizes=\"auto, (max-width: 210px) 100vw, 210px\" \/> <\/a><a href=\"https:\/\/jezevcik.zkyjova.cz\/subdom\/jezevcik\/wp-content\/uploads\/2024\/04\/1000051413-01-scaled.jpeg\"><img loading=\"lazy\" decoding=\"async\" class=\"alignnone  wp-image-1854\" src=\"https:\/\/jezevcik.zkyjova.cz\/subdom\/jezevcik\/wp-content\/uploads\/2024\/04\/1000051413-01-scaled.jpeg\" alt=\"\" width=\"200\" height=\"281\" srcset=\"https:\/\/jezevcik.zkyjova.cz\/subdom\/jezevcik\/wp-content\/uploads\/2024\/04\/1000051413-01-scaled.jpeg 1828w, https:\/\/jezevcik.zkyjova.cz\/subdom\/jezevcik\/wp-content\/uploads\/2024\/04\/1000051413-01-214x300.jpeg 214w, https:\/\/jezevcik.zkyjova.cz\/subdom\/jezevcik\/wp-content\/uploads\/2024\/04\/1000051413-01-731x1024.jpeg 731w, https:\/\/jezevcik.zkyjova.cz\/subdom\/jezevcik\/wp-content\/uploads\/2024\/04\/1000051413-01-768x1075.jpeg 768w, https:\/\/jezevcik.zkyjova.cz\/subdom\/jezevcik\/wp-content\/uploads\/2024\/04\/1000051413-01-1097x1536.jpeg 1097w, https:\/\/jezevcik.zkyjova.cz\/subdom\/jezevcik\/wp-content\/uploads\/2024\/04\/1000051413-01-1463x2048.jpeg 1463w\" sizes=\"auto, (max-width: 200px) 100vw, 200px\" \/><\/a><\/p>\r\n<p><a href=\"https:\/\/jezevcik.zkyjova.cz\/subdom\/jezevcik\/wp-content\/uploads\/2024\/04\/1000051424-01-scaled.jpeg\"><img loading=\"lazy\" decoding=\"async\" class=\"wp-image-1855 aligncenter\" src=\"https:\/\/jezevcik.zkyjova.cz\/subdom\/jezevcik\/wp-content\/uploads\/2024\/04\/1000051424-01-scaled.jpeg\" alt=\"\" width=\"400\" height=\"300\" srcset=\"https:\/\/jezevcik.zkyjova.cz\/subdom\/jezevcik\/wp-content\/uploads\/2024\/04\/1000051424-01-scaled.jpeg 2560w, https:\/\/jezevcik.zkyjova.cz\/subdom\/jezevcik\/wp-content\/uploads\/2024\/04\/1000051424-01-300x225.jpeg 300w, https:\/\/jezevcik.zkyjova.cz\/subdom\/jezevcik\/wp-content\/uploads\/2024\/04\/1000051424-01-1024x768.jpeg 1024w, https:\/\/jezevcik.zkyjova.cz\/subdom\/jezevcik\/wp-content\/uploads\/2024\/04\/1000051424-01-768x576.jpeg 768w, https:\/\/jezevcik.zkyjova.cz\/subdom\/jezevcik\/wp-content\/uploads\/2024\/04\/1000051424-01-1536x1152.jpeg 1536w, https:\/\/jezevcik.zkyjova.cz\/subdom\/jezevcik\/wp-content\/uploads\/2024\/04\/1000051424-01-2048x1536.jpeg 2048w\" sizes=\"auto, (max-width: 400px) 100vw, 400px\" \/><\/a><\/p>\r\n<p style=\"text-align: center;\">\u00a0<\/p>\r\n<p style=\"text-align: center;\"><strong><mark class=\"has-inline-color has-luminous-vivid-amber-color\" style=\"background-color: rgba(0, 0, 0, 0);\">1.dubna 2024\u00a0 (40.den)<\/mark><\/strong><\/p>\r\n<p style=\"text-align: center;\">Velikono\u010dn\u00ed pond\u011bl\u00ed na proch\u00e1zce\u00a0<\/p>\r\n<p><a href=\"https:\/\/jezevcik.zkyjova.cz\/subdom\/jezevcik\/wp-content\/uploads\/2024\/04\/1000050405-01-scaled.jpeg\"><img loading=\"lazy\" decoding=\"async\" class=\"wp-image-1835 aligncenter\" src=\"https:\/\/jezevcik.zkyjova.cz\/subdom\/jezevcik\/wp-content\/uploads\/2024\/04\/1000050405-01-scaled.jpeg\" alt=\"\" width=\"300\" height=\"400\" srcset=\"https:\/\/jezevcik.zkyjova.cz\/subdom\/jezevcik\/wp-content\/uploads\/2024\/04\/1000050405-01-scaled.jpeg 1920w, https:\/\/jezevcik.zkyjova.cz\/subdom\/jezevcik\/wp-content\/uploads\/2024\/04\/1000050405-01-225x300.jpeg 225w, https:\/\/jezevcik.zkyjova.cz\/subdom\/jezevcik\/wp-content\/uploads\/2024\/04\/1000050405-01-768x1024.jpeg 768w, https:\/\/jezevcik.zkyjova.cz\/subdom\/jezevcik\/wp-content\/uploads\/2024\/04\/1000050405-01-1152x1536.jpeg 1152w, https:\/\/jezevcik.zkyjova.cz\/subdom\/jezevcik\/wp-content\/uploads\/2024\/04\/1000050405-01-1536x2048.jpeg 1536w\" sizes=\"auto, (max-width: 300px) 100vw, 300px\" \/><\/a><\/p>\r\n<p style=\"text-align: center;\"><strong><mark class=\"has-inline-color has-luminous-vivid-amber-color\" style=\"background-color: rgba(0, 0, 0, 0);\">29. b\u0159ezna 2024\u00a0 (38.den)<\/mark><\/strong><\/p>\r\n<p style=\"text-align: center;\">Velikonoce v kostce &#8211; trimovaly jsme, Bella pekla mimina na slun\u00ed\u010dku<\/p>\r\n<p style=\"text-align: center;\">a zabydluje se pomalu ve vydezinfikovan\u00e9 porodn\u00ed bedn\u011b.<\/p>\r\n<p style=\"text-align: center;\">Do toho chod\u00edme na kr\u00e1tk\u00e9 proch\u00e1zky a hodn\u011b odpo\u010d\u00edv\u00e1. \u2661<\/p>\r\n<p style=\"text-align: center;\"><a href=\"https:\/\/jezevcik.zkyjova.cz\/subdom\/jezevcik\/wp-content\/uploads\/2024\/03\/20240329_115255-scaled.jpg\"><img loading=\"lazy\" decoding=\"async\" class=\"wp-image-1831 aligncenter\" src=\"https:\/\/jezevcik.zkyjova.cz\/subdom\/jezevcik\/wp-content\/uploads\/2024\/03\/20240329_115255-scaled.jpg\" alt=\"\" width=\"400\" height=\"300\" srcset=\"https:\/\/jezevcik.zkyjova.cz\/subdom\/jezevcik\/wp-content\/uploads\/2024\/03\/20240329_115255-scaled.jpg 2560w, https:\/\/jezevcik.zkyjova.cz\/subdom\/jezevcik\/wp-content\/uploads\/2024\/03\/20240329_115255-300x225.jpg 300w, https:\/\/jezevcik.zkyjova.cz\/subdom\/jezevcik\/wp-content\/uploads\/2024\/03\/20240329_115255-1024x768.jpg 1024w, https:\/\/jezevcik.zkyjova.cz\/subdom\/jezevcik\/wp-content\/uploads\/2024\/03\/20240329_115255-768x576.jpg 768w, https:\/\/jezevcik.zkyjova.cz\/subdom\/jezevcik\/wp-content\/uploads\/2024\/03\/20240329_115255-1536x1152.jpg 1536w, https:\/\/jezevcik.zkyjova.cz\/subdom\/jezevcik\/wp-content\/uploads\/2024\/03\/20240329_115255-2048x1536.jpg 2048w\" sizes=\"auto, (max-width: 400px) 100vw, 400px\" \/><\/a><a href=\"https:\/\/jezevcik.zkyjova.cz\/subdom\/jezevcik\/wp-content\/uploads\/2024\/03\/1000050131-01-scaled.jpeg\"><img loading=\"lazy\" decoding=\"async\" class=\"alignnone  wp-image-1829\" src=\"https:\/\/jezevcik.zkyjova.cz\/subdom\/jezevcik\/wp-content\/uploads\/2024\/03\/1000050131-01-scaled.jpeg\" alt=\"\" width=\"400\" height=\"300\" srcset=\"https:\/\/jezevcik.zkyjova.cz\/subdom\/jezevcik\/wp-content\/uploads\/2024\/03\/1000050131-01-scaled.jpeg 2560w, https:\/\/jezevcik.zkyjova.cz\/subdom\/jezevcik\/wp-content\/uploads\/2024\/03\/1000050131-01-300x225.jpeg 300w, https:\/\/jezevcik.zkyjova.cz\/subdom\/jezevcik\/wp-content\/uploads\/2024\/03\/1000050131-01-1024x768.jpeg 1024w, https:\/\/jezevcik.zkyjova.cz\/subdom\/jezevcik\/wp-content\/uploads\/2024\/03\/1000050131-01-768x576.jpeg 768w, https:\/\/jezevcik.zkyjova.cz\/subdom\/jezevcik\/wp-content\/uploads\/2024\/03\/1000050131-01-1536x1152.jpeg 1536w, https:\/\/jezevcik.zkyjova.cz\/subdom\/jezevcik\/wp-content\/uploads\/2024\/03\/1000050131-01-2048x1536.jpeg 2048w\" sizes=\"auto, (max-width: 400px) 100vw, 400px\" \/><\/a> <a href=\"https:\/\/jezevcik.zkyjova.cz\/subdom\/jezevcik\/wp-content\/uploads\/2024\/03\/1000050159-01-scaled.jpeg\"><img loading=\"lazy\" decoding=\"async\" class=\"alignnone  wp-image-1830\" src=\"https:\/\/jezevcik.zkyjova.cz\/subdom\/jezevcik\/wp-content\/uploads\/2024\/03\/1000050159-01-scaled.jpeg\" alt=\"\" width=\"401\" height=\"340\" srcset=\"https:\/\/jezevcik.zkyjova.cz\/subdom\/jezevcik\/wp-content\/uploads\/2024\/03\/1000050159-01-scaled.jpeg 2560w, https:\/\/jezevcik.zkyjova.cz\/subdom\/jezevcik\/wp-content\/uploads\/2024\/03\/1000050159-01-300x254.jpeg 300w, https:\/\/jezevcik.zkyjova.cz\/subdom\/jezevcik\/wp-content\/uploads\/2024\/03\/1000050159-01-1024x866.jpeg 1024w, https:\/\/jezevcik.zkyjova.cz\/subdom\/jezevcik\/wp-content\/uploads\/2024\/03\/1000050159-01-768x650.jpeg 768w, https:\/\/jezevcik.zkyjova.cz\/subdom\/jezevcik\/wp-content\/uploads\/2024\/03\/1000050159-01-1536x1300.jpeg 1536w, https:\/\/jezevcik.zkyjova.cz\/subdom\/jezevcik\/wp-content\/uploads\/2024\/03\/1000050159-01-2048x1733.jpeg 2048w\" sizes=\"auto, (max-width: 401px) 100vw, 401px\" \/><\/a><\/p>\r\n<p style=\"text-align: center;\"><strong><mark class=\"has-inline-color has-luminous-vivid-amber-color\" style=\"background-color: rgba(0, 0, 0, 0);\">22. b\u0159ezna 2024\u00a0 (30.den)<\/mark><\/strong><\/p>\r\n<p style=\"text-align: center;\">Jsme v polovin\u011b a u\u017e se evidentn\u011b kulat\u00edme.<\/p>\r\n<p style=\"text-align: center;\"><a href=\"https:\/\/jezevcik.zkyjova.cz\/subdom\/jezevcik\/wp-content\/uploads\/2024\/03\/29.den_-scaled.jpeg\"><img loading=\"lazy\" decoding=\"async\" class=\" wp-image-1814 aligncenter\" src=\"https:\/\/jezevcik.zkyjova.cz\/subdom\/jezevcik\/wp-content\/uploads\/2024\/03\/29.den_-scaled.jpeg\" alt=\"\" width=\"399\" height=\"299\" srcset=\"https:\/\/jezevcik.zkyjova.cz\/subdom\/jezevcik\/wp-content\/uploads\/2024\/03\/29.den_-scaled.jpeg 2560w, https:\/\/jezevcik.zkyjova.cz\/subdom\/jezevcik\/wp-content\/uploads\/2024\/03\/29.den_-300x225.jpeg 300w, https:\/\/jezevcik.zkyjova.cz\/subdom\/jezevcik\/wp-content\/uploads\/2024\/03\/29.den_-1024x768.jpeg 1024w, https:\/\/jezevcik.zkyjova.cz\/subdom\/jezevcik\/wp-content\/uploads\/2024\/03\/29.den_-768x576.jpeg 768w, https:\/\/jezevcik.zkyjova.cz\/subdom\/jezevcik\/wp-content\/uploads\/2024\/03\/29.den_-1536x1152.jpeg 1536w, https:\/\/jezevcik.zkyjova.cz\/subdom\/jezevcik\/wp-content\/uploads\/2024\/03\/29.den_-2048x1536.jpeg 2048w\" sizes=\"auto, (max-width: 399px) 100vw, 399px\" \/><\/a><\/p>\r\n<p style=\"text-align: center;\"><strong><mark class=\"has-inline-color has-luminous-vivid-amber-color\" style=\"background-color: rgba(0, 0, 0, 0);\">20. b\u0159ezna 2024\u00a0 &#8222;Mezin\u00e1rodn\u00ed den \u0161t\u011bst\u00ed&#8220; (28.den)<\/mark><\/strong><\/p>\r\n<p style=\"text-align: center;\">\u2661 B\u0159ezost potvrzena! \u2661<\/p>\r\n<p style=\"text-align: center;\"><a href=\"https:\/\/jezevcik.zkyjova.cz\/subdom\/jezevcik\/wp-content\/uploads\/2024\/03\/UZ.jpg\"><img loading=\"lazy\" decoding=\"async\" class=\"alignnone  wp-image-1805\" src=\"https:\/\/jezevcik.zkyjova.cz\/subdom\/jezevcik\/wp-content\/uploads\/2024\/03\/UZ.jpg\" alt=\"\" width=\"404\" height=\"303\" srcset=\"https:\/\/jezevcik.zkyjova.cz\/subdom\/jezevcik\/wp-content\/uploads\/2024\/03\/UZ.jpg 2048w, https:\/\/jezevcik.zkyjova.cz\/subdom\/jezevcik\/wp-content\/uploads\/2024\/03\/UZ-300x225.jpg 300w, https:\/\/jezevcik.zkyjova.cz\/subdom\/jezevcik\/wp-content\/uploads\/2024\/03\/UZ-1024x768.jpg 1024w, https:\/\/jezevcik.zkyjova.cz\/subdom\/jezevcik\/wp-content\/uploads\/2024\/03\/UZ-768x576.jpg 768w, https:\/\/jezevcik.zkyjova.cz\/subdom\/jezevcik\/wp-content\/uploads\/2024\/03\/UZ-1536x1152.jpg 1536w\" sizes=\"auto, (max-width: 404px) 100vw, 404px\" \/><\/a><\/p>\r\n\r\n\r\n\r\n<p class=\"has-text-align-center\" style=\"text-align: center;\"><strong><mark class=\"has-inline-color has-luminous-vivid-amber-color\" style=\"background-color: rgba(0, 0, 0, 0);\"><strong><mark class=\"has-inline-color has-luminous-vivid-amber-color\" style=\"background-color: rgba(0, 0, 0, 0);\">22. \u00fanora 2024<\/mark><\/strong><\/mark><\/strong><\/p>\r\n\r\n<p style=\"text-align: center;\">\u2661 M\u00e1me nakryto! \u2661<\/p>\r\n<p style=\"text-align: center;\">\u017denichem je mlad\u00fd chovn\u00fd pes, import z Finska &#8211; <a href=\"http:\/\/databaze.kchj.cz\/detail\/0\/110469-luxonia_gozzytix\/\">Fin<\/a><\/p>\r\n<p style=\"text-align: center;\">ofici\u00e1ln\u00edm jm\u00e9nem Luxonia Gozzytix<a href=\"https:\/\/jezevcik.zkyjova.cz\/subdom\/jezevcik\/wp-content\/uploads\/2024\/03\/Polish_20240202_173357019.png\"><img loading=\"lazy\" decoding=\"async\" class=\"wp-image-1833 aligncenter\" src=\"https:\/\/jezevcik.zkyjova.cz\/subdom\/jezevcik\/wp-content\/uploads\/2024\/03\/Polish_20240202_173357019.png\" alt=\"\" width=\"483\" height=\"348\" srcset=\"https:\/\/jezevcik.zkyjova.cz\/subdom\/jezevcik\/wp-content\/uploads\/2024\/03\/Polish_20240202_173357019.png 1618w, https:\/\/jezevcik.zkyjova.cz\/subdom\/jezevcik\/wp-content\/uploads\/2024\/03\/Polish_20240202_173357019-300x216.png 300w, https:\/\/jezevcik.zkyjova.cz\/subdom\/jezevcik\/wp-content\/uploads\/2024\/03\/Polish_20240202_173357019-1024x738.png 1024w, https:\/\/jezevcik.zkyjova.cz\/subdom\/jezevcik\/wp-content\/uploads\/2024\/03\/Polish_20240202_173357019-768x553.png 768w, https:\/\/jezevcik.zkyjova.cz\/subdom\/jezevcik\/wp-content\/uploads\/2024\/03\/Polish_20240202_173357019-1536x1107.png 1536w\" sizes=\"auto, (max-width: 483px) 100vw, 483px\" \/><\/a><\/p>\r\n\r\n<p style=\"text-align: center;\"><strong><mark class=\"has-inline-color has-luminous-vivid-amber-color\" style=\"background-color: rgba(0, 0, 0, 0);\"><strong><mark class=\"has-inline-color has-luminous-vivid-amber-color\" style=\"background-color: rgba(0, 0, 0, 0);\">19.\/22. \u00fanora 2024<\/mark><\/strong><\/mark><\/strong><\/p>\r\n\r\n\r\n\r\n<p class=\"has-text-align-center\" style=\"text-align: center;\">Tour de progesteron byla \u00fasp\u011b\u0161n\u00e1.<\/p>\r\n\r\n\r\n\r\n<p class=\"has-text-align-center\" style=\"text-align: center;\">Trouf\u00e1m si \u0159\u00edct, \u017ee na\u010dasov\u00e1n\u00ed bylo p\u0159esn\u00e9<\/p>\r\n<p class=\"has-text-align-center\" style=\"text-align: center;\">a za m\u011bs\u00edc uvid\u00edme, jestli se to povedlo.<\/p>\r\n\r\n\r\n<div class=\"wp-block-image\">\r\n<figure class=\"aligncenter size-large is-resized\"><a href=\"https:\/\/jezevcik.zkyjova.cz\/subdom\/jezevcik\/wp-content\/uploads\/2024\/02\/1000047980-01-scaled.jpeg\"><img loading=\"lazy\" decoding=\"async\" width=\"739\" height=\"1024\" class=\"wp-image-1768 aligncenter\" style=\"width: 248px; height: auto;\" src=\"https:\/\/jezevcik.zkyjova.cz\/subdom\/jezevcik\/wp-content\/uploads\/2024\/02\/1000047980-01-739x1024.jpeg\" alt=\"\" srcset=\"https:\/\/jezevcik.zkyjova.cz\/subdom\/jezevcik\/wp-content\/uploads\/2024\/02\/1000047980-01-739x1024.jpeg 739w, https:\/\/jezevcik.zkyjova.cz\/subdom\/jezevcik\/wp-content\/uploads\/2024\/02\/1000047980-01-216x300.jpeg 216w, https:\/\/jezevcik.zkyjova.cz\/subdom\/jezevcik\/wp-content\/uploads\/2024\/02\/1000047980-01-768x1065.jpeg 768w, https:\/\/jezevcik.zkyjova.cz\/subdom\/jezevcik\/wp-content\/uploads\/2024\/02\/1000047980-01-1108x1536.jpeg 1108w, https:\/\/jezevcik.zkyjova.cz\/subdom\/jezevcik\/wp-content\/uploads\/2024\/02\/1000047980-01-1477x2048.jpeg 1477w, https:\/\/jezevcik.zkyjova.cz\/subdom\/jezevcik\/wp-content\/uploads\/2024\/02\/1000047980-01-scaled.jpeg 1847w\" sizes=\"auto, (max-width: 739px) 100vw, 739px\" \/><\/a><\/figure>\r\n<p><a href=\"https:\/\/jezevcik.zkyjova.cz\/subdom\/jezevcik\/wp-content\/uploads\/2021\/06\/cropped-znak-01.png\"><img loading=\"lazy\" decoding=\"async\" class=\"wp-image-937 aligncenter\" src=\"https:\/\/jezevcik.zkyjova.cz\/subdom\/jezevcik\/wp-content\/uploads\/2021\/06\/cropped-znak-01.png\" alt=\"\" width=\"88\" height=\"88\" srcset=\"https:\/\/jezevcik.zkyjova.cz\/subdom\/jezevcik\/wp-content\/uploads\/2021\/06\/cropped-znak-01.png 512w, https:\/\/jezevcik.zkyjova.cz\/subdom\/jezevcik\/wp-content\/uploads\/2021\/06\/cropped-znak-01-150x150.png 150w, https:\/\/jezevcik.zkyjova.cz\/subdom\/jezevcik\/wp-content\/uploads\/2021\/06\/cropped-znak-01-300x300.png 300w, https:\/\/jezevcik.zkyjova.cz\/subdom\/jezevcik\/wp-content\/uploads\/2021\/06\/cropped-znak-01-100x100.png 100w, https:\/\/jezevcik.zkyjova.cz\/subdom\/jezevcik\/wp-content\/uploads\/2021\/06\/cropped-znak-01-270x270.png 270w, https:\/\/jezevcik.zkyjova.cz\/subdom\/jezevcik\/wp-content\/uploads\/2021\/06\/cropped-znak-01-192x192.png 192w, https:\/\/jezevcik.zkyjova.cz\/subdom\/jezevcik\/wp-content\/uploads\/2021\/06\/cropped-znak-01-180x180.png 180w, https:\/\/jezevcik.zkyjova.cz\/subdom\/jezevcik\/wp-content\/uploads\/2021\/06\/cropped-znak-01-32x32.png 32w\" sizes=\"auto, (max-width: 88px) 100vw, 88px\" \/><\/a><\/p>\r\n<\/div>","protected":false},"excerpt":{"rendered":"<p>22.dubna 2024\u00a0 (61.den) ROD\u00cdME&#8230;! 17.dubna 2024\u00a0 (56.den) 14.dubna 2024\u00a0 (53.den) Kdy\u017e d\u011bcka hraj\u00ed fotbal.. . 9.dubna 2024\u00a0 (48.den) Posledn\u00ed p\u0159edporodn\u00ed kontrola.\u00a0 \u00a0 1.dubna 2024\u00a0 (40.den) Velikono\u010dn\u00ed pond\u011bl\u00ed na proch\u00e1zce\u00a0 29. b\u0159ezna 2024\u00a0 (38.den) Velikonoce v kostce &#8211; trimovaly jsme, Bella pekla mimina na slun\u00ed\u010dku a zabydluje se pomalu ve vydezinfikovan\u00e9 porodn\u00ed bedn\u011b. Do toho chod\u00edme &hellip; <\/p>\n<p class=\"link-more\"><a href=\"https:\/\/jezevcik.zkyjova.cz\/subdom\/jezevcik\/c-prubeh-brezosti\/\" class=\"more-link\">Pokra\u010dovat ve \u010dten\u00ed<span class=\"screen-reader-text\"> &#8222;&#8222;C&#8220; &#8211; Pr\u016fb\u011bh b\u0159ezosti&#8220;<\/span><\/a><\/p>\n","protected":false},"author":2,"featured_media":0,"parent":0,"menu_order":0,"comment_status":"closed","ping_status":"closed","template":"","meta":{"footnotes":""},"class_list":["post-1759","page","type-page","status-publish","hentry"],"_links":{"self":[{"href":"https:\/\/jezevcik.zkyjova.cz\/subdom\/jezevcik\/wp-json\/wp\/v2\/pages\/1759","targetHints":{"allow":["GET"]}}],"collection":[{"href":"https:\/\/jezevcik.zkyjova.cz\/subdom\/jezevcik\/wp-json\/wp\/v2\/pages"}],"about":[{"href":"https:\/\/jezevcik.zkyjova.cz\/subdom\/jezevcik\/wp-json\/wp\/v2\/types\/page"}],"author":[{"embeddable":true,"href":"https:\/\/jezevcik.zkyjova.cz\/subdom\/jezevcik\/wp-json\/wp\/v2\/users\/2"}],"replies":[{"embeddable":true,"href":"https:\/\/jezevcik.zkyjova.cz\/subdom\/jezevcik\/wp-json\/wp\/v2\/comments?post=1759"}],"version-history":[{"count":27,"href":"https:\/\/jezevcik.zkyjova.cz\/subdom\/jezevcik\/wp-json\/wp\/v2\/pages\/1759\/revisions"}],"predecessor-version":[{"id":1784,"href":"https:\/\/jezevcik.zkyjova.cz\/subdom\/jezevcik\/wp-json\/wp\/v2\/pages\/1759\/revisions\/1784"}],"wp:attachment":[{"href":"https:\/\/jezevcik.zkyjova.cz\/subdom\/jezevcik\/wp-json\/wp\/v2\/media?parent=1759"}],"curies":[{"name":"wp","href":"https:\/\/api.w.org\/{rel}","templated":true}]}}