{"id":204,"date":"2018-07-07T14:56:26","date_gmt":"2018-07-07T14:56:26","guid":{"rendered":"http:\/\/jezevcik.zkyjova.cz\/subdom\/jezevcik\/?page_id=204"},"modified":"2022-02-18T17:03:12","modified_gmt":"2022-02-18T17:03:12","slug":"prirustek","status":"publish","type":"page","link":"https:\/\/jezevcik.zkyjova.cz\/subdom\/jezevcik\/prirustek\/","title":{"rendered":"P\u0159\u00edr\u016fstek Cellest Yahaanel alias Kara"},"content":{"rendered":"<h3 style=\"text-align: center;\">\u00a0 \u00a0 \u00a0Nemo\u017en\u00e9 se stalo skute\u010dnost\u00ed a v roce 2017 jsem si mohla splnit sv\u016fj dal\u0161\u00ed sen &#8211; po\u0159\u00eddit si fenku drsnosrst\u00e9ho jezev\u010d\u00edka z p\u0159erovsk\u00e9 chovatelsk\u00e9 stanice Yahaanel.<\/h3>\n<h3 style=\"text-align: center;\"><a href=\"https:\/\/jezevcik.zkyjova.cz\/subdom\/jezevcik\/wp-content\/uploads\/2018\/07\/IMG_7721_001.jpg\"><img loading=\"lazy\" decoding=\"async\" class=\"wp-image-151 alignleft\" src=\"https:\/\/jezevcik.zkyjova.cz\/subdom\/jezevcik\/wp-content\/uploads\/2018\/07\/IMG_7721_001-300x200.jpg\" alt=\"\" width=\"372\" height=\"248\" srcset=\"https:\/\/jezevcik.zkyjova.cz\/subdom\/jezevcik\/wp-content\/uploads\/2018\/07\/IMG_7721_001-300x200.jpg 300w, https:\/\/jezevcik.zkyjova.cz\/subdom\/jezevcik\/wp-content\/uploads\/2018\/07\/IMG_7721_001-768x512.jpg 768w, https:\/\/jezevcik.zkyjova.cz\/subdom\/jezevcik\/wp-content\/uploads\/2018\/07\/IMG_7721_001-1024x683.jpg 1024w, https:\/\/jezevcik.zkyjova.cz\/subdom\/jezevcik\/wp-content\/uploads\/2018\/07\/IMG_7721_001-83x55.jpg 83w, https:\/\/jezevcik.zkyjova.cz\/subdom\/jezevcik\/wp-content\/uploads\/2018\/07\/IMG_7721_001-75x50.jpg 75w\" sizes=\"auto, (max-width: 372px) 100vw, 372px\" \/><\/a><br \/>\nMal\u00e1 fenka kr\u00e1li\u010d\u00edho r\u00e1zu se srdcem draka dok\u00e1\u017ee zpest\u0159it ka\u017ed\u00fd n\u00e1\u0161 spole\u010dn\u00fd z\u00e1\u017eitek.<br \/>\nV leto\u0161n\u00edm roce jsme si daly za c\u00edl nau\u010dit se pohybovat ve v\u00fdstavn\u00edm kruhu a vystavovat.<br \/>\nM\u016f\u017ee se zd\u00e1t, \u017ee je to jednoduch\u00e1 z\u00e1le\u017eitost &#8211; vz\u00edt ps\u00edka a j\u00edt na v\u00fdstavu, ale pro kynolo\u017eku &#8211; za\u010d\u00e1te\u010dnici, je to nepoznan\u00fd sv\u011bt. S ka\u017edou v\u00fdstavou se zdokonaluji v um\u011bn\u00ed trimov\u00e1n\u00ed (Marley to doposud zas a\u017e tak nepot\u0159eboval) a spole\u010dn\u011b se zlep\u0161ujeme v ch\u016fzi, pohybu a snad i tom trimov\u00e1n\u00ed.<br \/>\nSpole\u010dn\u00fdm \u00fasil\u00edm a postupn\u00fdm zdokonalov\u00e1n\u00edm se n\u00e1m poda\u0159ilo z\u00edskat titul \u010cesk\u00fd junior \u0161ampion, a to ve v\u011bku 1 roku a titul klubov\u00fd v\u00edt\u011bz mlad\u00fdch z Klubov\u00e9 v\u00fdstavy jezev\u010d\u00edk\u016f v Nep\u0159ev\u00e1zce.<\/h3>\n<h3 style=\"text-align: center;\">Velk\u00fd d\u00edk pat\u0159\u00ed na\u0161\u00ed domovsk\u00e9 chovatelsk\u00e9 stanici Yahaanel, skv\u011bl\u00fdm lidem a p\u0159\u00e1tel\u016fm, kte\u0159\u00ed jsou v\u017edy velmi ochotn\u00ed a shov\u00edvav\u00ed ke v\u0161em m\u00fdm dotaz\u016fm a rovn\u011b\u017e jsou velkou oporou a milou spole\u010dnost\u00ed na v\u00fdstav\u00e1ch a p\u0159i tr\u00e9ninc\u00edch na zkou\u0161ky.<\/h3>\n<p>&nbsp;<\/p>\n<p><a href=\"https:\/\/jezevcik.zkyjova.cz\/subdom\/jezevcik\/wp-content\/uploads\/2021\/06\/znak-01.png\"><img loading=\"lazy\" decoding=\"async\" class=\"wp-image-933 aligncenter\" src=\"https:\/\/jezevcik.zkyjova.cz\/subdom\/jezevcik\/wp-content\/uploads\/2021\/06\/znak-01.png\" alt=\"\" width=\"201\" height=\"121\" srcset=\"https:\/\/jezevcik.zkyjova.cz\/subdom\/jezevcik\/wp-content\/uploads\/2021\/06\/znak-01.png 2481w, https:\/\/jezevcik.zkyjova.cz\/subdom\/jezevcik\/wp-content\/uploads\/2021\/06\/znak-01-768x457.png 768w, https:\/\/jezevcik.zkyjova.cz\/subdom\/jezevcik\/wp-content\/uploads\/2021\/06\/znak-01-1024x609.png 1024w, https:\/\/jezevcik.zkyjova.cz\/subdom\/jezevcik\/wp-content\/uploads\/2021\/06\/znak-01-2000x1200.png 2000w\" sizes=\"auto, (max-width: 201px) 100vw, 201px\" \/><\/a><\/p>\n","protected":false},"excerpt":{"rendered":"<p>\u00a0 \u00a0 \u00a0Nemo\u017en\u00e9 se stalo skute\u010dnost\u00ed a v roce 2017 jsem si mohla splnit sv\u016fj dal\u0161\u00ed sen &#8211; po\u0159\u00eddit si fenku drsnosrst\u00e9ho jezev\u010d\u00edka z p\u0159erovsk\u00e9 chovatelsk\u00e9 stanice Yahaanel. Mal\u00e1 fenka kr\u00e1li\u010d\u00edho r\u00e1zu se srdcem draka dok\u00e1\u017ee zpest\u0159it ka\u017ed\u00fd n\u00e1\u0161 spole\u010dn\u00fd z\u00e1\u017eitek. V leto\u0161n\u00edm roce jsme si daly za c\u00edl nau\u010dit se pohybovat ve v\u00fdstavn\u00edm kruhu &hellip; <\/p>\n<p class=\"link-more\"><a href=\"https:\/\/jezevcik.zkyjova.cz\/subdom\/jezevcik\/prirustek\/\" class=\"more-link\">Pokra\u010dovat ve \u010dten\u00ed<span class=\"screen-reader-text\"> &#8222;P\u0159\u00edr\u016fstek Cellest Yahaanel alias Kara&#8220;<\/span><\/a><\/p>\n","protected":false},"author":2,"featured_media":0,"parent":0,"menu_order":0,"comment_status":"closed","ping_status":"closed","template":"","meta":{"footnotes":""},"class_list":["post-204","page","type-page","status-publish","hentry"],"_links":{"self":[{"href":"https:\/\/jezevcik.zkyjova.cz\/subdom\/jezevcik\/wp-json\/wp\/v2\/pages\/204","targetHints":{"allow":["GET"]}}],"collection":[{"href":"https:\/\/jezevcik.zkyjova.cz\/subdom\/jezevcik\/wp-json\/wp\/v2\/pages"}],"about":[{"href":"https:\/\/jezevcik.zkyjova.cz\/subdom\/jezevcik\/wp-json\/wp\/v2\/types\/page"}],"author":[{"embeddable":true,"href":"https:\/\/jezevcik.zkyjova.cz\/subdom\/jezevcik\/wp-json\/wp\/v2\/users\/2"}],"replies":[{"embeddable":true,"href":"https:\/\/jezevcik.zkyjova.cz\/subdom\/jezevcik\/wp-json\/wp\/v2\/comments?post=204"}],"version-history":[{"count":17,"href":"https:\/\/jezevcik.zkyjova.cz\/subdom\/jezevcik\/wp-json\/wp\/v2\/pages\/204\/revisions"}],"predecessor-version":[{"id":1139,"href":"https:\/\/jezevcik.zkyjova.cz\/subdom\/jezevcik\/wp-json\/wp\/v2\/pages\/204\/revisions\/1139"}],"wp:attachment":[{"href":"https:\/\/jezevcik.zkyjova.cz\/subdom\/jezevcik\/wp-json\/wp\/v2\/media?parent=204"}],"curies":[{"name":"wp","href":"https:\/\/api.w.org\/{rel}","templated":true}]}}