{"id":2132,"date":"2026-01-12T08:43:47","date_gmt":"2026-01-12T08:43:47","guid":{"rendered":"https:\/\/jezevcik.zkyjova.cz\/subdom\/jezevcik\/?page_id=2132"},"modified":"2026-01-12T08:43:47","modified_gmt":"2026-01-12T08:43:47","slug":"aydis-z-masecinskeho-hvozdu-daisy","status":"publish","type":"page","link":"https:\/\/jezevcik.zkyjova.cz\/subdom\/jezevcik\/aydis-z-masecinskeho-hvozdu-daisy\/","title":{"rendered":"Aydis Z Mase\u010d\u00ednsk\u00e9ho hvozdu (Daisy)"},"content":{"rendered":"<p><a href=\"https:\/\/jezevcik.zkyjova.cz\/subdom\/jezevcik\/wp-content\/uploads\/2026\/01\/IMG_5545_001-scaled.jpg\"><img loading=\"lazy\" decoding=\"async\" class=\"alignnone  wp-image-2134\" src=\"https:\/\/jezevcik.zkyjova.cz\/subdom\/jezevcik\/wp-content\/uploads\/2026\/01\/IMG_5545_001-scaled.jpg\" alt=\"\" width=\"451\" height=\"301\" srcset=\"https:\/\/jezevcik.zkyjova.cz\/subdom\/jezevcik\/wp-content\/uploads\/2026\/01\/IMG_5545_001-scaled.jpg 2560w, https:\/\/jezevcik.zkyjova.cz\/subdom\/jezevcik\/wp-content\/uploads\/2026\/01\/IMG_5545_001-300x200.jpg 300w, https:\/\/jezevcik.zkyjova.cz\/subdom\/jezevcik\/wp-content\/uploads\/2026\/01\/IMG_5545_001-1024x683.jpg 1024w, https:\/\/jezevcik.zkyjova.cz\/subdom\/jezevcik\/wp-content\/uploads\/2026\/01\/IMG_5545_001-768x512.jpg 768w, https:\/\/jezevcik.zkyjova.cz\/subdom\/jezevcik\/wp-content\/uploads\/2026\/01\/IMG_5545_001-1536x1024.jpg 1536w, https:\/\/jezevcik.zkyjova.cz\/subdom\/jezevcik\/wp-content\/uploads\/2026\/01\/IMG_5545_001-2048x1365.jpg 2048w\" sizes=\"auto, (max-width: 451px) 100vw, 451px\" \/><\/a><\/p>\n<p><strong>(*7.11.2025)\u00a0 FENA (vnu\u010dka po Ka\u0159e)<\/strong><\/p>\n<h4>O: C.I.E. Bailey Maryacell x M: Imunita Elizabeth Valentinka<\/h4>\n","protected":false},"excerpt":{"rendered":"<p>(*7.11.2025)\u00a0 FENA (vnu\u010dka po Ka\u0159e) O: C.I.E. Bailey Maryacell x M: Imunita Elizabeth Valentinka<\/p>\n","protected":false},"author":2,"featured_media":0,"parent":0,"menu_order":0,"comment_status":"closed","ping_status":"closed","template":"","meta":{"footnotes":""},"class_list":["post-2132","page","type-page","status-publish","hentry"],"_links":{"self":[{"href":"https:\/\/jezevcik.zkyjova.cz\/subdom\/jezevcik\/wp-json\/wp\/v2\/pages\/2132","targetHints":{"allow":["GET"]}}],"collection":[{"href":"https:\/\/jezevcik.zkyjova.cz\/subdom\/jezevcik\/wp-json\/wp\/v2\/pages"}],"about":[{"href":"https:\/\/jezevcik.zkyjova.cz\/subdom\/jezevcik\/wp-json\/wp\/v2\/types\/page"}],"author":[{"embeddable":true,"href":"https:\/\/jezevcik.zkyjova.cz\/subdom\/jezevcik\/wp-json\/wp\/v2\/users\/2"}],"replies":[{"embeddable":true,"href":"https:\/\/jezevcik.zkyjova.cz\/subdom\/jezevcik\/wp-json\/wp\/v2\/comments?post=2132"}],"version-history":[{"count":5,"href":"https:\/\/jezevcik.zkyjova.cz\/subdom\/jezevcik\/wp-json\/wp\/v2\/pages\/2132\/revisions"}],"predecessor-version":[{"id":2139,"href":"https:\/\/jezevcik.zkyjova.cz\/subdom\/jezevcik\/wp-json\/wp\/v2\/pages\/2132\/revisions\/2139"}],"wp:attachment":[{"href":"https:\/\/jezevcik.zkyjova.cz\/subdom\/jezevcik\/wp-json\/wp\/v2\/media?parent=2132"}],"curies":[{"name":"wp","href":"https:\/\/api.w.org\/{rel}","templated":true}]}}