{"id":444,"date":"2019-09-17T16:02:17","date_gmt":"2019-09-17T16:02:17","guid":{"rendered":"http:\/\/jezevcik.zkyjova.cz\/subdom\/jezevcik\/?page_id=444"},"modified":"2022-02-26T15:01:37","modified_gmt":"2022-02-26T15:01:37","slug":"mezinarodne-chraneny-nazev-chovatelske-stanice-maryacell","status":"publish","type":"page","link":"https:\/\/jezevcik.zkyjova.cz\/subdom\/jezevcik\/mezinarodne-chraneny-nazev-chovatelske-stanice-maryacell\/","title":{"rendered":"Mezin\u00e1rodn\u011b chr\u00e1n\u011bn\u00fd n\u00e1zev chovatelsk\u00e9 stanice Maryacell"},"content":{"rendered":"<h2 style=\"text-align: left;\"><\/h2>\n<h3 style=\"text-align: center;\">S\u00a0velkou hrdost\u00ed m\u016f\u017eu ozn\u00e1mit, \u017ee se n\u00e1m poda\u0159ily splnit v\u0161echny podm\u00ednky vedouc\u00ed k\u00a0uchovn\u011bn\u00ed nejmlad\u0161\u00ed \u010dlenky na\u0161\u00ed sme\u010dky a k zalo\u017een\u00ed chovatelsk\u00e9 stanice.<\/h3>\n<h3 style=\"text-align: center;\">Zd\u00e1 se to jako oka m\u017eik, co jsem si p\u0159ivezla dom\u016f Marleyho z Rosmer\u00e1kova- mal\u00e9, \u010dern\u00e9, rozpustil\u00e9 klub\u00ed\u010dko s\u00a0obrovsk\u00fdm srdcem a up\u0159\u00edmn\u00fdma o\u010dima. Spoustu z\u00a0toho mu z\u016fstalo a dodnes jsem vd\u011b\u010dn\u00e1, \u017ee ho m\u00e1m, proto\u017ee je to m\u016fj And\u011bl str\u00e1\u017en\u00fd.<\/h3>\n<h3 style=\"text-align: center;\">A je to tro\u0161ku men\u0161\u00ed m\u017eik, co n\u00e1m do sme\u010dky p\u0159ibyla na\u0161e sou\u010dasn\u00e1 velitelka a na\u0161e hv\u011bzda, Kara \u2013 Cellest Yahaanel.<\/h3>\n<h3 style=\"text-align: center;\">A p\u0159esn\u011b po t\u0159ech letech se m\u016fj sen o chovn\u00e9 stanici, stal skute\u010dnost\u00ed.<\/h3>\n<h3 style=\"text-align: center;\">Dr\u017ete n\u00e1m palce a tlapi\u010dky.<\/h3>\n<h4><\/h4>\n<h4 style=\"text-align: center;\">\u00a0 \u00a0 \u00a0 \u00a0 \u00a0 \u00a0 \u00a0 \u00a0 \u00a0 \u00a0 \u00a0 \u00a0 \u00a0 \u00a0 \u00a0 \u00a0 \u00a0 \u00a0 \u00a0 \u00a0 \u00a0 \u00a0 \u00a0 \u00a0 \u00a0 \u00a0 \u00a0 \u00a0 \u00a0 \u00a0 \u00a0 \u00a0 \u00a0 \u00a0 \u00a0 \u00a0 \u00a0 \u00a0 \u00a0 \u00a0 \u00a0 \u00a0 \u00a0 \u00a0 \u00a0 \u00a0 \u00a0 \u00a0 \u00a0 \u00a0 \u00a0 \u00a0 \u00a0 \u00a0 \u00a0 \u00a0 \u00a0 \u00a0 \u00a0 \u00a0 \u00a0 \u00a0 \u00a0 \u00a0 \u00a0 \u00a0 \u00a0 \u00a0 \u00a0 \u00a0 \u00a0 \u00a0 \u00a0 Va\u0161e Maryacell\u00a0<a href=\"https:\/\/jezevcik.zkyjova.cz\/subdom\/jezevcik\/wp-content\/uploads\/2021\/06\/znak-01.png\"><img loading=\"lazy\" decoding=\"async\" class=\"wp-image-933 alignright\" src=\"https:\/\/jezevcik.zkyjova.cz\/subdom\/jezevcik\/wp-content\/uploads\/2021\/06\/znak-01.png\" alt=\"\" width=\"201\" height=\"121\" srcset=\"https:\/\/jezevcik.zkyjova.cz\/subdom\/jezevcik\/wp-content\/uploads\/2021\/06\/znak-01.png 2481w, https:\/\/jezevcik.zkyjova.cz\/subdom\/jezevcik\/wp-content\/uploads\/2021\/06\/znak-01-768x457.png 768w, https:\/\/jezevcik.zkyjova.cz\/subdom\/jezevcik\/wp-content\/uploads\/2021\/06\/znak-01-1024x609.png 1024w, https:\/\/jezevcik.zkyjova.cz\/subdom\/jezevcik\/wp-content\/uploads\/2021\/06\/znak-01-2000x1200.png 2000w\" sizes=\"auto, (max-width: 201px) 100vw, 201px\" \/><\/a> \u00a0<span style=\"text-align: right;\"> \u00a0 \u00a0 \u00a0 \u00a0\u00a0<\/span><\/h4>\n<p style=\"text-align: right;\"><a href=\"https:\/\/jezevcik.zkyjova.cz\/subdom\/jezevcik\/wp-content\/uploads\/2019\/09\/IMG_9016.jpg\"><img loading=\"lazy\" decoding=\"async\" class=\" wp-image-439 aligncenter\" src=\"https:\/\/jezevcik.zkyjova.cz\/subdom\/jezevcik\/wp-content\/uploads\/2019\/09\/IMG_9016-1024x683.jpg\" alt=\"\" width=\"640\" height=\"427\" srcset=\"https:\/\/jezevcik.zkyjova.cz\/subdom\/jezevcik\/wp-content\/uploads\/2019\/09\/IMG_9016-1024x683.jpg 1024w, https:\/\/jezevcik.zkyjova.cz\/subdom\/jezevcik\/wp-content\/uploads\/2019\/09\/IMG_9016-300x200.jpg 300w, https:\/\/jezevcik.zkyjova.cz\/subdom\/jezevcik\/wp-content\/uploads\/2019\/09\/IMG_9016-768x512.jpg 768w, https:\/\/jezevcik.zkyjova.cz\/subdom\/jezevcik\/wp-content\/uploads\/2019\/09\/IMG_9016-83x55.jpg 83w, https:\/\/jezevcik.zkyjova.cz\/subdom\/jezevcik\/wp-content\/uploads\/2019\/09\/IMG_9016-75x50.jpg 75w\" sizes=\"auto, (max-width: 640px) 100vw, 640px\" \/><\/a><\/p>\n<p><a href=\"https:\/\/jezevcik.zkyjova.cz\/subdom\/jezevcik\/wp-content\/uploads\/2022\/02\/Certifikat_mezinarodne_chranena_Chovatelska_Stanice.jpg.jpeg\"><img loading=\"lazy\" decoding=\"async\" class=\"wp-image-1147 aligncenter\" src=\"https:\/\/jezevcik.zkyjova.cz\/subdom\/jezevcik\/wp-content\/uploads\/2022\/02\/Certifikat_mezinarodne_chranena_Chovatelska_Stanice.jpg.jpeg\" alt=\"\" width=\"603\" height=\"426\" srcset=\"https:\/\/jezevcik.zkyjova.cz\/subdom\/jezevcik\/wp-content\/uploads\/2022\/02\/Certifikat_mezinarodne_chranena_Chovatelska_Stanice.jpg.jpeg 2460w, https:\/\/jezevcik.zkyjova.cz\/subdom\/jezevcik\/wp-content\/uploads\/2022\/02\/Certifikat_mezinarodne_chranena_Chovatelska_Stanice.jpg-300x212.jpeg 300w, https:\/\/jezevcik.zkyjova.cz\/subdom\/jezevcik\/wp-content\/uploads\/2022\/02\/Certifikat_mezinarodne_chranena_Chovatelska_Stanice.jpg-1024x723.jpeg 1024w, https:\/\/jezevcik.zkyjova.cz\/subdom\/jezevcik\/wp-content\/uploads\/2022\/02\/Certifikat_mezinarodne_chranena_Chovatelska_Stanice.jpg-768x543.jpeg 768w, https:\/\/jezevcik.zkyjova.cz\/subdom\/jezevcik\/wp-content\/uploads\/2022\/02\/Certifikat_mezinarodne_chranena_Chovatelska_Stanice.jpg-1536x1085.jpeg 1536w, https:\/\/jezevcik.zkyjova.cz\/subdom\/jezevcik\/wp-content\/uploads\/2022\/02\/Certifikat_mezinarodne_chranena_Chovatelska_Stanice.jpg-2048x1447.jpeg 2048w\" sizes=\"auto, (max-width: 603px) 100vw, 603px\" \/><\/a><\/p>\n","protected":false},"excerpt":{"rendered":"<p>S\u00a0velkou hrdost\u00ed m\u016f\u017eu ozn\u00e1mit, \u017ee se n\u00e1m poda\u0159ily splnit v\u0161echny podm\u00ednky vedouc\u00ed k\u00a0uchovn\u011bn\u00ed nejmlad\u0161\u00ed \u010dlenky na\u0161\u00ed sme\u010dky a k zalo\u017een\u00ed chovatelsk\u00e9 stanice. Zd\u00e1 se to jako oka m\u017eik, co jsem si p\u0159ivezla dom\u016f Marleyho z Rosmer\u00e1kova- mal\u00e9, \u010dern\u00e9, rozpustil\u00e9 klub\u00ed\u010dko s\u00a0obrovsk\u00fdm srdcem a up\u0159\u00edmn\u00fdma o\u010dima. Spoustu z\u00a0toho mu z\u016fstalo a dodnes jsem vd\u011b\u010dn\u00e1, \u017ee ho &hellip; <\/p>\n<p class=\"link-more\"><a href=\"https:\/\/jezevcik.zkyjova.cz\/subdom\/jezevcik\/mezinarodne-chraneny-nazev-chovatelske-stanice-maryacell\/\" class=\"more-link\">Pokra\u010dovat ve \u010dten\u00ed<span class=\"screen-reader-text\"> &#8222;Mezin\u00e1rodn\u011b chr\u00e1n\u011bn\u00fd n\u00e1zev chovatelsk\u00e9 stanice Maryacell&#8220;<\/span><\/a><\/p>\n","protected":false},"author":2,"featured_media":0,"parent":0,"menu_order":0,"comment_status":"closed","ping_status":"closed","template":"","meta":{"footnotes":""},"class_list":["post-444","page","type-page","status-publish","hentry"],"_links":{"self":[{"href":"https:\/\/jezevcik.zkyjova.cz\/subdom\/jezevcik\/wp-json\/wp\/v2\/pages\/444","targetHints":{"allow":["GET"]}}],"collection":[{"href":"https:\/\/jezevcik.zkyjova.cz\/subdom\/jezevcik\/wp-json\/wp\/v2\/pages"}],"about":[{"href":"https:\/\/jezevcik.zkyjova.cz\/subdom\/jezevcik\/wp-json\/wp\/v2\/types\/page"}],"author":[{"embeddable":true,"href":"https:\/\/jezevcik.zkyjova.cz\/subdom\/jezevcik\/wp-json\/wp\/v2\/users\/2"}],"replies":[{"embeddable":true,"href":"https:\/\/jezevcik.zkyjova.cz\/subdom\/jezevcik\/wp-json\/wp\/v2\/comments?post=444"}],"version-history":[{"count":9,"href":"https:\/\/jezevcik.zkyjova.cz\/subdom\/jezevcik\/wp-json\/wp\/v2\/pages\/444\/revisions"}],"predecessor-version":[{"id":1148,"href":"https:\/\/jezevcik.zkyjova.cz\/subdom\/jezevcik\/wp-json\/wp\/v2\/pages\/444\/revisions\/1148"}],"wp:attachment":[{"href":"https:\/\/jezevcik.zkyjova.cz\/subdom\/jezevcik\/wp-json\/wp\/v2\/media?parent=444"}],"curies":[{"name":"wp","href":"https:\/\/api.w.org\/{rel}","templated":true}]}}