{"id":543,"date":"2020-03-06T11:46:22","date_gmt":"2020-03-06T11:46:22","guid":{"rendered":"http:\/\/jezevcik.zkyjova.cz\/subdom\/jezevcik\/?page_id=543"},"modified":"2021-06-09T15:53:33","modified_gmt":"2021-06-09T15:53:33","slug":"pracovni-pohar","status":"publish","type":"page","link":"https:\/\/jezevcik.zkyjova.cz\/subdom\/jezevcik\/pracovni-pohar\/","title":{"rendered":"3. m\u00edsto v Pracovn\u00edm poh\u00e1ru KCHJ 2019"},"content":{"rendered":"<h3 style=\"text-align: center;\">Lo\u0148sk\u00fd rok byl pro m\u011b, jako chovatelku, v\u016fdkyni a majitelku jezev\u010d\u00edk\u016f zlomov\u00fd v \u0159ad\u011b v\u011bc\u00ed.<br \/>\nTou nejz\u00e1sadn\u011bj\u0161\u00ed byla hned troj\u00ed premi\u00e9ra m\u011b jako v\u016fdkyn\u011b na zkou\u0161k\u00e1ch loveck\u00fdch ps\u016f.<br \/>\nAbsolvovaly jsme s Karou barv\u00e1\u0159sk\u00e9 zkou\u0161ky, lesn\u00ed zkou\u0161ky i zkou\u0161ky vlohy.<br \/>\nA jeliko\u017e to bylo moje osobn\u00ed v\u00edt\u011bzstv\u00ed, zaslala jsem v\u00fdsledky do Pracovn\u00edho poh\u00e1ru jezev\u010d\u00edk\u016f KCHJ 2019.<\/h3>\n<h3 style=\"text-align: center;\">A co se nestalo!<\/h3>\n<h3 style=\"text-align: center;\"><strong>M\u00e1me 3. m\u00edsto!!!<\/strong><\/h3>\n<p style=\"text-align: center;\">\ud83d\ude42<\/p>\n<p style=\"text-align: center;\"><a href=\"https:\/\/jezevcik.zkyjova.cz\/subdom\/jezevcik\/wp-content\/uploads\/2020\/03\/2019_kchj_procovni_pohar1.pdf\">2019_kchj_procovni_pohar1<\/a><\/p>\n<p><a href=\"https:\/\/jezevcik.zkyjova.cz\/subdom\/jezevcik\/wp-content\/uploads\/2020\/08\/IMG_5318.jpg\"><img loading=\"lazy\" decoding=\"async\" class=\"size-medium wp-image-851 aligncenter\" src=\"https:\/\/jezevcik.zkyjova.cz\/subdom\/jezevcik\/wp-content\/uploads\/2020\/08\/IMG_5318-300x231.jpg\" alt=\"\" width=\"300\" height=\"231\" srcset=\"https:\/\/jezevcik.zkyjova.cz\/subdom\/jezevcik\/wp-content\/uploads\/2020\/08\/IMG_5318-300x231.jpg 300w, https:\/\/jezevcik.zkyjova.cz\/subdom\/jezevcik\/wp-content\/uploads\/2020\/08\/IMG_5318-768x592.jpg 768w, https:\/\/jezevcik.zkyjova.cz\/subdom\/jezevcik\/wp-content\/uploads\/2020\/08\/IMG_5318-1024x789.jpg 1024w\" sizes=\"auto, (max-width: 300px) 100vw, 300px\" \/><\/a><\/p>\n<p><a href=\"https:\/\/jezevcik.zkyjova.cz\/subdom\/jezevcik\/wp-content\/uploads\/2019\/08\/IMG_20190628_153332-1.jpg\"><img loading=\"lazy\" decoding=\"async\" class=\"size-medium wp-image-385 aligncenter\" src=\"https:\/\/jezevcik.zkyjova.cz\/subdom\/jezevcik\/wp-content\/uploads\/2019\/08\/IMG_20190628_153332-1-300x300.jpg\" alt=\"\" width=\"300\" height=\"300\" srcset=\"https:\/\/jezevcik.zkyjova.cz\/subdom\/jezevcik\/wp-content\/uploads\/2019\/08\/IMG_20190628_153332-1-300x300.jpg 300w, https:\/\/jezevcik.zkyjova.cz\/subdom\/jezevcik\/wp-content\/uploads\/2019\/08\/IMG_20190628_153332-1-150x150.jpg 150w, https:\/\/jezevcik.zkyjova.cz\/subdom\/jezevcik\/wp-content\/uploads\/2019\/08\/IMG_20190628_153332-1-768x768.jpg 768w, https:\/\/jezevcik.zkyjova.cz\/subdom\/jezevcik\/wp-content\/uploads\/2019\/08\/IMG_20190628_153332-1-1024x1024.jpg 1024w, https:\/\/jezevcik.zkyjova.cz\/subdom\/jezevcik\/wp-content\/uploads\/2019\/08\/IMG_20190628_153332-1-55x55.jpg 55w\" sizes=\"auto, (max-width: 300px) 100vw, 300px\" \/><\/a><\/p>\n<h5 style=\"text-align: left;\"><a href=\"https:\/\/jezevcik.zkyjova.cz\/subdom\/jezevcik\/wp-content\/uploads\/2021\/06\/znak-01.png\"><img loading=\"lazy\" decoding=\"async\" class=\"wp-image-933 aligncenter\" src=\"https:\/\/jezevcik.zkyjova.cz\/subdom\/jezevcik\/wp-content\/uploads\/2021\/06\/znak-01.png\" alt=\"\" width=\"197\" height=\"117\" srcset=\"https:\/\/jezevcik.zkyjova.cz\/subdom\/jezevcik\/wp-content\/uploads\/2021\/06\/znak-01.png 2481w, https:\/\/jezevcik.zkyjova.cz\/subdom\/jezevcik\/wp-content\/uploads\/2021\/06\/znak-01-300x178.png 300w, https:\/\/jezevcik.zkyjova.cz\/subdom\/jezevcik\/wp-content\/uploads\/2021\/06\/znak-01-768x457.png 768w, https:\/\/jezevcik.zkyjova.cz\/subdom\/jezevcik\/wp-content\/uploads\/2021\/06\/znak-01-1024x609.png 1024w, https:\/\/jezevcik.zkyjova.cz\/subdom\/jezevcik\/wp-content\/uploads\/2021\/06\/znak-01-2000x1200.png 2000w\" sizes=\"auto, (max-width: 197px) 100vw, 197px\" \/><\/a><\/h5>\n","protected":false},"excerpt":{"rendered":"<p>Lo\u0148sk\u00fd rok byl pro m\u011b, jako chovatelku, v\u016fdkyni a majitelku jezev\u010d\u00edk\u016f zlomov\u00fd v \u0159ad\u011b v\u011bc\u00ed. Tou nejz\u00e1sadn\u011bj\u0161\u00ed byla hned troj\u00ed premi\u00e9ra m\u011b jako v\u016fdkyn\u011b na zkou\u0161k\u00e1ch loveck\u00fdch ps\u016f. Absolvovaly jsme s Karou barv\u00e1\u0159sk\u00e9 zkou\u0161ky, lesn\u00ed zkou\u0161ky i zkou\u0161ky vlohy. A jeliko\u017e to bylo moje osobn\u00ed v\u00edt\u011bzstv\u00ed, zaslala jsem v\u00fdsledky do Pracovn\u00edho poh\u00e1ru jezev\u010d\u00edk\u016f KCHJ 2019. &hellip; <\/p>\n<p class=\"link-more\"><a href=\"https:\/\/jezevcik.zkyjova.cz\/subdom\/jezevcik\/pracovni-pohar\/\" class=\"more-link\">Pokra\u010dovat ve \u010dten\u00ed<span class=\"screen-reader-text\"> &#8222;3. m\u00edsto v Pracovn\u00edm poh\u00e1ru KCHJ 2019&#8220;<\/span><\/a><\/p>\n","protected":false},"author":2,"featured_media":0,"parent":0,"menu_order":0,"comment_status":"closed","ping_status":"closed","template":"","meta":{"footnotes":""},"class_list":["post-543","page","type-page","status-publish","hentry"],"_links":{"self":[{"href":"https:\/\/jezevcik.zkyjova.cz\/subdom\/jezevcik\/wp-json\/wp\/v2\/pages\/543","targetHints":{"allow":["GET"]}}],"collection":[{"href":"https:\/\/jezevcik.zkyjova.cz\/subdom\/jezevcik\/wp-json\/wp\/v2\/pages"}],"about":[{"href":"https:\/\/jezevcik.zkyjova.cz\/subdom\/jezevcik\/wp-json\/wp\/v2\/types\/page"}],"author":[{"embeddable":true,"href":"https:\/\/jezevcik.zkyjova.cz\/subdom\/jezevcik\/wp-json\/wp\/v2\/users\/2"}],"replies":[{"embeddable":true,"href":"https:\/\/jezevcik.zkyjova.cz\/subdom\/jezevcik\/wp-json\/wp\/v2\/comments?post=543"}],"version-history":[{"count":8,"href":"https:\/\/jezevcik.zkyjova.cz\/subdom\/jezevcik\/wp-json\/wp\/v2\/pages\/543\/revisions"}],"predecessor-version":[{"id":935,"href":"https:\/\/jezevcik.zkyjova.cz\/subdom\/jezevcik\/wp-json\/wp\/v2\/pages\/543\/revisions\/935"}],"wp:attachment":[{"href":"https:\/\/jezevcik.zkyjova.cz\/subdom\/jezevcik\/wp-json\/wp\/v2\/media?parent=543"}],"curies":[{"name":"wp","href":"https:\/\/api.w.org\/{rel}","templated":true}]}}