{"id":569,"date":"2020-03-06T14:40:19","date_gmt":"2020-03-06T14:40:19","guid":{"rendered":"http:\/\/jezevcik.zkyjova.cz\/subdom\/jezevcik\/?page_id=569"},"modified":"2022-02-18T16:41:47","modified_gmt":"2022-02-18T16:41:47","slug":"zkousky-vloh","status":"publish","type":"page","link":"https:\/\/jezevcik.zkyjova.cz\/subdom\/jezevcik\/zkousky-vloh\/","title":{"rendered":"Zkou\u0161ky vloh"},"content":{"rendered":"<h2><strong>Zkou\u0161ky vloh, OMS Znojmo, Horn\u00ed Dub\u0148any 19. 10. 2019<\/strong><br \/>\n<strong>III. cena\/ 146 bod\u016f<\/strong><\/h2>\n<p>&nbsp;<\/p>\n<h3 style=\"text-align: center;\">Za dne\u0161n\u00edho typick\u00fd podzimn\u011b po\u0161mourn\u00e9ho dne jsme \u00fasp\u011b\u0161n\u011b vykonaly zkou\u0161ky vloh.\u00a0 A\u010d by se t\u0159et\u00ed cenou mohl b\u00fdt sout\u011b\u017eiv\u00fd v\u016fdce nespokojen, u n\u00e1s je to p\u0159esn\u011b naopak a spokojenost je velk\u00e1.<br \/>\nP\u0159esv\u011bd\u010dila jsem se, \u017ee to moje mal\u00e9 zv\u00ed\u0159e si m\u011b hl\u00edd\u00e1 a p\u0159esn\u011b v\u00ed, kde m\u011b m\u00e1, i kdy\u017e j\u00e1 nem\u00e1m tu\u0161en\u00ed, kde je ona. Pravda, hlasitost na stop\u011b a st<span class=\"text_exposed_show\">opa samotn\u00e1 (u n\u00e1s jenom na vid\u011bnou) v dne\u0161n\u00edch podm\u00ednk\u00e1ch nebyla \u00fapln\u011b nejlep\u0161\u00ed (odtud zn\u00e1mka 1 a 2 a III. cena), ale v\u0161echny ostatn\u00ed discipl\u00edny byly mnohem lep\u0161\u00ed (vlastn\u011b nejlep\u0161\u00ed tedy za 4) a nejlep\u0161\u00ed vod\u011bn\u00ed z cel\u00e9 skupiny&#8230; <\/span><\/h3>\n<h3 style=\"text-align: center;\"><span class=\"text_exposed_show\">Nejmen\u0161\u00ed a nejlep\u0161\u00ed pochv\u00e1lena p\u0159ed celou nastoupenou jednotkou.\u00a0<span class=\"_5mfr\"><span class=\"_6qdm\">\ud83d\udc3e<\/span><\/span><\/span><\/h3>\n<h3 style=\"text-align: center;\"><span class=\"text_exposed_show\">Jsem hrd\u00e1. Spole\u010dn\u011b jsme to dok\u00e1zaly, a to je prost\u011b nejv\u00edc.\u00a0<span class=\"_5mfr\"><span class=\"_6qdm\">\u2665\ufe0f<\/span><\/span><br \/>\n<\/span><a href=\"https:\/\/jezevcik.zkyjova.cz\/subdom\/jezevcik\/wp-content\/uploads\/2021\/06\/znak-01.png\"><img loading=\"lazy\" decoding=\"async\" class=\"wp-image-933 aligncenter\" src=\"https:\/\/jezevcik.zkyjova.cz\/subdom\/jezevcik\/wp-content\/uploads\/2021\/06\/znak-01.png\" alt=\"\" width=\"201\" height=\"121\" srcset=\"https:\/\/jezevcik.zkyjova.cz\/subdom\/jezevcik\/wp-content\/uploads\/2021\/06\/znak-01.png 2481w, https:\/\/jezevcik.zkyjova.cz\/subdom\/jezevcik\/wp-content\/uploads\/2021\/06\/znak-01-768x457.png 768w, https:\/\/jezevcik.zkyjova.cz\/subdom\/jezevcik\/wp-content\/uploads\/2021\/06\/znak-01-1024x609.png 1024w, https:\/\/jezevcik.zkyjova.cz\/subdom\/jezevcik\/wp-content\/uploads\/2021\/06\/znak-01-2000x1200.png 2000w\" sizes=\"auto, (max-width: 201px) 100vw, 201px\" \/><\/a><\/h3>\n<p><a href=\"https:\/\/jezevcik.zkyjova.cz\/subdom\/jezevcik\/wp-content\/uploads\/2019\/12\/received_3154400234601814_2.jpeg\"><img loading=\"lazy\" decoding=\"async\" class=\"size-large wp-image-467 aligncenter\" src=\"https:\/\/jezevcik.zkyjova.cz\/subdom\/jezevcik\/wp-content\/uploads\/2019\/12\/received_3154400234601814_2-572x1024.jpeg\" alt=\"\" width=\"572\" height=\"1024\" srcset=\"https:\/\/jezevcik.zkyjova.cz\/subdom\/jezevcik\/wp-content\/uploads\/2019\/12\/received_3154400234601814_2-572x1024.jpeg 572w, https:\/\/jezevcik.zkyjova.cz\/subdom\/jezevcik\/wp-content\/uploads\/2019\/12\/received_3154400234601814_2-167x300.jpeg 167w, https:\/\/jezevcik.zkyjova.cz\/subdom\/jezevcik\/wp-content\/uploads\/2019\/12\/received_3154400234601814_2-768x1376.jpeg 768w, https:\/\/jezevcik.zkyjova.cz\/subdom\/jezevcik\/wp-content\/uploads\/2019\/12\/received_3154400234601814_2-31x55.jpeg 31w, https:\/\/jezevcik.zkyjova.cz\/subdom\/jezevcik\/wp-content\/uploads\/2019\/12\/received_3154400234601814_2.jpeg 864w\" sizes=\"auto, (max-width: 572px) 100vw, 572px\" \/><\/a> <a href=\"https:\/\/jezevcik.zkyjova.cz\/subdom\/jezevcik\/wp-content\/uploads\/2019\/12\/received_405893913363608.jpeg\"><img loading=\"lazy\" decoding=\"async\" class=\"wp-image-466 aligncenter\" src=\"https:\/\/jezevcik.zkyjova.cz\/subdom\/jezevcik\/wp-content\/uploads\/2019\/12\/received_405893913363608-572x1024.jpeg\" alt=\"\" width=\"572\" height=\"1022\" \/><\/a><\/p>\n<p><a href=\"https:\/\/jezevcik.zkyjova.cz\/subdom\/jezevcik\/wp-content\/uploads\/2020\/03\/IMG_20191019_1256062.jpg\"><img loading=\"lazy\" decoding=\"async\" class=\"wp-image-570 aligncenter\" src=\"https:\/\/jezevcik.zkyjova.cz\/subdom\/jezevcik\/wp-content\/uploads\/2020\/03\/IMG_20191019_1256062-768x1024.jpg\" alt=\"\" width=\"577\" height=\"770\" srcset=\"https:\/\/jezevcik.zkyjova.cz\/subdom\/jezevcik\/wp-content\/uploads\/2020\/03\/IMG_20191019_1256062-768x1024.jpg 768w, https:\/\/jezevcik.zkyjova.cz\/subdom\/jezevcik\/wp-content\/uploads\/2020\/03\/IMG_20191019_1256062-225x300.jpg 225w\" sizes=\"auto, (max-width: 577px) 100vw, 577px\" \/> <\/a><a href=\"https:\/\/jezevcik.zkyjova.cz\/subdom\/jezevcik\/wp-content\/uploads\/2020\/03\/ZV_Horn\u00ed_Dub\u0148any_2019_Soudcovsk\u00e1-tabulka.jpg.jpeg\"><img loading=\"lazy\" decoding=\"async\" class=\"wp-image-571 aligncenter\" src=\"https:\/\/jezevcik.zkyjova.cz\/subdom\/jezevcik\/wp-content\/uploads\/2020\/03\/ZV_Horn\u00ed_Dub\u0148any_2019_Soudcovsk\u00e1-tabulka.jpg-e1583505564365-724x1024.jpeg\" alt=\"\" width=\"566\" height=\"801\" srcset=\"https:\/\/jezevcik.zkyjova.cz\/subdom\/jezevcik\/wp-content\/uploads\/2020\/03\/ZV_Horn\u00ed_Dub\u0148any_2019_Soudcovsk\u00e1-tabulka.jpg-e1583505564365-724x1024.jpeg 724w, https:\/\/jezevcik.zkyjova.cz\/subdom\/jezevcik\/wp-content\/uploads\/2020\/03\/ZV_Horn\u00ed_Dub\u0148any_2019_Soudcovsk\u00e1-tabulka.jpg-e1583505564365-212x300.jpeg 212w, https:\/\/jezevcik.zkyjova.cz\/subdom\/jezevcik\/wp-content\/uploads\/2020\/03\/ZV_Horn\u00ed_Dub\u0148any_2019_Soudcovsk\u00e1-tabulka.jpg-e1583505564365-768x1086.jpeg 768w\" sizes=\"auto, (max-width: 566px) 100vw, 566px\" \/><\/a><\/p>\n<p>&nbsp;<\/p>\n","protected":false},"excerpt":{"rendered":"<p>Zkou\u0161ky vloh, OMS Znojmo, Horn\u00ed Dub\u0148any 19. 10. 2019 III. cena\/ 146 bod\u016f &nbsp; Za dne\u0161n\u00edho typick\u00fd podzimn\u011b po\u0161mourn\u00e9ho dne jsme \u00fasp\u011b\u0161n\u011b vykonaly zkou\u0161ky vloh.\u00a0 A\u010d by se t\u0159et\u00ed cenou mohl b\u00fdt sout\u011b\u017eiv\u00fd v\u016fdce nespokojen, u n\u00e1s je to p\u0159esn\u011b naopak a spokojenost je velk\u00e1. P\u0159esv\u011bd\u010dila jsem se, \u017ee to moje mal\u00e9 zv\u00ed\u0159e si m\u011b &hellip; <\/p>\n<p class=\"link-more\"><a href=\"https:\/\/jezevcik.zkyjova.cz\/subdom\/jezevcik\/zkousky-vloh\/\" class=\"more-link\">Pokra\u010dovat ve \u010dten\u00ed<span class=\"screen-reader-text\"> &#8222;Zkou\u0161ky vloh&#8220;<\/span><\/a><\/p>\n","protected":false},"author":2,"featured_media":0,"parent":0,"menu_order":0,"comment_status":"closed","ping_status":"closed","template":"","meta":{"footnotes":""},"class_list":["post-569","page","type-page","status-publish","hentry"],"_links":{"self":[{"href":"https:\/\/jezevcik.zkyjova.cz\/subdom\/jezevcik\/wp-json\/wp\/v2\/pages\/569","targetHints":{"allow":["GET"]}}],"collection":[{"href":"https:\/\/jezevcik.zkyjova.cz\/subdom\/jezevcik\/wp-json\/wp\/v2\/pages"}],"about":[{"href":"https:\/\/jezevcik.zkyjova.cz\/subdom\/jezevcik\/wp-json\/wp\/v2\/types\/page"}],"author":[{"embeddable":true,"href":"https:\/\/jezevcik.zkyjova.cz\/subdom\/jezevcik\/wp-json\/wp\/v2\/users\/2"}],"replies":[{"embeddable":true,"href":"https:\/\/jezevcik.zkyjova.cz\/subdom\/jezevcik\/wp-json\/wp\/v2\/comments?post=569"}],"version-history":[{"count":10,"href":"https:\/\/jezevcik.zkyjova.cz\/subdom\/jezevcik\/wp-json\/wp\/v2\/pages\/569\/revisions"}],"predecessor-version":[{"id":1132,"href":"https:\/\/jezevcik.zkyjova.cz\/subdom\/jezevcik\/wp-json\/wp\/v2\/pages\/569\/revisions\/1132"}],"wp:attachment":[{"href":"https:\/\/jezevcik.zkyjova.cz\/subdom\/jezevcik\/wp-json\/wp\/v2\/media?parent=569"}],"curies":[{"name":"wp","href":"https:\/\/api.w.org\/{rel}","templated":true}]}}