{"id":58,"date":"2017-04-02T07:35:26","date_gmt":"2017-04-02T07:35:26","guid":{"rendered":"http:\/\/jezevcik.zkyjova.cz\/subdom\/jezevcik\/?page_id=58"},"modified":"2024-03-09T10:25:45","modified_gmt":"2024-03-09T10:25:45","slug":"o-me","status":"publish","type":"page","link":"https:\/\/jezevcik.zkyjova.cz\/subdom\/jezevcik\/o-me\/","title":{"rendered":"O mn\u011b"},"content":{"rendered":"<h3 style=\"text-align: center;\">Jsem chovatelka miniaturn\u00edch jezev\u010d\u00edk\u016f z ji\u017en\u00ed Moravy.<\/h3>\n<h3 style=\"text-align: center;\">Od d\u011btstv\u00ed\u00a0 m\u00e1m v\u0159el\u00fd vztah k p\u0159\u00edrod\u011b, kterou respektuji, k folkl\u00f3rn\u00edm i mysliveck\u00fdm tradic\u00edm, kter\u00e9 ct\u00edm \u00a0a ke zv\u00ed\u0159at\u016fm, kter\u00e1 miluju.\u2665<\/h3>\n<h3 style=\"text-align: center;\">V na\u0161\u00ed chovatelsk\u00e9 stanici m\u00e1me moment\u00e1ln\u011b 3 miniaturn\u00ed jezev\u010d\u00edky.<\/h3>\n<h3 style=\"text-align: center;\">\u2665 Drsnosrst\u00e9ho trpasli\u010d\u00edho jezev\u010d\u00edka <a href=\"https:\/\/jezevcik.zkyjova.cz\/subdom\/jezevcik\/marley-rosmery\/\">Marleyho<\/a><\/h3>\n<h3 style=\"text-align: center;\">\u2665 Drnosrstou kr\u00e1li\u010d\u00ed jezev\u010dici <a href=\"https:\/\/jezevcik.zkyjova.cz\/subdom\/jezevcik\/cellest-yahaanel\/\">Karu<\/a><\/h3>\n<h3 style=\"text-align: center;\">\u2665\u00a0 Drsnosrstou kr\u00e1li\u010d\u00ed jezev\u010dici <a href=\"https:\/\/jezevcik.zkyjova.cz\/subdom\/jezevcik\/anabell-maryacell-bella-2\/\">Bellu<\/a> z vrhu &#8218;A&#8216;<\/h3>\n<p><a href=\"https:\/\/jezevcik.zkyjova.cz\/subdom\/jezevcik\/wp-content\/uploads\/2022\/07\/web4.jpg\"><img loading=\"lazy\" decoding=\"async\" class=\"alignnone size-full wp-image-1474\" src=\"https:\/\/jezevcik.zkyjova.cz\/subdom\/jezevcik\/wp-content\/uploads\/2022\/07\/web4.jpg\" alt=\"\" width=\"2048\" height=\"1365\" srcset=\"https:\/\/jezevcik.zkyjova.cz\/subdom\/jezevcik\/wp-content\/uploads\/2022\/07\/web4.jpg 2048w, https:\/\/jezevcik.zkyjova.cz\/subdom\/jezevcik\/wp-content\/uploads\/2022\/07\/web4-300x200.jpg 300w, https:\/\/jezevcik.zkyjova.cz\/subdom\/jezevcik\/wp-content\/uploads\/2022\/07\/web4-1024x683.jpg 1024w, https:\/\/jezevcik.zkyjova.cz\/subdom\/jezevcik\/wp-content\/uploads\/2022\/07\/web4-768x512.jpg 768w, https:\/\/jezevcik.zkyjova.cz\/subdom\/jezevcik\/wp-content\/uploads\/2022\/07\/web4-1536x1024.jpg 1536w\" sizes=\"auto, (max-width: 706px) 89vw, (max-width: 767px) 82vw, 740px\" \/><\/a> <a href=\"https:\/\/jezevcik.zkyjova.cz\/subdom\/jezevcik\/wp-content\/uploads\/2022\/07\/web7.jpg\"><img loading=\"lazy\" decoding=\"async\" class=\"alignnone size-full wp-image-1476\" src=\"https:\/\/jezevcik.zkyjova.cz\/subdom\/jezevcik\/wp-content\/uploads\/2022\/07\/web7.jpg\" alt=\"\" width=\"2048\" height=\"1365\" srcset=\"https:\/\/jezevcik.zkyjova.cz\/subdom\/jezevcik\/wp-content\/uploads\/2022\/07\/web7.jpg 2048w, https:\/\/jezevcik.zkyjova.cz\/subdom\/jezevcik\/wp-content\/uploads\/2022\/07\/web7-300x200.jpg 300w, https:\/\/jezevcik.zkyjova.cz\/subdom\/jezevcik\/wp-content\/uploads\/2022\/07\/web7-1024x683.jpg 1024w, https:\/\/jezevcik.zkyjova.cz\/subdom\/jezevcik\/wp-content\/uploads\/2022\/07\/web7-768x512.jpg 768w, https:\/\/jezevcik.zkyjova.cz\/subdom\/jezevcik\/wp-content\/uploads\/2022\/07\/web7-1536x1024.jpg 1536w\" sizes=\"auto, (max-width: 706px) 89vw, (max-width: 767px) 82vw, 740px\" \/><\/a><\/p>\n<p><a href=\"https:\/\/jezevcik.zkyjova.cz\/subdom\/jezevcik\/wp-content\/uploads\/2023\/03\/veru-web-5.jpg\"><img loading=\"lazy\" decoding=\"async\" class=\"alignnone size-full wp-image-1596\" src=\"https:\/\/jezevcik.zkyjova.cz\/subdom\/jezevcik\/wp-content\/uploads\/2023\/03\/veru-web-5.jpg\" alt=\"\" width=\"2048\" height=\"1365\" srcset=\"https:\/\/jezevcik.zkyjova.cz\/subdom\/jezevcik\/wp-content\/uploads\/2023\/03\/veru-web-5.jpg 2048w, https:\/\/jezevcik.zkyjova.cz\/subdom\/jezevcik\/wp-content\/uploads\/2023\/03\/veru-web-5-300x200.jpg 300w, https:\/\/jezevcik.zkyjova.cz\/subdom\/jezevcik\/wp-content\/uploads\/2023\/03\/veru-web-5-1024x683.jpg 1024w, https:\/\/jezevcik.zkyjova.cz\/subdom\/jezevcik\/wp-content\/uploads\/2023\/03\/veru-web-5-768x512.jpg 768w, https:\/\/jezevcik.zkyjova.cz\/subdom\/jezevcik\/wp-content\/uploads\/2023\/03\/veru-web-5-1536x1024.jpg 1536w\" sizes=\"auto, (max-width: 706px) 89vw, (max-width: 767px) 82vw, 740px\" \/><\/a><a href=\"https:\/\/jezevcik.zkyjova.cz\/subdom\/jezevcik\/wp-content\/uploads\/2021\/06\/znak-01.png\"><img loading=\"lazy\" decoding=\"async\" class=\"wp-image-933 aligncenter\" src=\"https:\/\/jezevcik.zkyjova.cz\/subdom\/jezevcik\/wp-content\/uploads\/2021\/06\/znak-01.png\" alt=\"\" width=\"201\" height=\"121\" srcset=\"https:\/\/jezevcik.zkyjova.cz\/subdom\/jezevcik\/wp-content\/uploads\/2021\/06\/znak-01.png 2481w, https:\/\/jezevcik.zkyjova.cz\/subdom\/jezevcik\/wp-content\/uploads\/2021\/06\/znak-01-768x457.png 768w, https:\/\/jezevcik.zkyjova.cz\/subdom\/jezevcik\/wp-content\/uploads\/2021\/06\/znak-01-1024x609.png 1024w, https:\/\/jezevcik.zkyjova.cz\/subdom\/jezevcik\/wp-content\/uploads\/2021\/06\/znak-01-2000x1200.png 2000w\" sizes=\"auto, (max-width: 201px) 100vw, 201px\" \/><\/a><\/p>\n<h4 style=\"text-align: center;\">KONTAKT<\/h4>\n<h3 style=\"text-align: center;\">Ing. Veronika \u0160ime\u010dkov\u00e1<\/h3>\n<h3 style=\"text-align: center;\">Kyjov\/ Hodon\u00edn<\/h3>\n<h3 style=\"text-align: center;\">vsimeckova@gmail.com<\/h3>\n<p><a href=\"https:\/\/www.instagram.com\/_maryacell_\/\" target=\"_blank\" rel=\"noopener\"><img loading=\"lazy\" decoding=\"async\" class=\"wp-image-1786 aligncenter\" src=\"https:\/\/jezevcik.zkyjova.cz\/subdom\/jezevcik\/wp-content\/uploads\/2024\/03\/\u2014Pngtree\u2014instagram-icon-logo-instagram-logo_3560504.png\" alt=\"\" width=\"41\" height=\"41\" srcset=\"https:\/\/jezevcik.zkyjova.cz\/subdom\/jezevcik\/wp-content\/uploads\/2024\/03\/\u2014Pngtree\u2014instagram-icon-logo-instagram-logo_3560504.png 800w, https:\/\/jezevcik.zkyjova.cz\/subdom\/jezevcik\/wp-content\/uploads\/2024\/03\/\u2014Pngtree\u2014instagram-icon-logo-instagram-logo_3560504-300x300.png 300w, https:\/\/jezevcik.zkyjova.cz\/subdom\/jezevcik\/wp-content\/uploads\/2024\/03\/\u2014Pngtree\u2014instagram-icon-logo-instagram-logo_3560504-150x150.png 150w, https:\/\/jezevcik.zkyjova.cz\/subdom\/jezevcik\/wp-content\/uploads\/2024\/03\/\u2014Pngtree\u2014instagram-icon-logo-instagram-logo_3560504-768x768.png 768w, https:\/\/jezevcik.zkyjova.cz\/subdom\/jezevcik\/wp-content\/uploads\/2024\/03\/\u2014Pngtree\u2014instagram-icon-logo-instagram-logo_3560504-100x100.png 100w\" sizes=\"auto, (max-width: 41px) 100vw, 41px\" \/><\/a><\/p>\n<p><a href=\"https:\/\/jezevcik.zkyjova.cz\/subdom\/jezevcik\/wp-content\/uploads\/2022\/07\/web5.jpg\"><img loading=\"lazy\" decoding=\"async\" class=\"alignnone size-full wp-image-1475\" src=\"https:\/\/jezevcik.zkyjova.cz\/subdom\/jezevcik\/wp-content\/uploads\/2022\/07\/web5.jpg\" alt=\"\" width=\"2048\" height=\"1365\" srcset=\"https:\/\/jezevcik.zkyjova.cz\/subdom\/jezevcik\/wp-content\/uploads\/2022\/07\/web5.jpg 2048w, https:\/\/jezevcik.zkyjova.cz\/subdom\/jezevcik\/wp-content\/uploads\/2022\/07\/web5-300x200.jpg 300w, https:\/\/jezevcik.zkyjova.cz\/subdom\/jezevcik\/wp-content\/uploads\/2022\/07\/web5-1024x683.jpg 1024w, https:\/\/jezevcik.zkyjova.cz\/subdom\/jezevcik\/wp-content\/uploads\/2022\/07\/web5-768x512.jpg 768w, https:\/\/jezevcik.zkyjova.cz\/subdom\/jezevcik\/wp-content\/uploads\/2022\/07\/web5-1536x1024.jpg 1536w\" sizes=\"auto, (max-width: 706px) 89vw, (max-width: 767px) 82vw, 740px\" \/><\/a><\/p>\n","protected":false},"excerpt":{"rendered":"<p>Jsem chovatelka miniaturn\u00edch jezev\u010d\u00edk\u016f z ji\u017en\u00ed Moravy. Od d\u011btstv\u00ed\u00a0 m\u00e1m v\u0159el\u00fd vztah k p\u0159\u00edrod\u011b, kterou respektuji, k folkl\u00f3rn\u00edm i mysliveck\u00fdm tradic\u00edm, kter\u00e9 ct\u00edm \u00a0a ke zv\u00ed\u0159at\u016fm, kter\u00e1 miluju.\u2665 V na\u0161\u00ed chovatelsk\u00e9 stanici m\u00e1me moment\u00e1ln\u011b 3 miniaturn\u00ed jezev\u010d\u00edky. \u2665 Drsnosrst\u00e9ho trpasli\u010d\u00edho jezev\u010d\u00edka Marleyho \u2665 Drnosrstou kr\u00e1li\u010d\u00ed jezev\u010dici Karu \u2665\u00a0 Drsnosrstou kr\u00e1li\u010d\u00ed jezev\u010dici Bellu z vrhu &#8218;A&#8216; &hellip; <\/p>\n<p class=\"link-more\"><a href=\"https:\/\/jezevcik.zkyjova.cz\/subdom\/jezevcik\/o-me\/\" class=\"more-link\">Pokra\u010dovat ve \u010dten\u00ed<span class=\"screen-reader-text\"> &#8222;O mn\u011b&#8220;<\/span><\/a><\/p>\n","protected":false},"author":2,"featured_media":0,"parent":0,"menu_order":1,"comment_status":"open","ping_status":"open","template":"","meta":{"footnotes":""},"class_list":["post-58","page","type-page","status-publish","hentry"],"_links":{"self":[{"href":"https:\/\/jezevcik.zkyjova.cz\/subdom\/jezevcik\/wp-json\/wp\/v2\/pages\/58","targetHints":{"allow":["GET"]}}],"collection":[{"href":"https:\/\/jezevcik.zkyjova.cz\/subdom\/jezevcik\/wp-json\/wp\/v2\/pages"}],"about":[{"href":"https:\/\/jezevcik.zkyjova.cz\/subdom\/jezevcik\/wp-json\/wp\/v2\/types\/page"}],"author":[{"embeddable":true,"href":"https:\/\/jezevcik.zkyjova.cz\/subdom\/jezevcik\/wp-json\/wp\/v2\/users\/2"}],"replies":[{"embeddable":true,"href":"https:\/\/jezevcik.zkyjova.cz\/subdom\/jezevcik\/wp-json\/wp\/v2\/comments?post=58"}],"version-history":[{"count":39,"href":"https:\/\/jezevcik.zkyjova.cz\/subdom\/jezevcik\/wp-json\/wp\/v2\/pages\/58\/revisions"}],"predecessor-version":[{"id":1610,"href":"https:\/\/jezevcik.zkyjova.cz\/subdom\/jezevcik\/wp-json\/wp\/v2\/pages\/58\/revisions\/1610"}],"wp:attachment":[{"href":"https:\/\/jezevcik.zkyjova.cz\/subdom\/jezevcik\/wp-json\/wp\/v2\/media?parent=58"}],"curies":[{"name":"wp","href":"https:\/\/api.w.org\/{rel}","templated":true}]}}