{"id":828,"date":"2020-07-12T14:00:11","date_gmt":"2020-07-12T14:00:11","guid":{"rendered":"http:\/\/jezevcik.zkyjova.cz\/subdom\/jezevcik\/?page_id=828"},"modified":"2024-03-22T18:10:10","modified_gmt":"2024-03-22T18:10:10","slug":"a-prubeh-brezosti","status":"publish","type":"page","link":"https:\/\/jezevcik.zkyjova.cz\/subdom\/jezevcik\/a-prubeh-brezosti\/","title":{"rendered":"&#8222;A&#8220; &#8211; Pr\u016fb\u011bh b\u0159ezosti"},"content":{"rendered":"<h3 style=\"text-align: center;\"><a href=\"https:\/\/jezevcik.zkyjova.cz\/subdom\/jezevcik\/wp-content\/uploads\/2020\/03\/2potvrzenos\u030cimec\u030ckova\u0301.jpg\"><img loading=\"lazy\" decoding=\"async\" class=\"alignnone wp-image-550\" src=\"https:\/\/jezevcik.zkyjova.cz\/subdom\/jezevcik\/wp-content\/uploads\/2020\/03\/2potvrzenos\u030cimec\u030ckova\u0301-1024x717.jpg\" alt=\"\" width=\"596\" height=\"418\" srcset=\"https:\/\/jezevcik.zkyjova.cz\/subdom\/jezevcik\/wp-content\/uploads\/2020\/03\/2potvrzenos\u030cimec\u030ckova\u0301-1024x717.jpg 1024w, https:\/\/jezevcik.zkyjova.cz\/subdom\/jezevcik\/wp-content\/uploads\/2020\/03\/2potvrzenos\u030cimec\u030ckova\u0301-300x210.jpg 300w, https:\/\/jezevcik.zkyjova.cz\/subdom\/jezevcik\/wp-content\/uploads\/2020\/03\/2potvrzenos\u030cimec\u030ckova\u0301-768x538.jpg 768w\" sizes=\"auto, (max-width: 596px) 100vw, 596px\" \/><\/a><\/h3>\n<h3><span style=\"color: #ff6600;\"><strong>22. kv\u011btna <\/strong><strong>2020<\/strong><\/span><\/h3>\n<p style=\"text-align: center;\"><span style=\"color: #ff6600;\">\u2661\u00a0<\/span> 61.den a rod\u00edme&#8230;\u00a0 <span style=\"color: #ff6600;\">\u2661<\/span><\/p>\n<h3><span style=\"color: #ff6600;\"><strong>18. kv\u011btna <\/strong><strong>2020<\/strong><\/span><\/h3>\n<p style=\"text-align: center;\"><span style=\"color: #ff6600;\">\u2661 <\/span><span style=\"font-size: 1rem;\">57. den\u00a0 a j<\/span><span style=\"font-size: 1rem;\">deme do fin\u00e1le. <\/span><span style=\"color: #ff6600;\">\u2661<\/span><a href=\"https:\/\/jezevcik.zkyjova.cz\/subdom\/jezevcik\/wp-content\/uploads\/2020\/05\/57.den_.jpg\"><img loading=\"lazy\" decoding=\"async\" class=\" wp-image-664 aligncenter\" src=\"https:\/\/jezevcik.zkyjova.cz\/subdom\/jezevcik\/wp-content\/uploads\/2020\/05\/57.den_-1024x617.jpg\" alt=\"\" width=\"468\" height=\"282\" srcset=\"https:\/\/jezevcik.zkyjova.cz\/subdom\/jezevcik\/wp-content\/uploads\/2020\/05\/57.den_-1024x617.jpg 1024w, https:\/\/jezevcik.zkyjova.cz\/subdom\/jezevcik\/wp-content\/uploads\/2020\/05\/57.den_-300x181.jpg 300w, https:\/\/jezevcik.zkyjova.cz\/subdom\/jezevcik\/wp-content\/uploads\/2020\/05\/57.den_-768x462.jpg 768w, https:\/\/jezevcik.zkyjova.cz\/subdom\/jezevcik\/wp-content\/uploads\/2020\/05\/57.den_-2000x1200.jpg 2000w\" sizes=\"auto, (max-width: 468px) 100vw, 468px\" \/><\/a><\/p>\n<h3><span style=\"color: #ff6600;\"><strong>14. kv\u011btna <\/strong><strong>2020<\/strong><\/span><\/h3>\n<p style=\"text-align: center;\"><span style=\"color: #ff6600;\">\u2661<\/span> P\u0159edporodn\u00ed konzultace a instalace porodn\u00ed bedny. <span style=\"color: #ff6600;\">\u2661<\/span><a href=\"https:\/\/jezevcik.zkyjova.cz\/subdom\/jezevcik\/wp-content\/uploads\/2020\/05\/53.den_.jpg\"><img loading=\"lazy\" decoding=\"async\" class=\"wp-image-662 aligncenter\" src=\"https:\/\/jezevcik.zkyjova.cz\/subdom\/jezevcik\/wp-content\/uploads\/2020\/05\/53.den_-300x241.jpg\" alt=\"\" width=\"325\" height=\"261\" srcset=\"https:\/\/jezevcik.zkyjova.cz\/subdom\/jezevcik\/wp-content\/uploads\/2020\/05\/53.den_-300x241.jpg 300w, https:\/\/jezevcik.zkyjova.cz\/subdom\/jezevcik\/wp-content\/uploads\/2020\/05\/53.den_-768x616.jpg 768w, https:\/\/jezevcik.zkyjova.cz\/subdom\/jezevcik\/wp-content\/uploads\/2020\/05\/53.den_-1024x821.jpg 1024w\" sizes=\"auto, (max-width: 325px) 100vw, 325px\" \/><\/a><\/p>\n<h3><span style=\"color: #ff6600;\"><strong>9. kv\u011btna <\/strong><strong>2020<\/strong><\/span><\/h3>\n<p style=\"text-align: center;\"><span style=\"color: #ff6600;\">\u2661<\/span> 48.den b\u0159ezosti a jarn\u00ed \u00faprava srsti <span style=\"color: #ff6600;\">\u2661<\/span><\/p>\n<p><a href=\"https:\/\/jezevcik.zkyjova.cz\/subdom\/jezevcik\/wp-content\/uploads\/2020\/05\/48den-b\u0159ezosti.jpg\"><img loading=\"lazy\" decoding=\"async\" class=\" wp-image-659 aligncenter\" src=\"https:\/\/jezevcik.zkyjova.cz\/subdom\/jezevcik\/wp-content\/uploads\/2020\/05\/48den-b\u0159ezosti-1024x768.jpg\" alt=\"\" width=\"497\" height=\"373\" srcset=\"https:\/\/jezevcik.zkyjova.cz\/subdom\/jezevcik\/wp-content\/uploads\/2020\/05\/48den-b\u0159ezosti-1024x768.jpg 1024w, https:\/\/jezevcik.zkyjova.cz\/subdom\/jezevcik\/wp-content\/uploads\/2020\/05\/48den-b\u0159ezosti-300x225.jpg 300w, https:\/\/jezevcik.zkyjova.cz\/subdom\/jezevcik\/wp-content\/uploads\/2020\/05\/48den-b\u0159ezosti-768x576.jpg 768w\" sizes=\"auto, (max-width: 497px) 100vw, 497px\" \/><\/a><\/p>\n<h3><span style=\"color: #ff6600;\"><strong>2. kv\u011btna <\/strong><strong>2020<\/strong><\/span><\/h3>\n<p style=\"text-align: center;\"><span style=\"color: #ff6600;\">\u2661<\/span> 41.den b\u0159ezosti<span style=\"color: #ff6600;\">\u2661<\/span><\/p>\n<p><a href=\"https:\/\/jezevcik.zkyjova.cz\/subdom\/jezevcik\/wp-content\/uploads\/2020\/05\/IMG_20200502_113609.jpg\"><img loading=\"lazy\" decoding=\"async\" class=\"wp-image-656 aligncenter\" src=\"https:\/\/jezevcik.zkyjova.cz\/subdom\/jezevcik\/wp-content\/uploads\/2020\/05\/IMG_20200502_113609-1024x782.jpg\" alt=\"\" width=\"340\" height=\"259\" srcset=\"https:\/\/jezevcik.zkyjova.cz\/subdom\/jezevcik\/wp-content\/uploads\/2020\/05\/IMG_20200502_113609-1024x782.jpg 1024w, https:\/\/jezevcik.zkyjova.cz\/subdom\/jezevcik\/wp-content\/uploads\/2020\/05\/IMG_20200502_113609-300x229.jpg 300w, https:\/\/jezevcik.zkyjova.cz\/subdom\/jezevcik\/wp-content\/uploads\/2020\/05\/IMG_20200502_113609-768x587.jpg 768w\" sizes=\"auto, (max-width: 340px) 100vw, 340px\" \/>\u00a0 <\/a><a href=\"https:\/\/jezevcik.zkyjova.cz\/subdom\/jezevcik\/wp-content\/uploads\/2020\/05\/IMG_20200501_154154-1.jpg\"><img loading=\"lazy\" decoding=\"async\" class=\"wp-image-655 aligncenter\" src=\"https:\/\/jezevcik.zkyjova.cz\/subdom\/jezevcik\/wp-content\/uploads\/2020\/05\/IMG_20200501_154154-1-1024x576.jpg\" alt=\"\" width=\"388\" height=\"218\" srcset=\"https:\/\/jezevcik.zkyjova.cz\/subdom\/jezevcik\/wp-content\/uploads\/2020\/05\/IMG_20200501_154154-1-1024x576.jpg 1024w, https:\/\/jezevcik.zkyjova.cz\/subdom\/jezevcik\/wp-content\/uploads\/2020\/05\/IMG_20200501_154154-1-300x169.jpg 300w, https:\/\/jezevcik.zkyjova.cz\/subdom\/jezevcik\/wp-content\/uploads\/2020\/05\/IMG_20200501_154154-1-768x432.jpg 768w\" sizes=\"auto, (max-width: 388px) 100vw, 388px\" \/><\/a><\/p>\n<h3 style=\"text-align: left;\"><span style=\"color: #ff6600;\"><strong>27. <\/strong><b>dubna\u00a0<\/b><strong>2020<\/strong><\/span><\/h3>\n<p style=\"text-align: center;\"><span style=\"color: #ff6600;\">\u2661<\/span> Ps\u00ed miminko 36.den b\u0159ezosti<span style=\"color: #ff6600;\">\u2661<\/span><\/p>\n<p><a href=\"https:\/\/jezevcik.zkyjova.cz\/subdom\/jezevcik\/wp-content\/uploads\/2020\/05\/carramimi4-1.jpg\"><img loading=\"lazy\" decoding=\"async\" class=\"size-full wp-image-654 aligncenter\" src=\"https:\/\/jezevcik.zkyjova.cz\/subdom\/jezevcik\/wp-content\/uploads\/2020\/05\/carramimi4-1.jpg\" alt=\"\" width=\"228\" height=\"480\" srcset=\"https:\/\/jezevcik.zkyjova.cz\/subdom\/jezevcik\/wp-content\/uploads\/2020\/05\/carramimi4-1.jpg 228w, https:\/\/jezevcik.zkyjova.cz\/subdom\/jezevcik\/wp-content\/uploads\/2020\/05\/carramimi4-1-143x300.jpg 143w\" sizes=\"auto, (max-width: 228px) 100vw, 228px\" \/><\/a><\/p>\n<p>&nbsp;<\/p>\n<h3 style=\"text-align: left;\"><span style=\"color: #ff6600;\"><strong>20. <\/strong><b>dubna\u00a0<\/b><strong>2020<\/strong><\/span><\/h3>\n<p>&nbsp;<\/p>\n<p style=\"padding-left: 40px; text-align: center;\">Absolvovaly jsme sono vy\u0161et\u0159en\u00ed a m\u00e1me skv\u011blou zpr\u00e1vu!<\/p>\n<p style=\"padding-left: 40px; text-align: center;\"><span style=\"color: #ff6600;\">\u2661<\/span> B\u0158EZOST POTVRZENA<span style=\"color: #ff6600;\">\u2661<\/span><\/p>\n<p>&nbsp;<\/p>\n<h3 style=\"text-align: left;\"><span style=\"color: #ff6600;\"><strong>23. b\u0159ezna 2020<\/strong><\/span><\/h3>\n<p style=\"padding-left: 40px; text-align: center;\"><span style=\"color: #ff6600;\">\u2661<\/span> M\u00e1me nakryto! <span style=\"color: #ff6600;\">\u2661<\/span><\/p>\n<p style=\"padding-left: 40px; text-align: center;\">Pokud p\u016fjde v\u0161e tak, jak m\u00e1, o\u010dek\u00e1v\u00e1me <span style=\"color: #ff6600;\">narozen\u00ed<\/span> \u0161t\u011b\u0148\u00e1tek <span style=\"color: #ff6600;\">koncem kv\u011btna 2020<\/span>. \ud83d\ude42<\/p>\n<p style=\"padding-left: 40px; text-align: center;\">Jejich p\u0159edpokl\u00e1dan\u00fd <span style=\"color: #ff6600;\"><strong>odb\u011br<\/strong> <\/span>bude mo\u017en\u00fd <strong><span style=\"color: #993300;\"><span style=\"color: #ff6600;\">nejd\u0159\u00edve 7t\u00fddn\u016f po narozen\u00ed\u00a0 <\/span><\/span><\/strong><\/p>\n<p style=\"padding-left: 40px; text-align: center;\"><strong><span style=\"color: #993300;\"><span style=\"color: #ff6600;\">(p\u0159edpoklad je\u00a0 v<\/span> <\/span><span style=\"color: #ff6600;\">druh\u00e9 polovin\u011b<\/span><span style=\"color: #993300;\"> <span style=\"color: #ff6600;\">\u010dervence 2020) <\/span><\/span><\/strong><strong style=\"font-size: 1rem;\">\u263a\ufe0f<\/strong><\/p>\n<h3 style=\"text-align: left;\"><span style=\"color: #ff6600;\"><b>20. b\u0159ezna 2020 <\/b><\/span><\/h3>\n<p style=\"text-align: center; padding-left: 40px;\">Na progesteronu u na\u0161\u00ed pan\u00ed veterin\u00e1\u0159ky.<\/p>\n<p><a href=\"https:\/\/jezevcik.zkyjova.cz\/subdom\/jezevcik\/wp-content\/uploads\/2020\/04\/202_3_20_Progesteron.jpg\"><img loading=\"lazy\" decoding=\"async\" class=\"wp-image-635 aligncenter\" src=\"https:\/\/jezevcik.zkyjova.cz\/subdom\/jezevcik\/wp-content\/uploads\/2020\/04\/202_3_20_Progesteron.jpg\" alt=\"\" width=\"334\" height=\"445\" srcset=\"https:\/\/jezevcik.zkyjova.cz\/subdom\/jezevcik\/wp-content\/uploads\/2020\/04\/202_3_20_Progesteron.jpg 720w, https:\/\/jezevcik.zkyjova.cz\/subdom\/jezevcik\/wp-content\/uploads\/2020\/04\/202_3_20_Progesteron-225x300.jpg 225w\" sizes=\"auto, (max-width: 334px) 100vw, 334px\" \/><\/a><\/p>\n","protected":false},"excerpt":{"rendered":"<p>22. kv\u011btna 2020 \u2661\u00a0 61.den a rod\u00edme&#8230;\u00a0 \u2661 18. kv\u011btna 2020 \u2661 57. den\u00a0 a jdeme do fin\u00e1le. \u2661 14. kv\u011btna 2020 \u2661 P\u0159edporodn\u00ed konzultace a instalace porodn\u00ed bedny. \u2661 9. kv\u011btna 2020 \u2661 48.den b\u0159ezosti a jarn\u00ed \u00faprava srsti \u2661 2. kv\u011btna 2020 \u2661 41.den b\u0159ezosti\u2661 \u00a0 27. dubna\u00a02020 \u2661 Ps\u00ed miminko 36.den b\u0159ezosti\u2661 &hellip; <\/p>\n<p class=\"link-more\"><a href=\"https:\/\/jezevcik.zkyjova.cz\/subdom\/jezevcik\/a-prubeh-brezosti\/\" class=\"more-link\">Pokra\u010dovat ve \u010dten\u00ed<span class=\"screen-reader-text\"> &#8222;&#8222;A&#8220; &#8211; Pr\u016fb\u011bh b\u0159ezosti&#8220;<\/span><\/a><\/p>\n","protected":false},"author":2,"featured_media":0,"parent":0,"menu_order":0,"comment_status":"closed","ping_status":"closed","template":"","meta":{"footnotes":""},"class_list":["post-828","page","type-page","status-publish","hentry"],"_links":{"self":[{"href":"https:\/\/jezevcik.zkyjova.cz\/subdom\/jezevcik\/wp-json\/wp\/v2\/pages\/828","targetHints":{"allow":["GET"]}}],"collection":[{"href":"https:\/\/jezevcik.zkyjova.cz\/subdom\/jezevcik\/wp-json\/wp\/v2\/pages"}],"about":[{"href":"https:\/\/jezevcik.zkyjova.cz\/subdom\/jezevcik\/wp-json\/wp\/v2\/types\/page"}],"author":[{"embeddable":true,"href":"https:\/\/jezevcik.zkyjova.cz\/subdom\/jezevcik\/wp-json\/wp\/v2\/users\/2"}],"replies":[{"embeddable":true,"href":"https:\/\/jezevcik.zkyjova.cz\/subdom\/jezevcik\/wp-json\/wp\/v2\/comments?post=828"}],"version-history":[{"count":4,"href":"https:\/\/jezevcik.zkyjova.cz\/subdom\/jezevcik\/wp-json\/wp\/v2\/pages\/828\/revisions"}],"predecessor-version":[{"id":1813,"href":"https:\/\/jezevcik.zkyjova.cz\/subdom\/jezevcik\/wp-json\/wp\/v2\/pages\/828\/revisions\/1813"}],"wp:attachment":[{"href":"https:\/\/jezevcik.zkyjova.cz\/subdom\/jezevcik\/wp-json\/wp\/v2\/media?parent=828"}],"curies":[{"name":"wp","href":"https:\/\/api.w.org\/{rel}","templated":true}]}}